{"id":390493,"date":"2025-09-02T11:05:31","date_gmt":"2025-09-02T11:05:31","guid":{"rendered":"https:\/\/glotomania.com\/p\/perlas-de-azucar-nonpareils-funcakes-rojo-blanco-azul-80-g-2\/"},"modified":"2026-04-23T16:31:42","modified_gmt":"2026-04-23T16:31:42","slug":"perlas-de-azucar-nonpareils-funcakes-rojo-blanco-azul-80-g-2","status":"publish","type":"product","link":"https:\/\/glotomania.com\/pt-pt\/p\/perlas-de-azucar-nonpareils-funcakes-rojo-blanco-azul-80-g-2\/","title":{"rendered":"P\u00c9rolas De A\u00c7\u00dacar (nonpareils) Funcakes &#8211; Vermelho \/ Branco \/ Azul [80 G]."},"content":{"rendered":"","protected":false},"excerpt":{"rendered":"<p>Mistura de p\u00e9rolas de a\u00e7\u00facar comest\u00edveis Funcakes em branco, vermelho e azul. Perfeitas para qualquer ocasi\u00e3o.<\/p>\n","protected":false},"featured_media":156798,"comment_status":"open","ping_status":"closed","template":"","meta":{"_acf_changed":false},"pwb-brand":[],"product_brand":[],"product_cat":[1839,1840,2979,2982,1832,2907,2997,1901,1845,2996,1849,3001],"product_tag":[],"class_list":{"0":"post-390493","1":"product","2":"type-product","3":"status-publish","4":"has-post-thumbnail","6":"product_cat-decoracion-comestible","7":"product_cat-decoraciones-azucar-comestibles","8":"product_cat-decoracoes-comestiveis-2","9":"product_cat-decoracoes-de-acucar","10":"product_cat-diestas-especiales","11":"product_cat-festas","12":"product_cat-halal","13":"product_cat-dieta-halal","14":"product_cat-dieta-sin-e-171","15":"product_cat-produtos-vegetarianos","16":"product_cat-fiestas","17":"product_cat-sem-e-171-2","19":"first","20":"instock","21":"taxable","22":"shipping-taxable","23":"purchasable","24":"product-type-simple"},"acf":[],"df_price":2.55,"df_sale_price":"","df_regular_price":2.55,"df_image_link":"https:\/\/glotomania.com\/wp-content\/uploads\/2025\/09\/img_26636_0a60f7002f5923b431edd9c7aa3668a0_1-300x300.jpg","brands":[],"_links":{"self":[{"href":"https:\/\/glotomania.com\/pt-pt\/wp-json\/wp\/v2\/product\/390493","targetHints":{"allow":["GET"]}}],"collection":[{"href":"https:\/\/glotomania.com\/pt-pt\/wp-json\/wp\/v2\/product"}],"about":[{"href":"https:\/\/glotomania.com\/pt-pt\/wp-json\/wp\/v2\/types\/product"}],"replies":[{"embeddable":true,"href":"https:\/\/glotomania.com\/pt-pt\/wp-json\/wp\/v2\/comments?post=390493"}],"wp:featuredmedia":[{"embeddable":true,"href":"https:\/\/glotomania.com\/pt-pt\/wp-json\/wp\/v2\/media\/156798"}],"wp:attachment":[{"href":"https:\/\/glotomania.com\/pt-pt\/wp-json\/wp\/v2\/media?parent=390493"}],"wp:term":[{"taxonomy":"pwb-brand","embeddable":true,"href":"https:\/\/glotomania.com\/pt-pt\/wp-json\/wp\/v2\/pwb-brand?post=390493"},{"taxonomy":"product_brand","embeddable":true,"href":"https:\/\/glotomania.com\/pt-pt\/wp-json\/wp\/v2\/product_brand?post=390493"},{"taxonomy":"product_cat","embeddable":true,"href":"https:\/\/glotomania.com\/pt-pt\/wp-json\/wp\/v2\/product_cat?post=390493"},{"taxonomy":"product_tag","embeddable":true,"href":"https:\/\/glotomania.com\/pt-pt\/wp-json\/wp\/v2\/product_tag?post=390493"}],"curies":[{"name":"wp","href":"https:\/\/api.w.org\/{rel}","templated":true}]}}