{"id":390495,"date":"2025-09-02T11:05:33","date_gmt":"2025-09-02T11:05:33","guid":{"rendered":"https:\/\/glotomania.com\/p\/perlas-de-chocolate-crispy-pearls-funcakes-mix-155-g-2\/"},"modified":"2026-04-23T16:31:32","modified_gmt":"2026-04-23T16:31:32","slug":"perlas-de-chocolate-crispy-pearls-funcakes-mix-155-g-2","status":"publish","type":"product","link":"https:\/\/glotomania.com\/pt-pt\/p\/perlas-de-chocolate-crispy-pearls-funcakes-mix-155-g-2\/","title":{"rendered":"P\u00c9rolas De Chocolate \u201ccrispy Pearls\u201d Funcakes &#8211; Mix (155 G)"},"content":{"rendered":"","protected":false},"excerpt":{"rendered":"<p>Decore as suas sobremesas, brownies, cupcakes e muito mais com as irresist\u00edveis p\u00e9rolas crocantes de chocolate da FunCakes. A mistura inclui p\u00e9rolas de chocolate branco, de leite e puro, ideais para dar textura e sabor \u00e0s suas cria\u00e7\u00f5es.<\/p>\n","protected":false},"featured_media":156802,"comment_status":"open","ping_status":"closed","template":"","meta":{"_acf_changed":false},"pwb-brand":[],"product_brand":[],"product_cat":[1839,1890,2979,2984,1832,2997,1901,1845,2996,3001],"product_tag":[],"class_list":{"0":"post-390495","1":"product","2":"type-product","3":"status-publish","4":"has-post-thumbnail","6":"product_cat-decoracion-comestible","7":"product_cat-chocolate-decorar","8":"product_cat-decoracoes-comestiveis-2","9":"product_cat-decoracoes-de-chocolate-2","10":"product_cat-diestas-especiales","11":"product_cat-halal","12":"product_cat-dieta-halal","13":"product_cat-dieta-sin-e-171","14":"product_cat-produtos-vegetarianos","15":"product_cat-sem-e-171-2","17":"first","18":"instock","19":"taxable","20":"shipping-taxable","21":"purchasable","22":"product-type-simple"},"acf":[],"df_price":7.85,"df_sale_price":"","df_regular_price":7.85,"df_image_link":"https:\/\/glotomania.com\/wp-content\/uploads\/2025\/09\/img_26639_81163d760d6d0ecf6911cb0d9400c8e6_1-300x300.jpg","brands":[],"_links":{"self":[{"href":"https:\/\/glotomania.com\/pt-pt\/wp-json\/wp\/v2\/product\/390495","targetHints":{"allow":["GET"]}}],"collection":[{"href":"https:\/\/glotomania.com\/pt-pt\/wp-json\/wp\/v2\/product"}],"about":[{"href":"https:\/\/glotomania.com\/pt-pt\/wp-json\/wp\/v2\/types\/product"}],"replies":[{"embeddable":true,"href":"https:\/\/glotomania.com\/pt-pt\/wp-json\/wp\/v2\/comments?post=390495"}],"wp:featuredmedia":[{"embeddable":true,"href":"https:\/\/glotomania.com\/pt-pt\/wp-json\/wp\/v2\/media\/156802"}],"wp:attachment":[{"href":"https:\/\/glotomania.com\/pt-pt\/wp-json\/wp\/v2\/media?parent=390495"}],"wp:term":[{"taxonomy":"pwb-brand","embeddable":true,"href":"https:\/\/glotomania.com\/pt-pt\/wp-json\/wp\/v2\/pwb-brand?post=390495"},{"taxonomy":"product_brand","embeddable":true,"href":"https:\/\/glotomania.com\/pt-pt\/wp-json\/wp\/v2\/product_brand?post=390495"},{"taxonomy":"product_cat","embeddable":true,"href":"https:\/\/glotomania.com\/pt-pt\/wp-json\/wp\/v2\/product_cat?post=390495"},{"taxonomy":"product_tag","embeddable":true,"href":"https:\/\/glotomania.com\/pt-pt\/wp-json\/wp\/v2\/product_tag?post=390495"}],"curies":[{"name":"wp","href":"https:\/\/api.w.org\/{rel}","templated":true}]}}