{"id":390497,"date":"2025-09-02T11:05:35","date_gmt":"2025-09-02T11:05:35","guid":{"rendered":"https:\/\/glotomania.com\/p\/perlas-de-chocolate-crujiente-funcakes-rosa-metalizado-60-g-2\/"},"modified":"2026-04-23T16:33:09","modified_gmt":"2026-04-23T16:33:09","slug":"perlas-de-chocolate-crujiente-funcakes-rosa-metalizado-60-g-2","status":"publish","type":"product","link":"https:\/\/glotomania.com\/pt-pt\/p\/perlas-de-chocolate-crujiente-funcakes-rosa-metalizado-60-g-2\/","title":{"rendered":"Funcakes P\u00c9rolas De Chocolate Crocantes &#8211; Rosa Metalizado (60 G)"},"content":{"rendered":"<p>\n<span style=\"color:#000000\"><span style=\"font-size:14px\">Feitas com ingredientes de primeira classe, as p&eacute;rolas de chocolate crocantes Funcakes cumprem os mais elevados padr&otilde;es de qualidade.&nbsp;<\/span><\/span><\/p>\n<p><span style=\"color:#000000\"><span style=\"font-size:14px\">A sua cor rosa brilhante acrescenta um toque de glamour e distin&ccedil;&atilde;o a qualquer cria&ccedil;&atilde;o, oferecendo infinitas possibilidades, perfeitas para real&ccedil;ar uma sobremesa exclusiva ou para decorar pastelaria tradicional.<\/span><\/span><\/p>\n","protected":false},"excerpt":{"rendered":"<p>P\u00e9rolas de a\u00e7\u00facar com um crocante irresist\u00edvel e um sabor a chocolate gourmet, perfeitas para real\u00e7ar o sabor e a apresenta\u00e7\u00e3o das nossas cria\u00e7\u00f5es.<\/p>\n","protected":false},"featured_media":156805,"comment_status":"open","ping_status":"closed","template":"","meta":{"_acf_changed":false},"pwb-brand":[],"product_brand":[],"product_cat":[2908,2911,2979,2984,2913,2907,2996,2924,3001,1852,1839,1890,1832,1845,1862,1885,1851,1849],"product_tag":[],"class_list":{"0":"post-390497","1":"product","2":"type-product","3":"status-publish","4":"has-post-thumbnail","6":"product_cat-batizados","7":"product_cat-comunhoes","8":"product_cat-decoracoes-comestiveis-2","9":"product_cat-decoracoes-de-chocolate-2","10":"product_cat-dia-das-maes","11":"product_cat-festas","12":"product_cat-produtos-vegetarianos","13":"product_cat-sao-valentim-2","14":"product_cat-sem-e-171-2","15":"product_cat-san-valentin","16":"product_cat-decoracion-comestible","17":"product_cat-chocolate-decorar","18":"product_cat-diestas-especiales","19":"product_cat-dieta-sin-e-171","20":"product_cat-comuniones","21":"product_cat-bautizos","22":"product_cat-dia-de-la-madre","23":"product_cat-fiestas","25":"first","26":"instock","27":"taxable","28":"shipping-taxable","29":"purchasable","30":"product-type-simple"},"acf":[],"df_price":4.15,"df_sale_price":"","df_regular_price":4.15,"df_image_link":"https:\/\/glotomania.com\/wp-content\/uploads\/2025\/09\/img_26644_493519c74c05c00fef5a9af8c0c27ede_1-300x300.jpg","brands":[],"_links":{"self":[{"href":"https:\/\/glotomania.com\/pt-pt\/wp-json\/wp\/v2\/product\/390497","targetHints":{"allow":["GET"]}}],"collection":[{"href":"https:\/\/glotomania.com\/pt-pt\/wp-json\/wp\/v2\/product"}],"about":[{"href":"https:\/\/glotomania.com\/pt-pt\/wp-json\/wp\/v2\/types\/product"}],"replies":[{"embeddable":true,"href":"https:\/\/glotomania.com\/pt-pt\/wp-json\/wp\/v2\/comments?post=390497"}],"wp:featuredmedia":[{"embeddable":true,"href":"https:\/\/glotomania.com\/pt-pt\/wp-json\/wp\/v2\/media\/156805"}],"wp:attachment":[{"href":"https:\/\/glotomania.com\/pt-pt\/wp-json\/wp\/v2\/media?parent=390497"}],"wp:term":[{"taxonomy":"pwb-brand","embeddable":true,"href":"https:\/\/glotomania.com\/pt-pt\/wp-json\/wp\/v2\/pwb-brand?post=390497"},{"taxonomy":"product_brand","embeddable":true,"href":"https:\/\/glotomania.com\/pt-pt\/wp-json\/wp\/v2\/product_brand?post=390497"},{"taxonomy":"product_cat","embeddable":true,"href":"https:\/\/glotomania.com\/pt-pt\/wp-json\/wp\/v2\/product_cat?post=390497"},{"taxonomy":"product_tag","embeddable":true,"href":"https:\/\/glotomania.com\/pt-pt\/wp-json\/wp\/v2\/product_tag?post=390497"}],"curies":[{"name":"wp","href":"https:\/\/api.w.org\/{rel}","templated":true}]}}