{"id":390498,"date":"2025-09-02T11:05:36","date_gmt":"2025-09-02T11:05:36","guid":{"rendered":"https:\/\/glotomania.com\/p\/sprinkles-funcakes-huellas-pies-de-bebe-azules-55-g-2\/"},"modified":"2026-03-11T04:06:47","modified_gmt":"2026-03-11T04:06:47","slug":"sprinkles-funcakes-huellas-pies-de-bebe-azules-55-g-2","status":"publish","type":"product","link":"https:\/\/glotomania.com\/pt-pt\/p\/sprinkles-funcakes-huellas-pies-de-bebe-azules-55-g-2\/","title":{"rendered":"Sprinkles Funcakes &#8211; Pegadas De Beb\u00c9 Azuis (55 G)"},"content":{"rendered":"","protected":false},"excerpt":{"rendered":"<p>Decore os seus ch\u00e1s de beb\u00e9, revela\u00e7\u00e3o do sexo ou sobremesas de batizado com as ador\u00e1veis pegadas de beb\u00e9 azuis da FunCakes.<\/p>\n","protected":false},"featured_media":156808,"comment_status":"open","ping_status":"closed","template":"","meta":{"_acf_changed":false},"pwb-brand":[],"product_brand":[],"product_cat":[2908,2979,2982,2907,1839,1840,1885,1849],"product_tag":[],"class_list":{"0":"post-390498","1":"product","2":"type-product","3":"status-publish","4":"has-post-thumbnail","6":"product_cat-batizados","7":"product_cat-decoracoes-comestiveis-2","8":"product_cat-decoracoes-de-acucar","9":"product_cat-festas","10":"product_cat-decoracion-comestible","11":"product_cat-decoraciones-azucar-comestibles","12":"product_cat-bautizos","13":"product_cat-fiestas","15":"first","16":"instock","17":"taxable","18":"shipping-taxable","19":"purchasable","20":"product-type-simple"},"acf":[],"df_price":3.15,"df_sale_price":"","df_regular_price":3.15,"df_image_link":"https:\/\/glotomania.com\/wp-content\/uploads\/2025\/09\/img_26646_325a3d40d3a82779f0889d05e5fc13cf_1-300x300.jpg","brands":[],"_links":{"self":[{"href":"https:\/\/glotomania.com\/pt-pt\/wp-json\/wp\/v2\/product\/390498","targetHints":{"allow":["GET"]}}],"collection":[{"href":"https:\/\/glotomania.com\/pt-pt\/wp-json\/wp\/v2\/product"}],"about":[{"href":"https:\/\/glotomania.com\/pt-pt\/wp-json\/wp\/v2\/types\/product"}],"replies":[{"embeddable":true,"href":"https:\/\/glotomania.com\/pt-pt\/wp-json\/wp\/v2\/comments?post=390498"}],"wp:featuredmedia":[{"embeddable":true,"href":"https:\/\/glotomania.com\/pt-pt\/wp-json\/wp\/v2\/media\/156808"}],"wp:attachment":[{"href":"https:\/\/glotomania.com\/pt-pt\/wp-json\/wp\/v2\/media?parent=390498"}],"wp:term":[{"taxonomy":"pwb-brand","embeddable":true,"href":"https:\/\/glotomania.com\/pt-pt\/wp-json\/wp\/v2\/pwb-brand?post=390498"},{"taxonomy":"product_brand","embeddable":true,"href":"https:\/\/glotomania.com\/pt-pt\/wp-json\/wp\/v2\/product_brand?post=390498"},{"taxonomy":"product_cat","embeddable":true,"href":"https:\/\/glotomania.com\/pt-pt\/wp-json\/wp\/v2\/product_cat?post=390498"},{"taxonomy":"product_tag","embeddable":true,"href":"https:\/\/glotomania.com\/pt-pt\/wp-json\/wp\/v2\/product_tag?post=390498"}],"curies":[{"name":"wp","href":"https:\/\/api.w.org\/{rel}","templated":true}]}}