{"id":390499,"date":"2025-09-02T11:05:36","date_gmt":"2025-09-02T11:05:36","guid":{"rendered":"https:\/\/glotomania.com\/p\/preparado-funcakes-para-buttercream-crema-mantequilla-500-g-sin-gluten-2\/"},"modified":"2026-04-22T06:01:37","modified_gmt":"2026-04-22T06:01:37","slug":"preparado-funcakes-para-buttercream-crema-mantequilla-500-g-sin-gluten-2","status":"publish","type":"product","link":"https:\/\/glotomania.com\/pt-pt\/p\/preparado-funcakes-para-buttercream-crema-mantequilla-500-g-sin-gluten-2\/","title":{"rendered":"Prepara\u00c7\u00c3o De Funcakes Para &#8220;buttercream&#8221; (creme De Manteiga) 500 G &#8211; Sem Gl\u00daten"},"content":{"rendered":"<div>\n<span style=\"color:#000000\"><span style=\"font-size:14px\"><strong>Modo de prepara&ccedil;&atilde;o:&nbsp;<\/strong><\/span><\/span><\/div>\n<div><span style=\"color:#000000\"><span style=\"font-size:14px\">Preparar todos os ingredientes &agrave; temperatura ambiente.&nbsp;<\/span><\/span><\/div>\n<div>&nbsp;<\/div>\n<div><span style=\"color:#000000\"><span style=\"font-size:14px\">Misturar &agrave; m&atilde;o 150 g da mistura com 100 ml de &aacute;gua e deixar repousar &agrave; temperatura ambiente durante uma hora. Bater 180 g de manteiga amolecida durante 2 minutos at&eacute; ficar cremosa. Adicione metade da manteiga amolecida &agrave; mistura, misturando at&eacute; ser completamente absorvida. Adicione o resto da manteiga e misture durante mais 5 minutos a alta velocidade. Guarde o resultado final &agrave; temperatura ambiente num local seco, evitando fontes de calor e mudan&ccedil;as de temperatura.&nbsp;<\/span><\/span><\/div>\n<div>&nbsp;<\/div>\n<div><em><span style=\"color:#000000\"><span style=\"font-size:14px\">As misturas sem gl&uacute;ten FunCakes s&atilde;o fabricadas em instala&ccedil;&otilde;es sem gl&uacute;ten, garantindo um teor de gl&uacute;ten inferior a 20 mg (20 ppm) por quilograma. A maior parte das pessoas com doen&ccedil;a cel&iacute;aca ou intoler&acirc;ncia ao gl&uacute;ten n&atilde;o ter&aacute; sintomas com uma quantidade t&atilde;o baixa, pelo que as pessoas que seguem uma dieta rigorosa podem desfrutar em seguran&ccedil;a destas misturas FunCakes.<\/span><\/span><\/em><\/div>\n","protected":false},"excerpt":{"rendered":"<p>Prepare um delicioso creme de manteiga sem gl\u00faten com a mistura FunCakes. Ideal para rechear, cobrir bolos, cupcakes ou como camada final para fondant e ma\u00e7ap\u00e3o.<\/p>\n","protected":false},"featured_media":156810,"comment_status":"open","ping_status":"closed","template":"","meta":{"_acf_changed":false},"pwb-brand":[],"product_brand":[],"product_cat":[1832,1833,3054,1854,2996,3004],"product_tag":[],"class_list":{"0":"post-390499","1":"product","2":"type-product","3":"status-publish","4":"has-post-thumbnail","6":"product_cat-diestas-especiales","7":"product_cat-dieta-sin-gluten","8":"product_cat-preparados-de-pastelaria-2","9":"product_cat-preparados","10":"product_cat-produtos-vegetarianos","11":"product_cat-sem-gluten-2","13":"first","14":"instock","15":"taxable","16":"shipping-taxable","17":"purchasable","18":"product-type-simple"},"acf":[],"df_price":5.25,"df_sale_price":"","df_regular_price":5.25,"df_image_link":"https:\/\/glotomania.com\/wp-content\/uploads\/2025\/09\/img_26648_94b3b8b269ec4df258c30a99514cfc3c_1-300x300.jpg","brands":[],"_links":{"self":[{"href":"https:\/\/glotomania.com\/pt-pt\/wp-json\/wp\/v2\/product\/390499","targetHints":{"allow":["GET"]}}],"collection":[{"href":"https:\/\/glotomania.com\/pt-pt\/wp-json\/wp\/v2\/product"}],"about":[{"href":"https:\/\/glotomania.com\/pt-pt\/wp-json\/wp\/v2\/types\/product"}],"replies":[{"embeddable":true,"href":"https:\/\/glotomania.com\/pt-pt\/wp-json\/wp\/v2\/comments?post=390499"}],"wp:featuredmedia":[{"embeddable":true,"href":"https:\/\/glotomania.com\/pt-pt\/wp-json\/wp\/v2\/media\/156810"}],"wp:attachment":[{"href":"https:\/\/glotomania.com\/pt-pt\/wp-json\/wp\/v2\/media?parent=390499"}],"wp:term":[{"taxonomy":"pwb-brand","embeddable":true,"href":"https:\/\/glotomania.com\/pt-pt\/wp-json\/wp\/v2\/pwb-brand?post=390499"},{"taxonomy":"product_brand","embeddable":true,"href":"https:\/\/glotomania.com\/pt-pt\/wp-json\/wp\/v2\/product_brand?post=390499"},{"taxonomy":"product_cat","embeddable":true,"href":"https:\/\/glotomania.com\/pt-pt\/wp-json\/wp\/v2\/product_cat?post=390499"},{"taxonomy":"product_tag","embeddable":true,"href":"https:\/\/glotomania.com\/pt-pt\/wp-json\/wp\/v2\/product_tag?post=390499"}],"curies":[{"name":"wp","href":"https:\/\/api.w.org\/{rel}","templated":true}]}}