{"id":390500,"date":"2025-09-02T11:05:37","date_gmt":"2025-09-02T11:05:37","guid":{"rendered":"https:\/\/glotomania.com\/p\/spray-metalico-funcakes-rosa-bebe-brillante-100-ml-2\/"},"modified":"2026-03-26T14:12:00","modified_gmt":"2026-03-26T14:12:00","slug":"spray-metalico-funcakes-rosa-bebe-brillante-100-ml-2","status":"publish","type":"product","link":"https:\/\/glotomania.com\/pt-pt\/p\/spray-metalico-funcakes-rosa-bebe-brillante-100-ml-2\/","title":{"rendered":"Spray Met\u00c1lico Funcakes &#8211; Rosa Beb\u00c9 Brilhante (100 Ml)"},"content":{"rendered":"<p>&nbsp;<\/p>\n<p><span style=\"color:#000000\"><span style=\"font-size:14px\">Adequado para decorar chocolate, cremes, fondant, pasta de goma, pasta de modela&ccedil;&atilde;o e ma&ccedil;ap&atilde;o. A purpurina seca completamente na superf&iacute;cie, acabaram-se as marcas de impress&otilde;es digitais ao tocar na obra!<\/span><\/span><\/p>\n<p><span style=\"color:#000000\"><span style=\"font-size:14px\"><strong>Modo de utiliza&ccedil;&atilde;o:<\/strong><\/span><\/span><\/p>\n<ul>\n<li>Agitar bem antes de utilizar. Pulverizar uma camada homog&eacute;nea sobre a superf&iacute;cie a uma dist&acirc;ncia de 20 cm.&nbsp;<\/li>\n<li><span style=\"color:#000000\"><span style=\"font-size:14px\">O tempo de secagem recomendado antes da utiliza&ccedil;&atilde;o &eacute; de 4 horas.&nbsp;<\/span><\/span><\/li>\n<li><span style=\"color:#000000\"><span style=\"font-size:14px\">Ap&oacute;s a utiliza&ccedil;&atilde;o, virar a lata de spray ao contr&aacute;rio e pulverizar durante alguns segundos para limpar.<\/span><\/span><\/li>\n<\/ul>\n<p><em><span style=\"color:#000000\"><span style=\"font-size:14px\">A cor do produto pode apresentar ligeiras varia&ccedil;&otilde;es devido &agrave;s carater&iacute;sticas das mat&eacute;rias-primas.<\/span><\/span><\/em><\/p>\n","protected":false},"excerpt":{"rendered":"<p>D\u00ea um acabamento brilhante \u00e0s suas cria\u00e7\u00f5es com este fant\u00e1stico spray met\u00e1lico da Funcakes.<\/p>\n","protected":false},"featured_media":156812,"comment_status":"open","ping_status":"closed","template":"","meta":{"_acf_changed":false},"pwb-brand":[],"product_brand":[],"product_cat":[2908,2911,2953,2962,2913,2907,2996,2924,3001,1852,1835,1898,1832,1845,1862,1885,1851,1849],"product_tag":[],"class_list":{"0":"post-390500","1":"product","2":"type-product","3":"status-publish","4":"has-post-thumbnail","6":"product_cat-batizados","7":"product_cat-comunhoes","8":"product_cat-corantes-e-pinturas","9":"product_cat-corantes-em-spray","10":"product_cat-dia-das-maes","11":"product_cat-festas","12":"product_cat-produtos-vegetarianos","13":"product_cat-sao-valentim-2","14":"product_cat-sem-e-171-2","15":"product_cat-san-valentin","16":"product_cat-colorantes","17":"product_cat-colorantes-spray","18":"product_cat-diestas-especiales","19":"product_cat-dieta-sin-e-171","20":"product_cat-comuniones","21":"product_cat-bautizos","22":"product_cat-dia-de-la-madre","23":"product_cat-fiestas","25":"first","26":"instock","27":"taxable","28":"shipping-taxable","29":"purchasable","30":"product-type-simple"},"acf":[],"df_price":8.45,"df_sale_price":"","df_regular_price":8.45,"df_image_link":"https:\/\/glotomania.com\/wp-content\/uploads\/2025\/09\/img_26649_bff5b28650d3ed0f39f29b4f500e4568_1-300x300.jpg","brands":[],"_links":{"self":[{"href":"https:\/\/glotomania.com\/pt-pt\/wp-json\/wp\/v2\/product\/390500","targetHints":{"allow":["GET"]}}],"collection":[{"href":"https:\/\/glotomania.com\/pt-pt\/wp-json\/wp\/v2\/product"}],"about":[{"href":"https:\/\/glotomania.com\/pt-pt\/wp-json\/wp\/v2\/types\/product"}],"replies":[{"embeddable":true,"href":"https:\/\/glotomania.com\/pt-pt\/wp-json\/wp\/v2\/comments?post=390500"}],"wp:featuredmedia":[{"embeddable":true,"href":"https:\/\/glotomania.com\/pt-pt\/wp-json\/wp\/v2\/media\/156812"}],"wp:attachment":[{"href":"https:\/\/glotomania.com\/pt-pt\/wp-json\/wp\/v2\/media?parent=390500"}],"wp:term":[{"taxonomy":"pwb-brand","embeddable":true,"href":"https:\/\/glotomania.com\/pt-pt\/wp-json\/wp\/v2\/pwb-brand?post=390500"},{"taxonomy":"product_brand","embeddable":true,"href":"https:\/\/glotomania.com\/pt-pt\/wp-json\/wp\/v2\/product_brand?post=390500"},{"taxonomy":"product_cat","embeddable":true,"href":"https:\/\/glotomania.com\/pt-pt\/wp-json\/wp\/v2\/product_cat?post=390500"},{"taxonomy":"product_tag","embeddable":true,"href":"https:\/\/glotomania.com\/pt-pt\/wp-json\/wp\/v2\/product_tag?post=390500"}],"curies":[{"name":"wp","href":"https:\/\/api.w.org\/{rel}","templated":true}]}}