{"id":390501,"date":"2025-09-02T11:05:38","date_gmt":"2025-09-02T11:05:38","guid":{"rendered":"https:\/\/glotomania.com\/p\/sprinkles-funcakes-mix-azul-claro-70-g-2\/"},"modified":"2026-03-17T07:31:28","modified_gmt":"2026-03-17T07:31:28","slug":"sprinkles-funcakes-mix-azul-claro-70-g-2","status":"publish","type":"product","link":"https:\/\/glotomania.com\/pt-pt\/p\/sprinkles-funcakes-mix-azul-claro-70-g-2\/","title":{"rendered":"Sprinkles Funcakes &#8211; Mistura Azul Claro 70 G"},"content":{"rendered":"<p>&nbsp;<\/p>\n<p><span style=\"color:#000000\"><span style=\"font-size:14px\">Inclui nonpareils, fichas planas, mimosas e palitos de a&ccedil;&uacute;car XL em azul claro.<\/span><\/span><\/p>\n","protected":false},"excerpt":{"rendered":"<p>Mistura de decora\u00e7\u00f5es comest\u00edveis Funcakes, ideal para decorar as nossas elabora\u00e7\u00f5es com tons azuis, perfeitas para baptizados, comunh\u00f5es, Dia do Pai,&#8230;<\/p>\n","protected":false},"featured_media":156814,"comment_status":"open","ping_status":"closed","template":"","meta":{"_acf_changed":false},"pwb-brand":[],"product_brand":[],"product_cat":[2908,2911,2979,2982,2907,2997,2921,2996,3001,1839,1840,1832,1901,1845,1862,1885,1849,1858],"product_tag":[],"class_list":{"0":"post-390501","1":"product","2":"type-product","3":"status-publish","4":"has-post-thumbnail","6":"product_cat-batizados","7":"product_cat-comunhoes","8":"product_cat-decoracoes-comestiveis-2","9":"product_cat-decoracoes-de-acucar","10":"product_cat-festas","11":"product_cat-halal","12":"product_cat-pascoa","13":"product_cat-produtos-vegetarianos","14":"product_cat-sem-e-171-2","15":"product_cat-decoracion-comestible","16":"product_cat-decoraciones-azucar-comestibles","17":"product_cat-diestas-especiales","18":"product_cat-dieta-halal","19":"product_cat-dieta-sin-e-171","20":"product_cat-comuniones","21":"product_cat-bautizos","22":"product_cat-fiestas","23":"product_cat-pascua","25":"first","26":"instock","27":"taxable","28":"shipping-taxable","29":"purchasable","30":"product-type-simple"},"acf":[],"df_price":3.1,"df_sale_price":"","df_regular_price":3.1,"df_image_link":"https:\/\/glotomania.com\/wp-content\/uploads\/2025\/09\/img_26651_4e402fe22e2c1738cc3e8079639e754f_1-300x300.jpg","brands":[],"_links":{"self":[{"href":"https:\/\/glotomania.com\/pt-pt\/wp-json\/wp\/v2\/product\/390501","targetHints":{"allow":["GET"]}}],"collection":[{"href":"https:\/\/glotomania.com\/pt-pt\/wp-json\/wp\/v2\/product"}],"about":[{"href":"https:\/\/glotomania.com\/pt-pt\/wp-json\/wp\/v2\/types\/product"}],"replies":[{"embeddable":true,"href":"https:\/\/glotomania.com\/pt-pt\/wp-json\/wp\/v2\/comments?post=390501"}],"wp:featuredmedia":[{"embeddable":true,"href":"https:\/\/glotomania.com\/pt-pt\/wp-json\/wp\/v2\/media\/156814"}],"wp:attachment":[{"href":"https:\/\/glotomania.com\/pt-pt\/wp-json\/wp\/v2\/media?parent=390501"}],"wp:term":[{"taxonomy":"pwb-brand","embeddable":true,"href":"https:\/\/glotomania.com\/pt-pt\/wp-json\/wp\/v2\/pwb-brand?post=390501"},{"taxonomy":"product_brand","embeddable":true,"href":"https:\/\/glotomania.com\/pt-pt\/wp-json\/wp\/v2\/product_brand?post=390501"},{"taxonomy":"product_cat","embeddable":true,"href":"https:\/\/glotomania.com\/pt-pt\/wp-json\/wp\/v2\/product_cat?post=390501"},{"taxonomy":"product_tag","embeddable":true,"href":"https:\/\/glotomania.com\/pt-pt\/wp-json\/wp\/v2\/product_tag?post=390501"}],"curies":[{"name":"wp","href":"https:\/\/api.w.org\/{rel}","templated":true}]}}