{"id":390503,"date":"2025-09-02T11:05:40","date_gmt":"2025-09-02T11:05:40","guid":{"rendered":"https:\/\/glotomania.com\/p\/sprinkles-funcakes-mix-rosa-70-g-2\/"},"modified":"2026-04-06T18:51:15","modified_gmt":"2026-04-06T18:51:15","slug":"sprinkles-funcakes-mix-rosa-70-g-2","status":"publish","type":"product","link":"https:\/\/glotomania.com\/pt-pt\/p\/sprinkles-funcakes-mix-rosa-70-g-2\/","title":{"rendered":"Sprinkles Funcakes &#8211; Mistura Rosa 70 G"},"content":{"rendered":"<p>&nbsp;<\/p>\n<p><span style=\"color:#000000\"><span style=\"font-size:14px\">Inclui p&eacute;rolas, nonpareils, chips planos, cristais de a&ccedil;&uacute;car e mimosas cor-de-rosa.<\/span><\/span><\/p>\n","protected":false},"excerpt":{"rendered":"<p>Mistura de decora\u00e7\u00f5es comest\u00edveis Funcakes, ideal para decorar as nossas cria\u00e7\u00f5es em tons de rosa, perfeitas para baptizados, comunh\u00f5es, Dia da M\u00e3e, Dia dos Namorados,&#8230;<\/p>\n","protected":false},"featured_media":156817,"comment_status":"open","ping_status":"closed","template":"","meta":{"_acf_changed":false},"pwb-brand":[],"product_brand":[],"product_cat":[1852,2908,2911,1839,1840,2979,2982,2913,1832,2907,1845,2996,1862,1885,1851,1849,2924,3001],"product_tag":[],"class_list":{"0":"post-390503","1":"product","2":"type-product","3":"status-publish","4":"has-post-thumbnail","6":"product_cat-san-valentin","7":"product_cat-batizados","8":"product_cat-comunhoes","9":"product_cat-decoracion-comestible","10":"product_cat-decoraciones-azucar-comestibles","11":"product_cat-decoracoes-comestiveis-2","12":"product_cat-decoracoes-de-acucar","13":"product_cat-dia-das-maes","14":"product_cat-diestas-especiales","15":"product_cat-festas","16":"product_cat-dieta-sin-e-171","17":"product_cat-produtos-vegetarianos","18":"product_cat-comuniones","19":"product_cat-bautizos","20":"product_cat-dia-de-la-madre","21":"product_cat-fiestas","22":"product_cat-sao-valentim-2","23":"product_cat-sem-e-171-2","25":"first","26":"instock","27":"taxable","28":"shipping-taxable","29":"purchasable","30":"product-type-simple"},"acf":[],"df_price":3.1,"df_sale_price":"","df_regular_price":3.1,"df_image_link":"https:\/\/glotomania.com\/wp-content\/uploads\/2025\/09\/img_26655_d3ec40700a9a6ba6965fd75170ba28e3_1-300x300.jpg","brands":[],"_links":{"self":[{"href":"https:\/\/glotomania.com\/pt-pt\/wp-json\/wp\/v2\/product\/390503","targetHints":{"allow":["GET"]}}],"collection":[{"href":"https:\/\/glotomania.com\/pt-pt\/wp-json\/wp\/v2\/product"}],"about":[{"href":"https:\/\/glotomania.com\/pt-pt\/wp-json\/wp\/v2\/types\/product"}],"replies":[{"embeddable":true,"href":"https:\/\/glotomania.com\/pt-pt\/wp-json\/wp\/v2\/comments?post=390503"}],"wp:featuredmedia":[{"embeddable":true,"href":"https:\/\/glotomania.com\/pt-pt\/wp-json\/wp\/v2\/media\/156817"}],"wp:attachment":[{"href":"https:\/\/glotomania.com\/pt-pt\/wp-json\/wp\/v2\/media?parent=390503"}],"wp:term":[{"taxonomy":"pwb-brand","embeddable":true,"href":"https:\/\/glotomania.com\/pt-pt\/wp-json\/wp\/v2\/pwb-brand?post=390503"},{"taxonomy":"product_brand","embeddable":true,"href":"https:\/\/glotomania.com\/pt-pt\/wp-json\/wp\/v2\/product_brand?post=390503"},{"taxonomy":"product_cat","embeddable":true,"href":"https:\/\/glotomania.com\/pt-pt\/wp-json\/wp\/v2\/product_cat?post=390503"},{"taxonomy":"product_tag","embeddable":true,"href":"https:\/\/glotomania.com\/pt-pt\/wp-json\/wp\/v2\/product_tag?post=390503"}],"curies":[{"name":"wp","href":"https:\/\/api.w.org\/{rel}","templated":true}]}}