{"id":390507,"date":"2025-09-02T11:05:44","date_gmt":"2025-09-02T11:05:44","guid":{"rendered":"https:\/\/glotomania.com\/p\/inserts-para-24-cupcakes-de-carton-color-kraft-2\/"},"modified":"2026-03-12T12:37:53","modified_gmt":"2026-03-12T12:37:53","slug":"inserts-para-24-cupcakes-de-carton-color-kraft-2","status":"publish","type":"product","link":"https:\/\/glotomania.com\/pt-pt\/p\/inserts-para-24-cupcakes-de-carton-color-kraft-2\/","title":{"rendered":"Inser\u00c7\u00d5es Para 24 Cupcakes De Cart\u00c3o Kraft"},"content":{"rendered":"<p>&nbsp;<\/p>\n<p><span style=\"color:#000000\"><span style=\"font-size:14px\">Cada inser&ccedil;&atilde;o tem espa&ccedil;o suficiente para colocar cada cupcake de forma segura, evitando que se movam e sejam danificados durante o transporte. Al&eacute;m disso, t&ecirc;m dois orif&iacute;cios laterais onde podem ser introduzidos os dedos para facilitar a remo&ccedil;&atilde;o dos cupcakes de forma r&aacute;pida e f&aacute;cil, sem danificar a decora&ccedil;&atilde;o.<\/span><\/span><\/p>\n<p><span style=\"color:#000000\"><span style=\"font-size:14px\">Todos os lados do suporte est&atilde;o rodeados por um &uacute;nico perfil de aba (2 cm) que deve ser dobrado para lhe dar altura e encaixar corretamente na caixa.<\/span><\/span><\/p>\n<p><span style=\"color:#000000\"><span style=\"font-size:14px\">Fabricado em cart&atilde;o resistente.<\/span><\/span><\/p>\n<p><span style=\"color:#000000\"><span style=\"font-size:14px\"><strong>Dimens&otilde;es aproximadas:<\/strong><\/span><\/span><\/p>\n<ul>\n<li><span style=\"color:#000000\"><span style=\"font-size:14px\"><u>Suporte completo<\/u> &#8211; <span>39,3&nbsp;x 29,1&nbsp;cm.<\/span><\/span><\/span><\/li>\n<li><span style=\"color:#000000\"><span style=\"font-size:14px\"><u>Suporte com abas dobradas para altura<\/u> &#8211; <span>35,3 x 25,1 cm.<\/span><\/span><\/span><\/li>\n<li><span style=\"color:#000000\"><span style=\"font-size:14px\"><u>&Oslash; para cupcakes<\/u> &#8211;<span>&nbsp;4,4 cm.<\/span><\/span><\/span><\/li>\n<li><span style=\"color:#000000\"><span style=\"font-size:14px\"><u>Orif&iacute;cio para cupcakes + acoplamento para dedos<\/u> &#8211; <span>6,5 x 4,4 cm.<\/span><\/span><\/span><\/li>\n<\/ul>\n<div><span style=\"color:#000000\"><span style=\"font-size:14px\"><em>Este produto &eacute; vendido individualmente.<\/em><\/span><\/span><\/div>\n","protected":false},"excerpt":{"rendered":"<p>D\u00ea outra funcionalidade \u00e0s suas caixas para bolos com as nossas inser\u00e7\u00f5es internas em cart\u00e3o kraft, ideais para transportar cupcakes e muffins de forma segura e arrumada, permitindo-lhe adaptar qualquer caixa para bolos a uma op\u00e7\u00e3o perfeita para cupcakes.<\/p>\n","protected":false},"featured_media":156829,"comment_status":"open","ping_status":"closed","template":"","meta":{"_acf_changed":false},"pwb-brand":[],"product_brand":[],"product_cat":[3158,3166,1784,1782,3087,1869,1767],"product_tag":[],"class_list":{"0":"post-390507","1":"product","2":"type-product","3":"status-publish","4":"has-post-thumbnail","6":"product_cat-caixas-de-pastelaria","7":"product_cat-caixas-para-cupcakes-2","8":"product_cat-cajas-cupcakes","9":"product_cat-cajas","10":"product_cat-ordem-e-armazenamento","11":"product_cat-ultimas-unidades","12":"product_cat-utensilios","14":"first","15":"instock","16":"taxable","17":"shipping-taxable","18":"purchasable","19":"product-type-simple"},"acf":[],"df_price":0.25,"df_sale_price":"","df_regular_price":0.25,"df_image_link":"https:\/\/glotomania.com\/wp-content\/uploads\/2025\/09\/img_26667_5065bc980b58602fbf5f7f988da7dc99_1-300x300.jpg","brands":[],"_links":{"self":[{"href":"https:\/\/glotomania.com\/pt-pt\/wp-json\/wp\/v2\/product\/390507","targetHints":{"allow":["GET"]}}],"collection":[{"href":"https:\/\/glotomania.com\/pt-pt\/wp-json\/wp\/v2\/product"}],"about":[{"href":"https:\/\/glotomania.com\/pt-pt\/wp-json\/wp\/v2\/types\/product"}],"replies":[{"embeddable":true,"href":"https:\/\/glotomania.com\/pt-pt\/wp-json\/wp\/v2\/comments?post=390507"}],"wp:featuredmedia":[{"embeddable":true,"href":"https:\/\/glotomania.com\/pt-pt\/wp-json\/wp\/v2\/media\/156829"}],"wp:attachment":[{"href":"https:\/\/glotomania.com\/pt-pt\/wp-json\/wp\/v2\/media?parent=390507"}],"wp:term":[{"taxonomy":"pwb-brand","embeddable":true,"href":"https:\/\/glotomania.com\/pt-pt\/wp-json\/wp\/v2\/pwb-brand?post=390507"},{"taxonomy":"product_brand","embeddable":true,"href":"https:\/\/glotomania.com\/pt-pt\/wp-json\/wp\/v2\/product_brand?post=390507"},{"taxonomy":"product_cat","embeddable":true,"href":"https:\/\/glotomania.com\/pt-pt\/wp-json\/wp\/v2\/product_cat?post=390507"},{"taxonomy":"product_tag","embeddable":true,"href":"https:\/\/glotomania.com\/pt-pt\/wp-json\/wp\/v2\/product_tag?post=390507"}],"curies":[{"name":"wp","href":"https:\/\/api.w.org\/{rel}","templated":true}]}}