{"id":390510,"date":"2025-09-02T11:05:46","date_gmt":"2025-09-02T11:05:46","guid":{"rendered":"https:\/\/glotomania.com\/p\/caja-para-tarta-alta-reversible-kraft-blanco-28-cm-30-cm-h-2\/"},"modified":"2026-04-23T12:10:30","modified_gmt":"2026-04-23T12:10:30","slug":"caja-para-tarta-alta-reversible-kraft-blanco-28-cm-30-cm-h-2","status":"publish","type":"product","link":"https:\/\/glotomania.com\/pt-pt\/p\/caja-para-tarta-alta-reversible-kraft-blanco-28-cm-30-cm-h-2\/","title":{"rendered":"Caixa De Bolo Alta Revers\u00cdvel (kraft \/ Branco) &#8211; 28 Cm \/ 30 Cm H"},"content":{"rendered":"<p>&nbsp;<\/p>\n<p><span style=\"color:#000000\"><span style=\"font-size: 14px\">Fabricada em&nbsp;<strong>cart&atilde;o de qualidade<\/strong>, combina estilo e funcionalidade, com uma&nbsp;<strong>asa resistente<\/strong>&nbsp;que facilita o manuseamento e permite que o belo design dos seus bolos seja vis&iacute;vel atrav&eacute;s da&nbsp;<strong>janela de acetato transparente<\/strong>.<\/span><\/span><\/p>\n<p><span style=\"color:#000000\"><span style=\"font-size: 14px\">Ideal para padarias, pastelarias e empresas que valorizam a qualidade e o aspeto dos seus produtos, esta caixa garante a integridade das suas cria&ccedil;&otilde;es e refor&ccedil;a a imagem de profissionalismo e originalidade da sua marca.<\/span><\/span><\/p>\n<p><span style=\"color:#000000\"><span style=\"font-size: 14px\">&Eacute; compat&iacute;vel com bases redondas e suportes at&eacute; 28&nbsp;cm, e o seu&nbsp;<strong>design revers&iacute;vel em branco e kraft<\/strong>&nbsp;permite-lhe adapt&aacute;-la facilmente a diferentes estilos e apresenta&ccedil;&otilde;es.<\/span><\/span><\/p>\n<p><span style=\"color:#000000\"><span style=\"font-size: 14px\"><strong>Dimens&otilde;es aproximadas:&nbsp;<\/strong>28&nbsp;x 28&nbsp;cm &#8211; Altura 30 cm.<\/span><\/span><\/p>\n","protected":false},"excerpt":{"rendered":"<p>Com o seu design moderno, janela transparente e pega ergon\u00f3mica, esta caixa \u00e9 perfeita para apresentar e transportar os seus bolos altos e decorativos com estilo e seguran\u00e7a.<\/p>\n","protected":false},"featured_media":156835,"comment_status":"open","ping_status":"closed","template":"","meta":{"_acf_changed":false},"pwb-brand":[],"product_brand":[],"product_cat":[3158,3178,1782,1783,3087,1767],"product_tag":[],"class_list":{"0":"post-390510","1":"product","2":"type-product","3":"status-publish","4":"has-post-thumbnail","6":"product_cat-caixas-de-pastelaria","7":"product_cat-caixas-para-bolos-2","8":"product_cat-cajas","9":"product_cat-cajas-tartas","10":"product_cat-ordem-e-armazenamento","11":"product_cat-utensilios","13":"first","14":"instock","15":"taxable","16":"shipping-taxable","17":"purchasable","18":"product-type-simple"},"acf":[],"df_price":2.95,"df_sale_price":"","df_regular_price":2.95,"df_image_link":"https:\/\/glotomania.com\/wp-content\/uploads\/2025\/09\/img_26672_e950548e91de4b44b9a01be7954380cf_1-300x300.jpg","brands":[],"_links":{"self":[{"href":"https:\/\/glotomania.com\/pt-pt\/wp-json\/wp\/v2\/product\/390510","targetHints":{"allow":["GET"]}}],"collection":[{"href":"https:\/\/glotomania.com\/pt-pt\/wp-json\/wp\/v2\/product"}],"about":[{"href":"https:\/\/glotomania.com\/pt-pt\/wp-json\/wp\/v2\/types\/product"}],"replies":[{"embeddable":true,"href":"https:\/\/glotomania.com\/pt-pt\/wp-json\/wp\/v2\/comments?post=390510"}],"wp:featuredmedia":[{"embeddable":true,"href":"https:\/\/glotomania.com\/pt-pt\/wp-json\/wp\/v2\/media\/156835"}],"wp:attachment":[{"href":"https:\/\/glotomania.com\/pt-pt\/wp-json\/wp\/v2\/media?parent=390510"}],"wp:term":[{"taxonomy":"pwb-brand","embeddable":true,"href":"https:\/\/glotomania.com\/pt-pt\/wp-json\/wp\/v2\/pwb-brand?post=390510"},{"taxonomy":"product_brand","embeddable":true,"href":"https:\/\/glotomania.com\/pt-pt\/wp-json\/wp\/v2\/product_brand?post=390510"},{"taxonomy":"product_cat","embeddable":true,"href":"https:\/\/glotomania.com\/pt-pt\/wp-json\/wp\/v2\/product_cat?post=390510"},{"taxonomy":"product_tag","embeddable":true,"href":"https:\/\/glotomania.com\/pt-pt\/wp-json\/wp\/v2\/product_tag?post=390510"}],"curies":[{"name":"wp","href":"https:\/\/api.w.org\/{rel}","templated":true}]}}