{"id":390512,"date":"2025-09-02T11:05:57","date_gmt":"2025-09-02T11:05:57","guid":{"rendered":"https:\/\/glotomania.com\/p\/set-cortadores-doble-cara-wilton-hojas-2\/"},"modified":"2026-03-11T04:07:31","modified_gmt":"2026-03-11T04:07:31","slug":"set-cortadores-doble-cara-wilton-hojas-2","status":"publish","type":"product","link":"https:\/\/glotomania.com\/pt-pt\/p\/set-cortadores-doble-cara-wilton-hojas-2\/","title":{"rendered":"Conjunto De Cortadores Duplo Lado Wilton &#8211; Folhas"},"content":{"rendered":"<p>&nbsp;<\/p>\n<p><span style=\"font-size:14px\"><span style=\"color:#000000\">Cada cortador &eacute; feito de metal colorido, tornando-o f&aacute;cil de identificar, e empilha-se para uma arruma&ccedil;&atilde;o compacta. Dispon&iacute;vel em seis tamanhos graduados.<\/span><\/span><\/p>\n<p><span style=\"font-size:14px\"><span style=\"color:#000000\">Esta cole&ccedil;&atilde;o de cortadores de folha oferece <strong>um lado com um rebordo liso e um lado com um rebordo texturado<\/strong> para duplicar a divers&atilde;o na decora&ccedil;&atilde;o. Basta estender o fondant e pressionar o cortador uniformemente na forma desejada.<\/span><\/span><\/p>\n<p><span style=\"font-size:14px\"><span style=\"color:#000000\">Recomenda-se a lavagem &agrave; m&atilde;o com &aacute;gua morna e sab&atilde;o.<\/span><\/span><\/p>\n<p><span style=\"font-size:14px\"><span style=\"color:#000000\"><strong>Dimens&otilde;es aproximadas:<\/strong> 1,3 x 2,5 cm &#8211; 1,4 x 3 cm &#8211; 1,9 x 4,3 cm &#8211; 2,2 x 4,9 cm &#8211; 2,7 x 5,7 cm &#8211; 3,1 x 6 cm.<\/span><\/span><\/p>\n","protected":false},"excerpt":{"rendered":"<p>Crie belas folhas de fondant e biscoitos com este pr\u00e1tico conjunto de cortadores de dois lados, com um lado liso e um lado texturado, proporcionando op\u00e7\u00f5es criativas para efeitos de camadas \u00fanicos.<\/p>\n","protected":false},"featured_media":156862,"comment_status":"open","ping_status":"closed","template":"","meta":{"_acf_changed":false},"pwb-brand":[],"product_brand":[],"product_cat":[3199,2907,2920,3087,2921,1788,1849,1866,1858,1767],"product_tag":[],"class_list":{"0":"post-390512","1":"product","2":"type-product","3":"status-publish","4":"has-post-thumbnail","6":"product_cat-cortadores-de-metal","7":"product_cat-festas","8":"product_cat-natal-2","9":"product_cat-ordem-e-armazenamento","10":"product_cat-pascoa","11":"product_cat-cortadores-de-cobre","12":"product_cat-fiestas","13":"product_cat-navidad","14":"product_cat-pascua","15":"product_cat-utensilios","17":"first","18":"instock","19":"taxable","20":"shipping-taxable","21":"purchasable","22":"product-type-simple"},"acf":[],"df_price":5.75,"df_sale_price":"","df_regular_price":5.75,"df_image_link":"https:\/\/glotomania.com\/wp-content\/uploads\/2025\/09\/img_26817_73dc5a0cccb8b8fbe585554f875a94cb_1-300x300.jpg","brands":[],"_links":{"self":[{"href":"https:\/\/glotomania.com\/pt-pt\/wp-json\/wp\/v2\/product\/390512","targetHints":{"allow":["GET"]}}],"collection":[{"href":"https:\/\/glotomania.com\/pt-pt\/wp-json\/wp\/v2\/product"}],"about":[{"href":"https:\/\/glotomania.com\/pt-pt\/wp-json\/wp\/v2\/types\/product"}],"replies":[{"embeddable":true,"href":"https:\/\/glotomania.com\/pt-pt\/wp-json\/wp\/v2\/comments?post=390512"}],"wp:featuredmedia":[{"embeddable":true,"href":"https:\/\/glotomania.com\/pt-pt\/wp-json\/wp\/v2\/media\/156862"}],"wp:attachment":[{"href":"https:\/\/glotomania.com\/pt-pt\/wp-json\/wp\/v2\/media?parent=390512"}],"wp:term":[{"taxonomy":"pwb-brand","embeddable":true,"href":"https:\/\/glotomania.com\/pt-pt\/wp-json\/wp\/v2\/pwb-brand?post=390512"},{"taxonomy":"product_brand","embeddable":true,"href":"https:\/\/glotomania.com\/pt-pt\/wp-json\/wp\/v2\/product_brand?post=390512"},{"taxonomy":"product_cat","embeddable":true,"href":"https:\/\/glotomania.com\/pt-pt\/wp-json\/wp\/v2\/product_cat?post=390512"},{"taxonomy":"product_tag","embeddable":true,"href":"https:\/\/glotomania.com\/pt-pt\/wp-json\/wp\/v2\/product_tag?post=390512"}],"curies":[{"name":"wp","href":"https:\/\/api.w.org\/{rel}","templated":true}]}}