{"id":390514,"date":"2025-09-02T11:05:59","date_gmt":"2025-09-02T11:05:59","guid":{"rendered":"https:\/\/glotomania.com\/p\/espatula-para-levantar-pasteles-wilton-2\/"},"modified":"2026-03-11T04:07:35","modified_gmt":"2026-03-11T04:07:35","slug":"espatula-para-levantar-pasteles-wilton-2","status":"publish","type":"product","link":"https:\/\/glotomania.com\/pt-pt\/p\/espatula-para-levantar-pasteles-wilton-2\/","title":{"rendered":"Esp\u00c1tula Para Levantar Bolos Wilton"},"content":{"rendered":"<p>&nbsp;<\/p>\n<p><span style=\"font-size:14px\"><span style=\"color:#000000\">Pode levantar<strong> bolos at&eacute; 40 cm <\/strong>com confian&ccedil;a, gra&ccedil;as ao seu material resistente e dur&aacute;vel e &agrave; <strong>l&acirc;mina de a&ccedil;o inoxid&aacute;vel<\/strong> que combina desempenho e facilidade de limpeza. A sua cor azul vibrante d&aacute; um toque pr&aacute;tico e atraente ao seu kit de cozinha.&nbsp;<\/span><\/span><\/p>\n<p><span style=\"font-size:14px\"><span style=\"color:#000000\"><strong>Pode ser lavado na m&aacute;quina de lavar lou&ccedil;a<\/strong>, mas n&atilde;o se esque&ccedil;a de o secar bem com um pano macio para o manter em perfeitas condi&ccedil;&otilde;es.<\/span><\/span><\/p>\n","protected":false},"excerpt":{"rendered":"<p>Desenhada para levantar e mover bolos, biscoitos, pizzas, sandu\u00edches, etc., facilmente e sem o risco de os partir, gra\u00e7as \u00e0 sua ampla superf\u00edcie angular.<\/p>\n","protected":false},"featured_media":156868,"comment_status":"open","ping_status":"closed","template":"","meta":{"_acf_changed":false},"pwb-brand":[],"product_brand":[],"product_cat":[3106,3120,3087,1820,1943,1767],"product_tag":[],"class_list":{"0":"post-390514","1":"product","2":"type-product","3":"status-publish","4":"has-post-thumbnail","6":"product_cat-basicos-de-pastelaria","7":"product_cat-espatulas-e-alisadores-2","8":"product_cat-ordem-e-armazenamento","9":"product_cat-basicos","10":"product_cat-espatulas-y-alisadores","11":"product_cat-utensilios","13":"first","14":"instock","15":"taxable","16":"shipping-taxable","17":"purchasable","18":"product-type-simple"},"acf":[],"df_price":13.99,"df_sale_price":"","df_regular_price":13.99,"df_image_link":"https:\/\/glotomania.com\/wp-content\/uploads\/2025\/09\/img_26822_56358114a2ed5535742da4ebf38fbafb_1-300x300.jpg","brands":[],"_links":{"self":[{"href":"https:\/\/glotomania.com\/pt-pt\/wp-json\/wp\/v2\/product\/390514","targetHints":{"allow":["GET"]}}],"collection":[{"href":"https:\/\/glotomania.com\/pt-pt\/wp-json\/wp\/v2\/product"}],"about":[{"href":"https:\/\/glotomania.com\/pt-pt\/wp-json\/wp\/v2\/types\/product"}],"replies":[{"embeddable":true,"href":"https:\/\/glotomania.com\/pt-pt\/wp-json\/wp\/v2\/comments?post=390514"}],"wp:featuredmedia":[{"embeddable":true,"href":"https:\/\/glotomania.com\/pt-pt\/wp-json\/wp\/v2\/media\/156868"}],"wp:attachment":[{"href":"https:\/\/glotomania.com\/pt-pt\/wp-json\/wp\/v2\/media?parent=390514"}],"wp:term":[{"taxonomy":"pwb-brand","embeddable":true,"href":"https:\/\/glotomania.com\/pt-pt\/wp-json\/wp\/v2\/pwb-brand?post=390514"},{"taxonomy":"product_brand","embeddable":true,"href":"https:\/\/glotomania.com\/pt-pt\/wp-json\/wp\/v2\/product_brand?post=390514"},{"taxonomy":"product_cat","embeddable":true,"href":"https:\/\/glotomania.com\/pt-pt\/wp-json\/wp\/v2\/product_cat?post=390514"},{"taxonomy":"product_tag","embeddable":true,"href":"https:\/\/glotomania.com\/pt-pt\/wp-json\/wp\/v2\/product_tag?post=390514"}],"curies":[{"name":"wp","href":"https:\/\/api.w.org\/{rel}","templated":true}]}}