{"id":390520,"date":"2025-09-02T11:06:04","date_gmt":"2025-09-02T11:06:04","guid":{"rendered":"https:\/\/glotomania.com\/p\/boquilla-de-acero-inoxidable-tulipan-5-petalos-no3-2\/"},"modified":"2026-04-14T05:38:01","modified_gmt":"2026-04-14T05:38:01","slug":"boquilla-de-acero-inoxidable-tulipan-5-petalos-no3-2","status":"publish","type":"product","link":"https:\/\/glotomania.com\/pt-pt\/p\/boquilla-de-acero-inoxidable-tulipan-5-petalos-no3-2\/","title":{"rendered":"Bico De A\u00c7o Inoxid\u00c1vel &#8211; Tulipa (5 P\u00c9talas) N\u00ba3"},"content":{"rendered":"<p>&nbsp;<\/p>\n<p><span style=\"color:#000000\"><span style=\"font-size: 14px\">Gra&ccedil;as ao seu design inovador, pode fazer flores de glac&eacute; ou de creme de manteiga de forma muito f&aacute;cil e r&aacute;pida: pode fixar o bico&nbsp;diretamente no saco de pasteleiro ou utilizar um adaptador de tamanho grande. Num instante, ter&aacute; uma flor delicada perfeita para decorar as suas sobremesas!<\/span><\/span><\/p>\n<p><span style=\"color:#000000\"><span style=\"font-size: 14px\">Fabricado em&nbsp;<strong>a&ccedil;o inoxid&aacute;vel de alta qualidade<\/strong>&nbsp;sem pontos de soldadura, este&nbsp;bico&nbsp;&eacute; resistente, dur&aacute;vel e f&aacute;cil de limpar. Acrescente criatividade e sofistica&ccedil;&atilde;o &agrave;s suas decora&ccedil;&otilde;es com uma ferramenta profissional e fi&aacute;vel.<\/span><\/span><\/p>\n<p><span style=\"color:#000000\"><span style=\"font-size: 14px\"><strong>Dimens&otilde;es aproximadas:<\/strong>&nbsp;H 4&nbsp;cm &#8211;&nbsp;<\/span><span style=\"font-size: 14px;font-family: Helvetica\">&Oslash; inferior 3,5&nbsp;cm &#8211;&nbsp;&Oslash; superior 2,4 cm.<\/span><\/span><\/p>\n","protected":false},"excerpt":{"rendered":"<p>D\u00ea um toque \u00fanico e elegante \u00e0s suas flores com este bico de a\u00e7o inoxid\u00e1vel com 5 p\u00e9talas, estames e corola central, perfeito para criar belas tulipas.<\/p>\n","protected":false},"featured_media":156881,"comment_status":"open","ping_status":"closed","template":"","meta":{"_acf_changed":false},"pwb-brand":[],"product_brand":[],"product_cat":[3087,3157,1770,1869,1767],"product_tag":[],"class_list":{"0":"post-390520","1":"product","2":"type-product","3":"status-publish","4":"has-post-thumbnail","6":"product_cat-ordem-e-armazenamento","7":"product_cat-sets-de-bicos","8":"product_cat-boquilas","9":"product_cat-ultimas-unidades","10":"product_cat-utensilios","12":"first","13":"instock","14":"taxable","15":"shipping-taxable","16":"purchasable","17":"product-type-simple"},"acf":[],"df_price":0.61,"df_sale_price":0.61,"df_regular_price":1.5,"df_image_link":"https:\/\/glotomania.com\/wp-content\/uploads\/2025\/09\/img_26858_b675d2dbae7146734e12ec1696b95103_1-300x300.jpg","brands":[],"_links":{"self":[{"href":"https:\/\/glotomania.com\/pt-pt\/wp-json\/wp\/v2\/product\/390520","targetHints":{"allow":["GET"]}}],"collection":[{"href":"https:\/\/glotomania.com\/pt-pt\/wp-json\/wp\/v2\/product"}],"about":[{"href":"https:\/\/glotomania.com\/pt-pt\/wp-json\/wp\/v2\/types\/product"}],"replies":[{"embeddable":true,"href":"https:\/\/glotomania.com\/pt-pt\/wp-json\/wp\/v2\/comments?post=390520"}],"wp:featuredmedia":[{"embeddable":true,"href":"https:\/\/glotomania.com\/pt-pt\/wp-json\/wp\/v2\/media\/156881"}],"wp:attachment":[{"href":"https:\/\/glotomania.com\/pt-pt\/wp-json\/wp\/v2\/media?parent=390520"}],"wp:term":[{"taxonomy":"pwb-brand","embeddable":true,"href":"https:\/\/glotomania.com\/pt-pt\/wp-json\/wp\/v2\/pwb-brand?post=390520"},{"taxonomy":"product_brand","embeddable":true,"href":"https:\/\/glotomania.com\/pt-pt\/wp-json\/wp\/v2\/product_brand?post=390520"},{"taxonomy":"product_cat","embeddable":true,"href":"https:\/\/glotomania.com\/pt-pt\/wp-json\/wp\/v2\/product_cat?post=390520"},{"taxonomy":"product_tag","embeddable":true,"href":"https:\/\/glotomania.com\/pt-pt\/wp-json\/wp\/v2\/product_tag?post=390520"}],"curies":[{"name":"wp","href":"https:\/\/api.w.org\/{rel}","templated":true}]}}