{"id":390526,"date":"2025-09-02T11:06:08","date_gmt":"2025-09-02T11:06:08","guid":{"rendered":"https:\/\/glotomania.com\/p\/botella-de-tinta-comestible-para-impresora-epson-magenta-70-ml-2\/"},"modified":"2026-04-07T07:50:20","modified_gmt":"2026-04-07T07:50:20","slug":"botella-de-tinta-comestible-para-impresora-epson-magenta-70-ml-2","status":"publish","type":"product","link":"https:\/\/glotomania.com\/pt-pt\/p\/botella-de-tinta-comestible-para-impresora-epson-magenta-70-ml-2\/","title":{"rendered":"Frasco De Tinta Comest\u00cdvel Para Impressora Epson &#8211; Magenta (70 Ml)"},"content":{"rendered":"<p>&nbsp;<\/p>\n<p><span style=\"color:#000000\"><span style=\"font-size: 14px\">Concebido especificamente para utiliza&ccedil;&atilde;o em impressoras Epson, oferece cores vivas, um acabamento brilhante e uma qualidade de impress&atilde;o superior em papel comest&iacute;vel.&nbsp;<\/span><\/span><\/p>\n<p><span style=\"color:#000000\"><span style=\"font-size: 14px\">&Eacute; importante notar que&nbsp;<strong>n&atilde;o &eacute; adequada para recarregar os tinteiros Epson<\/strong>. As nossas tintas engarrafadas Epson s&atilde;o compat&iacute;veis com os sistemas Epson CISS e com as impressoras EcoTank, embora n&atilde;o sejam recomendadas para utiliza&ccedil;&atilde;o nos tinteiros Epson tradicionais.<\/span><\/span><\/p>\n<p><span style=\"color:#000000\"><span style=\"font-size: 14px\"><strong>Modelos de impressoras compat&iacute;veis:<\/strong><br \/>\nET-14100, ET-15000, ET-1810, ET-2710, ET-2810, ET-2810, ET-2811, ET-2812, ET-2814, ET-2815, ET-2820, ET-2821, ET-2825, ET-2830, ET-2840, ET-2850, ET-2851, ET-2856, ET-2870, ET-2871, ET-2875, ET-2876, ET-4800.<\/span><\/span><\/p>\n<p><span style=\"color:#000000\"><span style=\"font-size: 14px\">Para uma utiliza&ccedil;&atilde;o &oacute;ptima da tinta alimentar Pastkolor para impressoras Epson, siga as instru&ccedil;&otilde;es abaixo:<\/span><\/span><\/p>\n<ol>\n<li><span style=\"color:#000000\"><span style=\"font-size: 14px\"><strong>Recarregar a tinta:<\/strong>&nbsp;Encher cuidadosamente a tinta no dep&oacute;sito de tinta da impressora utilizando uma seringa. Ter cuidado para n&atilde;o derramar tinta ou deixar bolhas de ar no dep&oacute;sito de tinta.&nbsp;<\/span><\/span><\/li>\n<li><span style=\"color:#000000\"><span style=\"font-size: 14px\"><strong>Primeira coloca&ccedil;&atilde;o em funcionamento da impressora:&nbsp;<\/strong>Iniciar o programa da impressora para a primeira coloca&ccedil;&atilde;o em funcionamento e seguir as instru&ccedil;&otilde;es do manual do utilizador. Quando chegar ao passo &ldquo;Teste de press&atilde;o\/teste do bico&rdquo;, N&Atilde;O o efectue. Cancelar o processo neste ponto e desligar a impressora.<\/span><\/span><\/li>\n<li><span style=\"color:#000000\"><span style=\"font-size: 14px\"><strong>Estabiliza&ccedil;&atilde;o da tinta:&nbsp;<\/strong>Deixe a impressora desligada durante pelo menos um dia, de prefer&ecirc;ncia durante o fim de semana, para permitir a estabiliza&ccedil;&atilde;o da tinta. Isto garante uma qualidade de impress&atilde;o &oacute;ptima.<\/span><\/span><\/li>\n<li><span style=\"color:#000000\"><span style=\"font-size: 14px\"><strong>Teste de impress&atilde;o:&nbsp;<\/strong>Ligar novamente a impressora. Efetuar o teste de impress&atilde;o\/teste dos injectores para verificar a qualidade e o funcionamento da impressora.&nbsp;<\/span><\/span><\/li>\n<li><span style=\"color:#000000\"><span style=\"font-size: 14px\"><strong>Nota importante:<\/strong>&nbsp;Se n&atilde;o ficar satisfeito com o resultado da impress&atilde;o ou se ocorrerem problemas, repita os passos 3 e 4.<\/span><\/span><\/li>\n<\/ol>\n<p><span style=\"color:#000000\"><span style=\"font-size: 14px\"><strong>Advert&ecirc;ncias:&nbsp;<\/strong>N&atilde;o utilize mais de 3,5 g de tinta alimentar por 1 kg de papel comest&iacute;vel, de acordo com o Regulamento UE 1333\/2008.<\/span><\/span><\/p>\n","protected":false},"excerpt":{"rendered":"<p>Tinta comest\u00edvel de alta qualidade num frasco para impress\u00f5es fotogr\u00e1ficas vivas e de alta resolu\u00e7\u00e3o com cores intensas e um brilho extraordin\u00e1rio.<\/p>\n","protected":false},"featured_media":156892,"comment_status":"open","ping_status":"closed","template":"","meta":{"_acf_changed":false},"pwb-brand":[],"product_brand":[],"product_cat":[2925,2996,3001,3004,2941,2936,1832,1841,1845,1833,2001,2004],"product_tag":[],"class_list":{"0":"post-390526","1":"product","2":"type-product","3":"status-publish","4":"has-post-thumbnail","6":"product_cat-impressoes-comestiveis","7":"product_cat-produtos-vegetarianos","8":"product_cat-sem-e-171-2","9":"product_cat-sem-gluten-2","10":"product_cat-tinta-comestivel-epson","11":"product_cat-tintas-comestiveis-2","12":"product_cat-diestas-especiales","13":"product_cat-impresiones","14":"product_cat-dieta-sin-e-171","15":"product_cat-dieta-sin-gluten","16":"product_cat-tinta-comestible","17":"product_cat-tinta-epson","19":"first","20":"instock","21":"taxable","22":"shipping-taxable","23":"purchasable","24":"product-type-simple"},"acf":[],"df_price":9.95,"df_sale_price":"","df_regular_price":9.95,"df_image_link":"https:\/\/glotomania.com\/wp-content\/uploads\/2025\/09\/img_26869_3ac99f7b26f9d3a5db2de840762935ee_1-300x300.jpg","brands":[],"_links":{"self":[{"href":"https:\/\/glotomania.com\/pt-pt\/wp-json\/wp\/v2\/product\/390526","targetHints":{"allow":["GET"]}}],"collection":[{"href":"https:\/\/glotomania.com\/pt-pt\/wp-json\/wp\/v2\/product"}],"about":[{"href":"https:\/\/glotomania.com\/pt-pt\/wp-json\/wp\/v2\/types\/product"}],"replies":[{"embeddable":true,"href":"https:\/\/glotomania.com\/pt-pt\/wp-json\/wp\/v2\/comments?post=390526"}],"wp:featuredmedia":[{"embeddable":true,"href":"https:\/\/glotomania.com\/pt-pt\/wp-json\/wp\/v2\/media\/156892"}],"wp:attachment":[{"href":"https:\/\/glotomania.com\/pt-pt\/wp-json\/wp\/v2\/media?parent=390526"}],"wp:term":[{"taxonomy":"pwb-brand","embeddable":true,"href":"https:\/\/glotomania.com\/pt-pt\/wp-json\/wp\/v2\/pwb-brand?post=390526"},{"taxonomy":"product_brand","embeddable":true,"href":"https:\/\/glotomania.com\/pt-pt\/wp-json\/wp\/v2\/product_brand?post=390526"},{"taxonomy":"product_cat","embeddable":true,"href":"https:\/\/glotomania.com\/pt-pt\/wp-json\/wp\/v2\/product_cat?post=390526"},{"taxonomy":"product_tag","embeddable":true,"href":"https:\/\/glotomania.com\/pt-pt\/wp-json\/wp\/v2\/product_tag?post=390526"}],"curies":[{"name":"wp","href":"https:\/\/api.w.org\/{rel}","templated":true}]}}