{"id":390528,"date":"2026-03-04T12:04:59","date_gmt":"2026-03-04T12:04:59","guid":{"rendered":"https:\/\/glotomania.com\/p\/azucar-perlado-pastkolor-300-g\/"},"modified":"2026-03-11T04:08:08","modified_gmt":"2026-03-11T04:08:08","slug":"azucar-perlado-pastkolor-300-g","status":"publish","type":"product","link":"https:\/\/glotomania.com\/pt-pt\/p\/azucar-perlado-pastkolor-300-g\/","title":{"rendered":"A\u00c7\u00dacar Perlado Pastkolor \u2013 500 G"},"content":{"rendered":"<p>&nbsp;<\/p>\n<div><span style=\"font-size: 14px\"><span>Ideal para padarias, pastelarias e produ&ccedil;&atilde;o em volume. Apresenta granulometria P2 (m&eacute;dio-grande), perfeita para aplica&ccedil;&otilde;es vis&iacute;veis na superf&iacute;cie. A sua&nbsp;<strong>resist&ecirc;ncia ao calor<\/strong>&nbsp;permite manter a estrutura dos cristais durante o forno, proporcionando o&nbsp;<strong>efeito crocante<\/strong>&nbsp;valorizado na pastelaria tradicional.<\/span><\/span><br \/>\n&nbsp;<\/div>\n<div><span style=\"font-size: 14px\"><span><strong>Caracter&iacute;sticas principais:<\/strong><\/span><\/span><\/div>\n<ul>\n<li><span style=\"font-size: 14px\"><span>Grande estabilidade estrutural.<\/span><\/span><\/li>\n<li><span style=\"font-size: 14px\"><span>Acabamento decorativo profissional com textura crocante.<\/span><\/span><\/li>\n<li><span style=\"font-size: 14px\"><span>Sabor neutro.<\/span><\/span><\/li>\n<li><span style=\"font-size: 14px\"><span>Cristais resistentes ao forno, n&atilde;o derrete facilmente.<\/span><\/span><\/li>\n<\/ul>\n<div><span style=\"font-size: 14px\"><span><strong>Aplica&ccedil;&otilde;es recomendadas:<\/strong><\/span><\/span><\/div>\n<ul>\n<li><span style=\"font-size: 14px\"><span>Waffles.<\/span><\/span><\/li>\n<li><span style=\"font-size: 14px\"><span>Pastelaria.<\/span><\/span><\/li>\n<li><span style=\"font-size: 14px\"><span>Brioches e Bolo Rei.<\/span><\/span><\/li>\n<li><span style=\"font-size: 14px\"><span>Ensaimadas.<\/span><\/span><\/li>\n<li><span style=\"font-size: 14px\"><span>P&atilde;o doce.<\/span><\/span><\/li>\n<li><span style=\"font-size: 14px\"><span>Decora&ccedil;&atilde;o de massas fermentadas.<\/span><\/span><\/li>\n<li><span style=\"font-size: 14px\"><span>Produtos artesanais e industriais.<\/span><\/span><\/li>\n<\/ul>\n","protected":false},"excerpt":{"rendered":"<p>A\u00e7\u00facar granulado grosso de alta qualidade, especialmente desenvolvido para aplica\u00e7\u00f5es profissionais em padaria e pastelaria. Os seus cristais grandes e resistentes ao calor mant\u00eam a forma durante a cozedura, proporcionando textura crocante e acabamento decorativo caracter\u00edstico.<\/p>\n","protected":false},"featured_media":385986,"comment_status":"open","ping_status":"closed","template":"","meta":{"_acf_changed":false},"pwb-brand":[],"product_brand":[],"product_cat":[2905,1829],"product_tag":[],"class_list":{"0":"post-390528","1":"product","2":"type-product","3":"status-publish","4":"has-post-thumbnail","6":"product_cat-data-de-expiracao-proxima","7":"product_cat-ingredientes","9":"first","10":"instock","11":"taxable","12":"shipping-taxable","13":"purchasable","14":"product-type-simple"},"acf":[],"df_price":4.26,"df_sale_price":"","df_regular_price":4.26,"df_image_link":"https:\/\/glotomania.com\/wp-content\/uploads\/2026\/03\/img_28471_43a2d8a4caf96a762f09fd47c2879f58_1.jpg","brands":[],"_links":{"self":[{"href":"https:\/\/glotomania.com\/pt-pt\/wp-json\/wp\/v2\/product\/390528","targetHints":{"allow":["GET"]}}],"collection":[{"href":"https:\/\/glotomania.com\/pt-pt\/wp-json\/wp\/v2\/product"}],"about":[{"href":"https:\/\/glotomania.com\/pt-pt\/wp-json\/wp\/v2\/types\/product"}],"replies":[{"embeddable":true,"href":"https:\/\/glotomania.com\/pt-pt\/wp-json\/wp\/v2\/comments?post=390528"}],"wp:featuredmedia":[{"embeddable":true,"href":"https:\/\/glotomania.com\/pt-pt\/wp-json\/wp\/v2\/media\/385986"}],"wp:attachment":[{"href":"https:\/\/glotomania.com\/pt-pt\/wp-json\/wp\/v2\/media?parent=390528"}],"wp:term":[{"taxonomy":"pwb-brand","embeddable":true,"href":"https:\/\/glotomania.com\/pt-pt\/wp-json\/wp\/v2\/pwb-brand?post=390528"},{"taxonomy":"product_brand","embeddable":true,"href":"https:\/\/glotomania.com\/pt-pt\/wp-json\/wp\/v2\/product_brand?post=390528"},{"taxonomy":"product_cat","embeddable":true,"href":"https:\/\/glotomania.com\/pt-pt\/wp-json\/wp\/v2\/product_cat?post=390528"},{"taxonomy":"product_tag","embeddable":true,"href":"https:\/\/glotomania.com\/pt-pt\/wp-json\/wp\/v2\/product_tag?post=390528"}],"curies":[{"name":"wp","href":"https:\/\/api.w.org\/{rel}","templated":true}]}}