{"id":390554,"date":"2025-09-02T11:06:29","date_gmt":"2025-09-02T11:06:29","guid":{"rendered":"https:\/\/glotomania.com\/p\/flores-de-papel-comestibles-funcakes-hortensia-purpura-amarilla-pequena-2\/"},"modified":"2026-04-13T11:26:04","modified_gmt":"2026-04-13T11:26:04","slug":"flores-de-papel-comestibles-funcakes-hortensia-purpura-amarilla-pequena-2","status":"publish","type":"product","link":"https:\/\/glotomania.com\/pt-pt\/p\/flores-de-papel-comestibles-funcakes-hortensia-purpura-amarilla-pequena-2\/","title":{"rendered":"Flores De Papel Comest\u00cdvel Funcakes &#8211; Hort\u00cansia Purpura \/ Amarela Pequena"},"content":{"rendered":"<p>&nbsp;<\/p>\n<p><span style=\"color:#000000\"><span style=\"font-size: 14px\">Desenhadas para uma decora&ccedil;&atilde;o f&aacute;cil, estas flores prontas a usar d&atilde;o um toque de sofistica&ccedil;&atilde;o e cor &agrave;s suas cria&ccedil;&otilde;es. Dispon&iacute;veis numa variedade de estilos, pode combin&aacute;-las para criar arranjos florais &uacute;nicos ou adicion&aacute;-las individualmente para um efeito subtil e requintado, perfeito para dar vida e eleg&acirc;ncia a bolos, cupcakes e outras guloseimas.<\/span><\/span><\/p>\n<p><span style=\"color:#000000\"><span style=\"font-size: 14px\"><strong>Dimens&otilde;es aproximadas:<\/strong>&nbsp;3,7 cm.<\/span><\/span><\/p>\n<p><span style=\"color:#000000\"><em><span style=\"font-size: 14px\">A embalagem inclui 18&nbsp;unidades.<\/span><\/em><\/span><\/p>\n","protected":false},"excerpt":{"rendered":"<p>18 elegantes flores de h\u00f3stia comest\u00edveis brancas, prontas para decorar as suas sobremesas com estilo e sofistica\u00e7\u00e3o.<\/p>\n","protected":false},"featured_media":156939,"comment_status":"open","ping_status":"closed","template":"","meta":{"_acf_changed":false},"pwb-brand":[],"product_brand":[],"product_cat":[2910,2911,1839,2979,2913,1832,2907,1996,2990,1997,2992,1845,2921,2996,1888,1862,1851,1849,1858,3001],"product_tag":[],"class_list":{"0":"post-390554","1":"product","2":"type-product","3":"status-publish","4":"has-post-thumbnail","6":"product_cat-casamentos-2","7":"product_cat-comunhoes","8":"product_cat-decoracion-comestible","9":"product_cat-decoracoes-comestiveis-2","10":"product_cat-dia-das-maes","11":"product_cat-diestas-especiales","12":"product_cat-festas","13":"product_cat-flores","14":"product_cat-flores-comestiveis-para-bolos-2","15":"product_cat-flores-oblea","16":"product_cat-flores-de-wafer","17":"product_cat-dieta-sin-e-171","18":"product_cat-pascoa","19":"product_cat-produtos-vegetarianos","20":"product_cat-bodas","21":"product_cat-comuniones","22":"product_cat-dia-de-la-madre","23":"product_cat-fiestas","24":"product_cat-pascua","25":"product_cat-sem-e-171-2","27":"first","28":"instock","29":"taxable","30":"shipping-taxable","31":"purchasable","32":"product-type-simple"},"acf":[],"df_price":13.75,"df_sale_price":"","df_regular_price":13.75,"df_image_link":"https:\/\/glotomania.com\/wp-content\/uploads\/2025\/09\/img_26937_0613236788aeed69a228b6f76d015342_1-300x300.jpg","brands":[],"_links":{"self":[{"href":"https:\/\/glotomania.com\/pt-pt\/wp-json\/wp\/v2\/product\/390554","targetHints":{"allow":["GET"]}}],"collection":[{"href":"https:\/\/glotomania.com\/pt-pt\/wp-json\/wp\/v2\/product"}],"about":[{"href":"https:\/\/glotomania.com\/pt-pt\/wp-json\/wp\/v2\/types\/product"}],"replies":[{"embeddable":true,"href":"https:\/\/glotomania.com\/pt-pt\/wp-json\/wp\/v2\/comments?post=390554"}],"wp:featuredmedia":[{"embeddable":true,"href":"https:\/\/glotomania.com\/pt-pt\/wp-json\/wp\/v2\/media\/156939"}],"wp:attachment":[{"href":"https:\/\/glotomania.com\/pt-pt\/wp-json\/wp\/v2\/media?parent=390554"}],"wp:term":[{"taxonomy":"pwb-brand","embeddable":true,"href":"https:\/\/glotomania.com\/pt-pt\/wp-json\/wp\/v2\/pwb-brand?post=390554"},{"taxonomy":"product_brand","embeddable":true,"href":"https:\/\/glotomania.com\/pt-pt\/wp-json\/wp\/v2\/product_brand?post=390554"},{"taxonomy":"product_cat","embeddable":true,"href":"https:\/\/glotomania.com\/pt-pt\/wp-json\/wp\/v2\/product_cat?post=390554"},{"taxonomy":"product_tag","embeddable":true,"href":"https:\/\/glotomania.com\/pt-pt\/wp-json\/wp\/v2\/product_tag?post=390554"}],"curies":[{"name":"wp","href":"https:\/\/api.w.org\/{rel}","templated":true}]}}