{"id":390556,"date":"2025-09-02T11:06:32","date_gmt":"2025-09-02T11:06:32","guid":{"rendered":"https:\/\/glotomania.com\/p\/flores-de-papel-comestibles-funcakes-loto-blanca-mediana-2\/"},"modified":"2026-04-23T16:41:53","modified_gmt":"2026-04-23T16:41:53","slug":"flores-de-papel-comestibles-funcakes-loto-blanca-mediana-2","status":"publish","type":"product","link":"https:\/\/glotomania.com\/pt-pt\/p\/flores-de-papel-comestibles-funcakes-loto-blanca-mediana-2\/","title":{"rendered":"Flores De Papel Comest\u00cdveis Funcakes &#8211; L\u00d3tus Branca M\u00c9dia"},"content":{"rendered":"<p>&nbsp;<\/p>\n<p><span style=\"font-size:14px\"><span style=\"color:#000000\">Desenhadas para uma decora&ccedil;&atilde;o f&aacute;cil, estas flores prontas a usar d&atilde;o um toque de sofistica&ccedil;&atilde;o e cor &agrave;s suas cria&ccedil;&otilde;es. Dispon&iacute;veis numa variedade de estilos, pode combin&aacute;-las para criar arranjos florais &uacute;nicos ou adicion&aacute;-las individualmente para um efeito subtil e requintado, perfeito para dar vida e eleg&acirc;ncia a bolos, cupcakes e outras guloseimas.<\/span><\/span><\/p>\n<p><span style=\"font-size:14px\"><span style=\"color:#000000\"><strong>Dimens&otilde;es aproximadas: <\/strong>7&nbsp;cm.<\/span><\/span><\/p>\n<p><span style=\"font-size:14px\"><span style=\"color:#000000\"><em>A embalagem inclui 10 unidades.<\/em><\/span><\/span><\/p>\n","protected":false},"excerpt":{"rendered":"<p>10 elegantes flores de h\u00f3stia comest\u00edveis brancas, prontas para decorar as suas sobremesas com estilo e sofistica\u00e7\u00e3o.<\/p>\n","protected":false},"featured_media":156947,"comment_status":"open","ping_status":"closed","template":"","meta":{"_acf_changed":false},"pwb-brand":[],"product_brand":[],"product_cat":[2908,2910,2911,2979,2913,2907,2990,2992,2921,2996,3001,1839,1832,1996,1997,1845,1888,1862,1885,1851,1849,1858],"product_tag":[],"class_list":{"0":"post-390556","1":"product","2":"type-product","3":"status-publish","4":"has-post-thumbnail","6":"product_cat-batizados","7":"product_cat-casamentos-2","8":"product_cat-comunhoes","9":"product_cat-decoracoes-comestiveis-2","10":"product_cat-dia-das-maes","11":"product_cat-festas","12":"product_cat-flores-comestiveis-para-bolos-2","13":"product_cat-flores-de-wafer","14":"product_cat-pascoa","15":"product_cat-produtos-vegetarianos","16":"product_cat-sem-e-171-2","17":"product_cat-decoracion-comestible","18":"product_cat-diestas-especiales","19":"product_cat-flores","20":"product_cat-flores-oblea","21":"product_cat-dieta-sin-e-171","22":"product_cat-bodas","23":"product_cat-comuniones","24":"product_cat-bautizos","25":"product_cat-dia-de-la-madre","26":"product_cat-fiestas","27":"product_cat-pascua","29":"first","30":"instock","31":"taxable","32":"shipping-taxable","33":"purchasable","34":"product-type-simple"},"acf":[],"df_price":21.5,"df_sale_price":"","df_regular_price":21.5,"df_image_link":"https:\/\/glotomania.com\/wp-content\/uploads\/2025\/09\/img_26946_3c4debffe55087f538f17da935b99975_1-300x300.jpg","brands":[],"_links":{"self":[{"href":"https:\/\/glotomania.com\/pt-pt\/wp-json\/wp\/v2\/product\/390556","targetHints":{"allow":["GET"]}}],"collection":[{"href":"https:\/\/glotomania.com\/pt-pt\/wp-json\/wp\/v2\/product"}],"about":[{"href":"https:\/\/glotomania.com\/pt-pt\/wp-json\/wp\/v2\/types\/product"}],"replies":[{"embeddable":true,"href":"https:\/\/glotomania.com\/pt-pt\/wp-json\/wp\/v2\/comments?post=390556"}],"wp:featuredmedia":[{"embeddable":true,"href":"https:\/\/glotomania.com\/pt-pt\/wp-json\/wp\/v2\/media\/156947"}],"wp:attachment":[{"href":"https:\/\/glotomania.com\/pt-pt\/wp-json\/wp\/v2\/media?parent=390556"}],"wp:term":[{"taxonomy":"pwb-brand","embeddable":true,"href":"https:\/\/glotomania.com\/pt-pt\/wp-json\/wp\/v2\/pwb-brand?post=390556"},{"taxonomy":"product_brand","embeddable":true,"href":"https:\/\/glotomania.com\/pt-pt\/wp-json\/wp\/v2\/product_brand?post=390556"},{"taxonomy":"product_cat","embeddable":true,"href":"https:\/\/glotomania.com\/pt-pt\/wp-json\/wp\/v2\/product_cat?post=390556"},{"taxonomy":"product_tag","embeddable":true,"href":"https:\/\/glotomania.com\/pt-pt\/wp-json\/wp\/v2\/product_tag?post=390556"}],"curies":[{"name":"wp","href":"https:\/\/api.w.org\/{rel}","templated":true}]}}