{"id":390558,"date":"2025-09-02T11:06:35","date_gmt":"2025-09-02T11:06:35","guid":{"rendered":"https:\/\/glotomania.com\/p\/flores-de-papel-comestible-funcakes-magnolia-blanca-grande-2\/"},"modified":"2026-03-11T04:09:34","modified_gmt":"2026-03-11T04:09:34","slug":"flores-de-papel-comestible-funcakes-magnolia-blanca-grande-2","status":"publish","type":"product","link":"https:\/\/glotomania.com\/pt-pt\/p\/flores-de-papel-comestible-funcakes-magnolia-blanca-grande-2\/","title":{"rendered":"Flores De Papel Comest\u00cdveis Funcakes &#8211; Magn\u00d3lia Branca Grande"},"content":{"rendered":"<p>&nbsp;<\/p>\n<p><span style=\"color:#000000\"><span style=\"font-size: 14px\">Desenhadas para uma decora&ccedil;&atilde;o f&aacute;cil, estas flores prontas a usar d&atilde;o um toque de sofistica&ccedil;&atilde;o e cor &agrave;s suas cria&ccedil;&otilde;es. Dispon&iacute;veis numa variedade de estilos, pode combin&aacute;-las para criar arranjos florais &uacute;nicos ou adicion&aacute;-las individualmente para um efeito subtil e requintado, perfeito para dar vida e eleg&acirc;ncia a bolos, cupcakes e outras guloseimas.<\/span><\/span><\/p>\n<p><span style=\"color:#000000\"><span style=\"font-size: 14px\"><strong>Dimens&otilde;es aproximadas:<\/strong>&nbsp;6 cm.<\/span><\/span><\/p>\n<p><span style=\"color:#000000\"><span style=\"font-size: 14px\"><em>A embalagem inclui 6&nbsp;unidades.<\/em><\/span><\/span><\/p>\n","protected":false},"excerpt":{"rendered":"<p>6 elegantes flores de h\u00f3stia comest\u00edveis brancas, prontas para decorar as suas sobremesas com estilo e sofistica\u00e7\u00e3o.<\/p>\n","protected":false},"featured_media":156954,"comment_status":"open","ping_status":"closed","template":"","meta":{"_acf_changed":false},"pwb-brand":[],"product_brand":[],"product_cat":[2908,2910,2911,1839,2979,2913,1832,2907,1996,2990,1997,2992,1845,2921,2996,1888,1862,1885,1851,1849,1858,3001],"product_tag":[],"class_list":{"0":"post-390558","1":"product","2":"type-product","3":"status-publish","4":"has-post-thumbnail","6":"product_cat-batizados","7":"product_cat-casamentos-2","8":"product_cat-comunhoes","9":"product_cat-decoracion-comestible","10":"product_cat-decoracoes-comestiveis-2","11":"product_cat-dia-das-maes","12":"product_cat-diestas-especiales","13":"product_cat-festas","14":"product_cat-flores","15":"product_cat-flores-comestiveis-para-bolos-2","16":"product_cat-flores-oblea","17":"product_cat-flores-de-wafer","18":"product_cat-dieta-sin-e-171","19":"product_cat-pascoa","20":"product_cat-produtos-vegetarianos","21":"product_cat-bodas","22":"product_cat-comuniones","23":"product_cat-bautizos","24":"product_cat-dia-de-la-madre","25":"product_cat-fiestas","26":"product_cat-pascua","27":"product_cat-sem-e-171-2","29":"first","30":"instock","31":"taxable","32":"shipping-taxable","33":"purchasable","34":"product-type-simple"},"acf":[],"df_price":16.75,"df_sale_price":"","df_regular_price":16.75,"df_image_link":"https:\/\/glotomania.com\/wp-content\/uploads\/2025\/09\/img_26955_21541d5c8dbfe2f8aed0ce544013141a_1-300x300.jpg","brands":[],"_links":{"self":[{"href":"https:\/\/glotomania.com\/pt-pt\/wp-json\/wp\/v2\/product\/390558","targetHints":{"allow":["GET"]}}],"collection":[{"href":"https:\/\/glotomania.com\/pt-pt\/wp-json\/wp\/v2\/product"}],"about":[{"href":"https:\/\/glotomania.com\/pt-pt\/wp-json\/wp\/v2\/types\/product"}],"replies":[{"embeddable":true,"href":"https:\/\/glotomania.com\/pt-pt\/wp-json\/wp\/v2\/comments?post=390558"}],"wp:featuredmedia":[{"embeddable":true,"href":"https:\/\/glotomania.com\/pt-pt\/wp-json\/wp\/v2\/media\/156954"}],"wp:attachment":[{"href":"https:\/\/glotomania.com\/pt-pt\/wp-json\/wp\/v2\/media?parent=390558"}],"wp:term":[{"taxonomy":"pwb-brand","embeddable":true,"href":"https:\/\/glotomania.com\/pt-pt\/wp-json\/wp\/v2\/pwb-brand?post=390558"},{"taxonomy":"product_brand","embeddable":true,"href":"https:\/\/glotomania.com\/pt-pt\/wp-json\/wp\/v2\/product_brand?post=390558"},{"taxonomy":"product_cat","embeddable":true,"href":"https:\/\/glotomania.com\/pt-pt\/wp-json\/wp\/v2\/product_cat?post=390558"},{"taxonomy":"product_tag","embeddable":true,"href":"https:\/\/glotomania.com\/pt-pt\/wp-json\/wp\/v2\/product_tag?post=390558"}],"curies":[{"name":"wp","href":"https:\/\/api.w.org\/{rel}","templated":true}]}}