{"id":390562,"date":"2025-09-02T11:06:40","date_gmt":"2025-09-02T11:06:40","guid":{"rendered":"https:\/\/glotomania.com\/p\/flores-de-papel-comestibles-funcakes-orquidea-roja-mediana-2\/"},"modified":"2026-04-14T05:38:04","modified_gmt":"2026-04-14T05:38:04","slug":"flores-de-papel-comestibles-funcakes-orquidea-roja-mediana-2","status":"publish","type":"product","link":"https:\/\/glotomania.com\/pt-pt\/p\/flores-de-papel-comestibles-funcakes-orquidea-roja-mediana-2\/","title":{"rendered":"Flores De Papel Comest\u00cdveis Funcakes &#8211; Orqu\u00cddea Vermelha M\u00c9dia"},"content":{"rendered":"<p>&nbsp;<\/p>\n<p><span style=\"color:#000000\"><span style=\"font-size: 14px\">Desenhadas para uma decora&ccedil;&atilde;o f&aacute;cil, estas flores prontas a usar d&atilde;o um toque de sofistica&ccedil;&atilde;o e cor &agrave;s suas cria&ccedil;&otilde;es. Dispon&iacute;veis numa variedade de estilos, pode combin&aacute;-las para criar arranjos florais &uacute;nicos ou adicion&aacute;-las individualmente para um efeito subtil e requintado, perfeito para dar vida e eleg&acirc;ncia a bolos, cupcakes e outras guloseimas.<\/span><\/span><\/p>\n<p><span style=\"color:#000000\"><span style=\"font-size: 14px\"><strong>Dimens&otilde;es aproximadas:<\/strong>&nbsp;8,5 x 7,5 cm.<\/span><\/span><\/p>\n<p><span style=\"color:#000000\"><em><span style=\"font-size: 14px\">A embalagem inclui 10 unidades.<\/span><\/em><\/span><\/p>\n","protected":false},"excerpt":{"rendered":"<p>10 elegantes flores de h\u00f3stia comest\u00edveis vermelhas, prontas para decorar as suas sobremesas com estilo e sofistica\u00e7\u00e3o.<\/p>\n","protected":false},"featured_media":156975,"comment_status":"open","ping_status":"closed","template":"","meta":{"_acf_changed":false},"pwb-brand":[],"product_brand":[],"product_cat":[1852,1839,2979,2913,1832,2907,1996,2990,1997,2992,1845,2921,2996,1851,1849,1858,2924,3001],"product_tag":[],"class_list":{"0":"post-390562","1":"product","2":"type-product","3":"status-publish","4":"has-post-thumbnail","6":"product_cat-san-valentin","7":"product_cat-decoracion-comestible","8":"product_cat-decoracoes-comestiveis-2","9":"product_cat-dia-das-maes","10":"product_cat-diestas-especiales","11":"product_cat-festas","12":"product_cat-flores","13":"product_cat-flores-comestiveis-para-bolos-2","14":"product_cat-flores-oblea","15":"product_cat-flores-de-wafer","16":"product_cat-dieta-sin-e-171","17":"product_cat-pascoa","18":"product_cat-produtos-vegetarianos","19":"product_cat-dia-de-la-madre","20":"product_cat-fiestas","21":"product_cat-pascua","22":"product_cat-sao-valentim-2","23":"product_cat-sem-e-171-2","25":"first","26":"instock","27":"taxable","28":"shipping-taxable","29":"purchasable","30":"product-type-simple"},"acf":[],"df_price":9.63,"df_sale_price":9.63,"df_regular_price":13.75,"df_image_link":"https:\/\/glotomania.com\/wp-content\/uploads\/2025\/09\/img_26971_e95c50c341bfa9f7aa2cadd1bcedba70_1-300x300.jpg","brands":[],"_links":{"self":[{"href":"https:\/\/glotomania.com\/pt-pt\/wp-json\/wp\/v2\/product\/390562","targetHints":{"allow":["GET"]}}],"collection":[{"href":"https:\/\/glotomania.com\/pt-pt\/wp-json\/wp\/v2\/product"}],"about":[{"href":"https:\/\/glotomania.com\/pt-pt\/wp-json\/wp\/v2\/types\/product"}],"replies":[{"embeddable":true,"href":"https:\/\/glotomania.com\/pt-pt\/wp-json\/wp\/v2\/comments?post=390562"}],"wp:featuredmedia":[{"embeddable":true,"href":"https:\/\/glotomania.com\/pt-pt\/wp-json\/wp\/v2\/media\/156975"}],"wp:attachment":[{"href":"https:\/\/glotomania.com\/pt-pt\/wp-json\/wp\/v2\/media?parent=390562"}],"wp:term":[{"taxonomy":"pwb-brand","embeddable":true,"href":"https:\/\/glotomania.com\/pt-pt\/wp-json\/wp\/v2\/pwb-brand?post=390562"},{"taxonomy":"product_brand","embeddable":true,"href":"https:\/\/glotomania.com\/pt-pt\/wp-json\/wp\/v2\/product_brand?post=390562"},{"taxonomy":"product_cat","embeddable":true,"href":"https:\/\/glotomania.com\/pt-pt\/wp-json\/wp\/v2\/product_cat?post=390562"},{"taxonomy":"product_tag","embeddable":true,"href":"https:\/\/glotomania.com\/pt-pt\/wp-json\/wp\/v2\/product_tag?post=390562"}],"curies":[{"name":"wp","href":"https:\/\/api.w.org\/{rel}","templated":true}]}}