{"id":390564,"date":"2025-09-02T11:06:42","date_gmt":"2025-09-02T11:06:42","guid":{"rendered":"https:\/\/glotomania.com\/p\/flores-de-papel-comestibles-funcakes-mix-pensamiento-pequena-2\/"},"modified":"2026-03-11T04:09:49","modified_gmt":"2026-03-11T04:09:49","slug":"flores-de-papel-comestibles-funcakes-mix-pensamiento-pequena-2","status":"publish","type":"product","link":"https:\/\/glotomania.com\/pt-pt\/p\/flores-de-papel-comestibles-funcakes-mix-pensamiento-pequena-2\/","title":{"rendered":"Flores De Papel Comest\u00cdveis Funcakes &#8211; Mix Amor-perfeito Pequena"},"content":{"rendered":"<p>&nbsp;<\/p>\n<p><span style=\"color:#000000\"><span style=\"font-size: 14px\">Desenhadas para uma decora&ccedil;&atilde;o f&aacute;cil, estas flores prontas a usar d&atilde;o um toque de sofistica&ccedil;&atilde;o e cor &agrave;s suas cria&ccedil;&otilde;es. Dispon&iacute;veis numa variedade de estilos, pode combin&aacute;-las para criar arranjos florais &uacute;nicos ou adicion&aacute;-las individualmente para um efeito subtil e requintado, perfeito para dar vida e eleg&acirc;ncia a bolos, cupcakes e outras guloseimas.<\/span><\/span><\/p>\n<p><span style=\"color:#000000\"><span style=\"font-size: 14px\"><strong>Dimens&otilde;es aproximadas:<\/strong>&nbsp;5 cm.<\/span><\/span><\/p>\n<p><span style=\"color:#000000\"><em><span style=\"font-size: 14px\">A embalagem inclui 30 unidades.<\/span><\/em><\/span><\/p>\n","protected":false},"excerpt":{"rendered":"<p>30 elegantes flores de h\u00f3stia comest\u00edveis coloridas, prontas para decorar as suas sobremesas com estilo e sofistica\u00e7\u00e3o.<\/p>\n","protected":false},"featured_media":156983,"comment_status":"open","ping_status":"closed","template":"","meta":{"_acf_changed":false},"pwb-brand":[],"product_brand":[],"product_cat":[2979,2907,2990,2992,2921,2996,3001,1839,1832,1996,1997,1845,1849,1858],"product_tag":[],"class_list":{"0":"post-390564","1":"product","2":"type-product","3":"status-publish","4":"has-post-thumbnail","6":"product_cat-decoracoes-comestiveis-2","7":"product_cat-festas","8":"product_cat-flores-comestiveis-para-bolos-2","9":"product_cat-flores-de-wafer","10":"product_cat-pascoa","11":"product_cat-produtos-vegetarianos","12":"product_cat-sem-e-171-2","13":"product_cat-decoracion-comestible","14":"product_cat-diestas-especiales","15":"product_cat-flores","16":"product_cat-flores-oblea","17":"product_cat-dieta-sin-e-171","18":"product_cat-fiestas","19":"product_cat-pascua","21":"first","22":"instock","23":"taxable","24":"shipping-taxable","25":"purchasable","26":"product-type-simple"},"acf":[],"df_price":15.13,"df_sale_price":"","df_regular_price":15.13,"df_image_link":"https:\/\/glotomania.com\/wp-content\/uploads\/2025\/09\/img_26980_2a231de223b640f1fa7ae35312551608_1-300x300.jpg","brands":[],"_links":{"self":[{"href":"https:\/\/glotomania.com\/pt-pt\/wp-json\/wp\/v2\/product\/390564","targetHints":{"allow":["GET"]}}],"collection":[{"href":"https:\/\/glotomania.com\/pt-pt\/wp-json\/wp\/v2\/product"}],"about":[{"href":"https:\/\/glotomania.com\/pt-pt\/wp-json\/wp\/v2\/types\/product"}],"replies":[{"embeddable":true,"href":"https:\/\/glotomania.com\/pt-pt\/wp-json\/wp\/v2\/comments?post=390564"}],"wp:featuredmedia":[{"embeddable":true,"href":"https:\/\/glotomania.com\/pt-pt\/wp-json\/wp\/v2\/media\/156983"}],"wp:attachment":[{"href":"https:\/\/glotomania.com\/pt-pt\/wp-json\/wp\/v2\/media?parent=390564"}],"wp:term":[{"taxonomy":"pwb-brand","embeddable":true,"href":"https:\/\/glotomania.com\/pt-pt\/wp-json\/wp\/v2\/pwb-brand?post=390564"},{"taxonomy":"product_brand","embeddable":true,"href":"https:\/\/glotomania.com\/pt-pt\/wp-json\/wp\/v2\/product_brand?post=390564"},{"taxonomy":"product_cat","embeddable":true,"href":"https:\/\/glotomania.com\/pt-pt\/wp-json\/wp\/v2\/product_cat?post=390564"},{"taxonomy":"product_tag","embeddable":true,"href":"https:\/\/glotomania.com\/pt-pt\/wp-json\/wp\/v2\/product_tag?post=390564"}],"curies":[{"name":"wp","href":"https:\/\/api.w.org\/{rel}","templated":true}]}}