{"id":390568,"date":"2025-09-02T11:06:47","date_gmt":"2025-09-02T11:06:47","guid":{"rendered":"https:\/\/glotomania.com\/p\/flor-de-papel-comestible-funcakes-peonia-rosa-ombre-grande-2\/"},"modified":"2026-04-28T00:17:39","modified_gmt":"2026-04-28T00:17:39","slug":"flor-de-papel-comestible-funcakes-peonia-rosa-ombre-grande-2","status":"publish","type":"product","link":"https:\/\/glotomania.com\/pt-pt\/p\/flor-de-papel-comestible-funcakes-peonia-rosa-ombre-grande-2\/","title":{"rendered":"Flor De Papel Comest\u00cdvel Funcakes &#8211; Pe\u00d3nia Degradado Rosa Grande"},"content":{"rendered":"<p>&nbsp;<\/p>\n<p><span style=\"color:#000000\"><span style=\"font-size: 14px\">Desenhadas para uma decora&ccedil;&atilde;o f&aacute;cil, estas flores prontas a usar d&atilde;o um toque de sofistica&ccedil;&atilde;o e cor &agrave;s suas cria&ccedil;&otilde;es. Dispon&iacute;veis numa variedade de estilos, pode combin&aacute;-las para criar arranjos florais &uacute;nicos ou adicion&aacute;-las individualmente para um efeito subtil e requintado, perfeito para dar vida e eleg&acirc;ncia a bolos, cupcakes e outras guloseimas.<\/span><\/span><\/p>\n<p><span style=\"color:#000000\"><span style=\"font-size: 14px\"><strong>Dimens&otilde;es aproximadas:<\/strong>&nbsp;12,5 cm.<\/span><\/span><\/p>\n<p><span style=\"color:#000000\"><span style=\"font-size: 14px\"><em>A embalagem inclui 1 unidade.<\/em><\/span><\/span><\/p>\n","protected":false},"excerpt":{"rendered":"<p>Elegante flor de h\u00f3stia com gradiente rosa, pronta para decorar as suas sobremesas com estilo e sofistica\u00e7\u00e3o.<\/p>\n","protected":false},"featured_media":156996,"comment_status":"open","ping_status":"closed","template":"","meta":{"_acf_changed":false},"pwb-brand":[],"product_brand":[],"product_cat":[2908,2910,2911,2979,2913,2907,2990,2992,2921,2996,3001,1839,1832,1996,1997,1845,1888,1862,1885,1851,1849,1858],"product_tag":[],"class_list":{"0":"post-390568","1":"product","2":"type-product","3":"status-publish","4":"has-post-thumbnail","6":"product_cat-batizados","7":"product_cat-casamentos-2","8":"product_cat-comunhoes","9":"product_cat-decoracoes-comestiveis-2","10":"product_cat-dia-das-maes","11":"product_cat-festas","12":"product_cat-flores-comestiveis-para-bolos-2","13":"product_cat-flores-de-wafer","14":"product_cat-pascoa","15":"product_cat-produtos-vegetarianos","16":"product_cat-sem-e-171-2","17":"product_cat-decoracion-comestible","18":"product_cat-diestas-especiales","19":"product_cat-flores","20":"product_cat-flores-oblea","21":"product_cat-dieta-sin-e-171","22":"product_cat-bodas","23":"product_cat-comuniones","24":"product_cat-bautizos","25":"product_cat-dia-de-la-madre","26":"product_cat-fiestas","27":"product_cat-pascua","29":"first","30":"instock","31":"taxable","32":"shipping-taxable","33":"purchasable","34":"product-type-simple"},"acf":[],"df_price":9.63,"df_sale_price":9.63,"df_regular_price":13.75,"df_image_link":"https:\/\/glotomania.com\/wp-content\/uploads\/2025\/09\/img_26996_18121c00243e0ece238e4445ff91cd6b_1-300x300.jpg","brands":[],"_links":{"self":[{"href":"https:\/\/glotomania.com\/pt-pt\/wp-json\/wp\/v2\/product\/390568","targetHints":{"allow":["GET"]}}],"collection":[{"href":"https:\/\/glotomania.com\/pt-pt\/wp-json\/wp\/v2\/product"}],"about":[{"href":"https:\/\/glotomania.com\/pt-pt\/wp-json\/wp\/v2\/types\/product"}],"replies":[{"embeddable":true,"href":"https:\/\/glotomania.com\/pt-pt\/wp-json\/wp\/v2\/comments?post=390568"}],"wp:featuredmedia":[{"embeddable":true,"href":"https:\/\/glotomania.com\/pt-pt\/wp-json\/wp\/v2\/media\/156996"}],"wp:attachment":[{"href":"https:\/\/glotomania.com\/pt-pt\/wp-json\/wp\/v2\/media?parent=390568"}],"wp:term":[{"taxonomy":"pwb-brand","embeddable":true,"href":"https:\/\/glotomania.com\/pt-pt\/wp-json\/wp\/v2\/pwb-brand?post=390568"},{"taxonomy":"product_brand","embeddable":true,"href":"https:\/\/glotomania.com\/pt-pt\/wp-json\/wp\/v2\/product_brand?post=390568"},{"taxonomy":"product_cat","embeddable":true,"href":"https:\/\/glotomania.com\/pt-pt\/wp-json\/wp\/v2\/product_cat?post=390568"},{"taxonomy":"product_tag","embeddable":true,"href":"https:\/\/glotomania.com\/pt-pt\/wp-json\/wp\/v2\/product_tag?post=390568"}],"curies":[{"name":"wp","href":"https:\/\/api.w.org\/{rel}","templated":true}]}}