{"id":390580,"date":"2025-09-02T11:07:07","date_gmt":"2025-09-02T11:07:07","guid":{"rendered":"https:\/\/glotomania.com\/p\/spray-de-sangre-comestible-roja-para-halloween-30-g-pme-2\/"},"modified":"2026-03-11T04:10:36","modified_gmt":"2026-03-11T04:10:36","slug":"spray-de-sangre-comestible-roja-para-halloween-30-g-pme-2","status":"publish","type":"product","link":"https:\/\/glotomania.com\/pt-pt\/p\/spray-de-sangre-comestible-roja-para-halloween-30-g-pme-2\/","title":{"rendered":"Spray De Sangue Vermelho Comest\u00cdvel Para Halloween (30 G) &#8211; Pme"},"content":{"rendered":"<p><span style=\"font-size:14px\"><span style=\"color:#000000\">Este pr&aacute;tico frasco de spray de 30 ml d&aacute; um toque assustador e realista aos seus doces, bolos e biscoitos em segundos. Ideal para transformar qualquer doce num elemento chocante e tem&aacute;tico, quer seja para uma festa de Halloween, uma noite de filmes de terror ou uma celebra&ccedil;&atilde;o tem&aacute;tica.<\/span><\/span><\/p>\n<p><span style=\"font-size:14px\"><span style=\"color:#000000\"><strong>Tudo o que precisa de fazer &eacute; agitar, polvilhar e deixar a magia acontecer<\/strong>: os salpicos de sangue parecem sa&iacute;dos diretamente de uma cena de crime, perfeitos para decorar bolos, cupcakes, biscoitos e muito mais.<\/span><\/span><\/p>\n<p><span style=\"font-size:14px\"><span style=\"color:#000000\">F&aacute;cil de utilizar e totalmente seguro para consumo, este spray &eacute; <strong>100% comest&iacute;vel<\/strong> e oferece um controlo total para criar efeitos de terror sem complica&ccedil;&otilde;es e, gra&ccedil;as ao seu frasco de spray reutiliz&aacute;vel, pode aplicar facilmente o efeito e controlar a quantidade de sangue que pretende salpicar.<\/span><\/span><\/p>\n","protected":false},"excerpt":{"rendered":"<p>Torne as suas cria\u00e7\u00f5es de Dia das Bruxas verdadeiramente assustadoras e divertidas com o spray de salpicos de sangue comest\u00edvel da PME.<\/p>\n","protected":false},"featured_media":157049,"comment_status":"open","ping_status":"closed","template":"","meta":{"_acf_changed":false},"pwb-brand":[],"product_brand":[],"product_cat":[1835,1898,2953,2962,1832,2907,2917,1845,2996,1849,1863,3001],"product_tag":[],"class_list":{"0":"post-390580","1":"product","2":"type-product","3":"status-publish","4":"has-post-thumbnail","6":"product_cat-colorantes","7":"product_cat-colorantes-spray","8":"product_cat-corantes-e-pinturas","9":"product_cat-corantes-em-spray","10":"product_cat-diestas-especiales","11":"product_cat-festas","12":"product_cat-halloween","13":"product_cat-dieta-sin-e-171","14":"product_cat-produtos-vegetarianos","15":"product_cat-fiestas","17":"product_cat-sem-e-171-2","19":"first","20":"instock","21":"taxable","22":"shipping-taxable","23":"purchasable","24":"product-type-simple"},"acf":[],"df_price":3.95,"df_sale_price":2.56,"df_regular_price":3.95,"df_image_link":"https:\/\/glotomania.com\/wp-content\/uploads\/2025\/09\/img_27085_254156c5e8134c60767bf61abd2cc960_1-300x300.jpg","brands":[],"_links":{"self":[{"href":"https:\/\/glotomania.com\/pt-pt\/wp-json\/wp\/v2\/product\/390580","targetHints":{"allow":["GET"]}}],"collection":[{"href":"https:\/\/glotomania.com\/pt-pt\/wp-json\/wp\/v2\/product"}],"about":[{"href":"https:\/\/glotomania.com\/pt-pt\/wp-json\/wp\/v2\/types\/product"}],"replies":[{"embeddable":true,"href":"https:\/\/glotomania.com\/pt-pt\/wp-json\/wp\/v2\/comments?post=390580"}],"wp:featuredmedia":[{"embeddable":true,"href":"https:\/\/glotomania.com\/pt-pt\/wp-json\/wp\/v2\/media\/157049"}],"wp:attachment":[{"href":"https:\/\/glotomania.com\/pt-pt\/wp-json\/wp\/v2\/media?parent=390580"}],"wp:term":[{"taxonomy":"pwb-brand","embeddable":true,"href":"https:\/\/glotomania.com\/pt-pt\/wp-json\/wp\/v2\/pwb-brand?post=390580"},{"taxonomy":"product_brand","embeddable":true,"href":"https:\/\/glotomania.com\/pt-pt\/wp-json\/wp\/v2\/product_brand?post=390580"},{"taxonomy":"product_cat","embeddable":true,"href":"https:\/\/glotomania.com\/pt-pt\/wp-json\/wp\/v2\/product_cat?post=390580"},{"taxonomy":"product_tag","embeddable":true,"href":"https:\/\/glotomania.com\/pt-pt\/wp-json\/wp\/v2\/product_tag?post=390580"}],"curies":[{"name":"wp","href":"https:\/\/api.w.org\/{rel}","templated":true}]}}