{"id":390583,"date":"2025-09-02T11:07:11","date_gmt":"2025-09-02T11:07:11","guid":{"rendered":"https:\/\/glotomania.com\/p\/termometro-para-caramelo-wilton-2\/"},"modified":"2026-03-11T04:10:43","modified_gmt":"2026-03-11T04:10:43","slug":"termometro-para-caramelo-wilton-2","status":"publish","type":"product","link":"https:\/\/glotomania.com\/pt-pt\/p\/termometro-para-caramelo-wilton-2\/","title":{"rendered":"Term\u00d3metro Para Doces Wilton"},"content":{"rendered":"<p>&nbsp;<\/p>\n<p><span style=\"font-size:14px\"><span style=\"color:#000000\">Este pr&aacute;tico instrumento de cozinha possui um bolbo de vidro de f&aacute;cil leitura que <strong>mede temperaturas de 40&deg;C a 200&deg;C<\/strong>, permitindo-lhe monitorizar com precis&atilde;o todas as fases do processo de carameliza&ccedil;&atilde;o e cozedura do a&ccedil;&uacute;car.<\/span><\/span><\/p>\n<p><span style=\"font-size:14px\"><span style=\"color:#000000\">&Eacute; perfeito n&atilde;o s&oacute; para fazer caramelos, mas tamb&eacute;m para medir a temperatura do &oacute;leo ao fazer churros ou donuts, ou para verificar a temperatura do xarope de a&ccedil;&uacute;car ao cobrir bolos.<\/span><\/span><\/p>\n<p><span style=\"font-size:14px\"><span style=\"color:#000000\">Com um comprimento de 37 cm, &eacute; ideal para fixar facilmente na panela ou tacho, <strong>garantindo leituras exactas sem tocar nos lados ou no fundo<\/strong>. Fabricado em metal de alta qualidade, este term&oacute;metro &eacute; <strong>forte e duradouro<\/strong>. &Eacute; composto por a&ccedil;o inoxid&aacute;vel (ferro, cr&oacute;mio, liga de n&iacute;quel, mangan&ecirc;s, cobre, f&oacute;sforo) e caprolactama.<\/span><\/span><\/p>\n<p><span style=\"font-size:14px\"><span style=\"color:#000000\">Para maior cuidado, lavar com &aacute;gua morna e sab&atilde;o ap&oacute;s cada utiliza&ccedil;&atilde;o, enxaguar e secar bem; evitar coloc&aacute;-lo na m&aacute;quina de lavar lou&ccedil;a ou no micro-ondas para prolongar a sua vida &uacute;til.<\/span><\/span><\/p>\n","protected":false},"excerpt":{"rendered":"<p>Fa\u00e7a doces duros, nougat, fudge e outras guloseimas caseiras com confian\u00e7a usando o Term\u00f3metro para Doces da Wilton.<\/p>\n","protected":false},"featured_media":157061,"comment_status":"open","ping_status":"closed","template":"","meta":{"_acf_changed":false},"pwb-brand":[],"product_brand":[],"product_cat":[3087,3229,1824,1767],"product_tag":[],"class_list":{"0":"post-390583","1":"product","2":"type-product","3":"status-publish","4":"has-post-thumbnail","6":"product_cat-ordem-e-armazenamento","7":"product_cat-utensilios-de-medida","8":"product_cat-medida","9":"product_cat-utensilios","11":"first","12":"instock","13":"taxable","14":"shipping-taxable","15":"purchasable","16":"product-type-simple"},"acf":[],"df_price":13.5,"df_sale_price":"","df_regular_price":13.5,"df_image_link":"https:\/\/glotomania.com\/wp-content\/uploads\/2025\/09\/img_27100_5aa6d2f330f202a10050a30f21496c65_1-300x300.jpg","brands":[],"_links":{"self":[{"href":"https:\/\/glotomania.com\/pt-pt\/wp-json\/wp\/v2\/product\/390583","targetHints":{"allow":["GET"]}}],"collection":[{"href":"https:\/\/glotomania.com\/pt-pt\/wp-json\/wp\/v2\/product"}],"about":[{"href":"https:\/\/glotomania.com\/pt-pt\/wp-json\/wp\/v2\/types\/product"}],"replies":[{"embeddable":true,"href":"https:\/\/glotomania.com\/pt-pt\/wp-json\/wp\/v2\/comments?post=390583"}],"wp:featuredmedia":[{"embeddable":true,"href":"https:\/\/glotomania.com\/pt-pt\/wp-json\/wp\/v2\/media\/157061"}],"wp:attachment":[{"href":"https:\/\/glotomania.com\/pt-pt\/wp-json\/wp\/v2\/media?parent=390583"}],"wp:term":[{"taxonomy":"pwb-brand","embeddable":true,"href":"https:\/\/glotomania.com\/pt-pt\/wp-json\/wp\/v2\/pwb-brand?post=390583"},{"taxonomy":"product_brand","embeddable":true,"href":"https:\/\/glotomania.com\/pt-pt\/wp-json\/wp\/v2\/product_brand?post=390583"},{"taxonomy":"product_cat","embeddable":true,"href":"https:\/\/glotomania.com\/pt-pt\/wp-json\/wp\/v2\/product_cat?post=390583"},{"taxonomy":"product_tag","embeddable":true,"href":"https:\/\/glotomania.com\/pt-pt\/wp-json\/wp\/v2\/product_tag?post=390583"}],"curies":[{"name":"wp","href":"https:\/\/api.w.org\/{rel}","templated":true}]}}