{"id":390585,"date":"2025-09-02T11:07:12","date_gmt":"2025-09-02T11:07:12","guid":{"rendered":"https:\/\/glotomania.com\/p\/spray-desmoldante-wilton-200-ml-2\/"},"modified":"2026-04-20T11:42:26","modified_gmt":"2026-04-20T11:42:26","slug":"spray-desmoldante-wilton-200-ml-2","status":"publish","type":"product","link":"https:\/\/glotomania.com\/pt-pt\/p\/spray-desmoldante-wilton-200-ml-2\/","title":{"rendered":"Spray Antiaderente Wilton &#8211; 200 Ml"},"content":{"rendered":"<p>&nbsp;<\/p>\n<p><span style=\"color:#000000\"><span style=\"font-size:14px\">Este pr&aacute;tico spray &eacute; r&aacute;pido e f&aacute;cil de utilizar: basta pulverizar as formas, tabuleiros ou panelas antes de as encher e cozer. Para al&eacute;m disso, <strong>n&atilde;o deixa res&iacute;duos, n&atilde;o tem cheiro nem sabor e &eacute; adequado para todos os tipos de utens&iacute;lios<\/strong><\/span><span style=\"font-size:14px\">. Ideal tanto para profissionais como para amadores, o Wilton Cake Release ajuda-o a poupar tempo e a obter sempre resultados perfeitos.<\/span><\/span><\/p>\n<p><span style=\"color:#000000\"><span style=\"font-size:14px\"><strong>Precau&ccedil;&otilde;es de utiliza&ccedil;&atilde;o:&nbsp;<\/strong><\/span><\/span><\/p>\n<ul>\n<li><span style=\"font-size:14px\"><span style=\"color:#000000\">Este produto &eacute; um aerossol inflam&aacute;vel. Manter fora do alcance das crian&ccedil;as, longe do calor, chamas ou fa&iacute;scas. N&atilde;o fumar.<\/span><\/span><\/li>\n<li><span style=\"color:#000000\"><span style=\"font-size:14px\">Recipiente pressurizado, pode explodir se for aquecido.<\/span><\/span><\/li>\n<li><span style=\"color:#000000\"><span style=\"font-size:14px\">N&atilde;o furar ou queimar, mesmo ap&oacute;s a utiliza&ccedil;&atilde;o.&nbsp;<\/span><\/span><\/li>\n<li><span style=\"color:#000000\"><span style=\"font-size:14px\">Proteger da luz solar e de temperaturas superiores a 50&deg;C.&nbsp;<\/span><\/span><\/li>\n<li><span style=\"color:#000000\"><span style=\"font-size:14px\">O g&aacute;s propulsor &eacute; o di&oacute;xido de carbono (E-290) e est&aacute; em conformidade com os regulamentos do Regulamento Europeu (UE-1333-2008) sobre a utiliza&ccedil;&atilde;o de gases propulsores, pelo que &eacute; adequado para utiliza&ccedil;&atilde;o di&aacute;ria.<\/span><\/span><\/li>\n<\/ul>\n","protected":false},"excerpt":{"rendered":"<p>Com apenas uma pulveriza\u00e7\u00e3o, cria uma superf\u00edcie antiaderente eficaz que garante um acabamento perfeito e uma desmoldagem sem esfor\u00e7o.<\/p>\n","protected":false},"featured_media":157066,"comment_status":"open","ping_status":"closed","template":"","meta":{"_acf_changed":false},"pwb-brand":[],"product_brand":[],"product_cat":[1855,3056],"product_tag":[],"class_list":{"0":"post-390585","1":"product","2":"type-product","3":"status-publish","4":"has-post-thumbnail","6":"product_cat-spray-antiadeherente-comestible","7":"product_cat-spray-antiadherente","9":"first","10":"instock","11":"taxable","12":"shipping-taxable","13":"purchasable","14":"product-type-simple"},"acf":[],"df_price":5.54,"df_sale_price":"","df_regular_price":5.54,"df_image_link":"https:\/\/glotomania.com\/wp-content\/uploads\/2025\/09\/img_27106_f88aa9e47c07e92ecd09c0960e2d0b95_1-300x300.jpg","brands":[],"_links":{"self":[{"href":"https:\/\/glotomania.com\/pt-pt\/wp-json\/wp\/v2\/product\/390585","targetHints":{"allow":["GET"]}}],"collection":[{"href":"https:\/\/glotomania.com\/pt-pt\/wp-json\/wp\/v2\/product"}],"about":[{"href":"https:\/\/glotomania.com\/pt-pt\/wp-json\/wp\/v2\/types\/product"}],"replies":[{"embeddable":true,"href":"https:\/\/glotomania.com\/pt-pt\/wp-json\/wp\/v2\/comments?post=390585"}],"wp:featuredmedia":[{"embeddable":true,"href":"https:\/\/glotomania.com\/pt-pt\/wp-json\/wp\/v2\/media\/157066"}],"wp:attachment":[{"href":"https:\/\/glotomania.com\/pt-pt\/wp-json\/wp\/v2\/media?parent=390585"}],"wp:term":[{"taxonomy":"pwb-brand","embeddable":true,"href":"https:\/\/glotomania.com\/pt-pt\/wp-json\/wp\/v2\/pwb-brand?post=390585"},{"taxonomy":"product_brand","embeddable":true,"href":"https:\/\/glotomania.com\/pt-pt\/wp-json\/wp\/v2\/product_brand?post=390585"},{"taxonomy":"product_cat","embeddable":true,"href":"https:\/\/glotomania.com\/pt-pt\/wp-json\/wp\/v2\/product_cat?post=390585"},{"taxonomy":"product_tag","embeddable":true,"href":"https:\/\/glotomania.com\/pt-pt\/wp-json\/wp\/v2\/product_tag?post=390585"}],"curies":[{"name":"wp","href":"https:\/\/api.w.org\/{rel}","templated":true}]}}