{"id":390589,"date":"2025-09-02T11:07:23","date_gmt":"2025-09-02T11:07:23","guid":{"rendered":"https:\/\/glotomania.com\/p\/caja-para-6-cupcakes-o-12-mini-cupcakes-rosa-con-ventana-funcakes-3-u-2\/"},"modified":"2026-03-11T04:11:00","modified_gmt":"2026-03-11T04:11:00","slug":"caja-para-6-cupcakes-o-12-mini-cupcakes-rosa-con-ventana-funcakes-3-u-2","status":"publish","type":"product","link":"https:\/\/glotomania.com\/pt-pt\/p\/caja-para-6-cupcakes-o-12-mini-cupcakes-rosa-con-ventana-funcakes-3-u-2\/","title":{"rendered":"Caixa Para 6 Cupcakes [ou 12 Mini Cupcakes] Rosa Com Janela &#8211; Funcakes (3 U)"},"content":{"rendered":"<p>&nbsp;<\/p>\n<p><span style=\"color:#000000\"><span style=\"font-size: 14px\">Caixa Funcakes para 6 cupcakes ou 12 mini cupcakes, agora com uma dupla escolha de tabuleiros interiores para se adaptar &agrave;s suas necessidades. A caixa, em rosa elegante com uma janela de acetato transparente, facilita a exposi&ccedil;&atilde;o dos seus cupcakes ou muffins criativos, al&eacute;m de garantir a sua prote&ccedil;&atilde;o durante o transporte.<\/span><\/span><\/p>\n<p><span style=\"color:#000000\"><span style=\"font-size: 14px\">Fabricada em cart&atilde;o dur&aacute;vel de qualidade alimentar, o seu design pr&aacute;tico e personaliz&aacute;vel torna-a a escolha perfeita para padarias, pastelarias e eventos.<\/span><\/span><\/p>\n<p><span style=\"color:#000000\"><em><span style=\"font-size: 14px\">O conjunto inclui 3 caixas, 3 inser&ccedil;&otilde;es para 6 cupcakes e 3 inser&ccedil;&otilde;es para 12 mini cupcakes.<\/span><\/em><\/span><\/p>\n","protected":false},"excerpt":{"rendered":"<p>Inclui dois tipos de tabuleiro interior: um com 6 orif\u00edcios para cupcakes normais e outro com 12 orif\u00edcios para mini cupcakes, permitindo-lhe escolher o que melhor se adapta \u00e0s suas necessidades.<\/p>\n","protected":false},"featured_media":150713,"comment_status":"open","ping_status":"closed","template":"","meta":{"_acf_changed":false},"pwb-brand":[],"product_brand":[],"product_cat":[3158,3166,1784,1782,3087,1767],"product_tag":[],"class_list":{"0":"post-390589","1":"product","2":"type-product","3":"status-publish","4":"has-post-thumbnail","6":"product_cat-caixas-de-pastelaria","7":"product_cat-caixas-para-cupcakes-2","8":"product_cat-cajas-cupcakes","9":"product_cat-cajas","10":"product_cat-ordem-e-armazenamento","11":"product_cat-utensilios","13":"first","14":"instock","15":"taxable","16":"shipping-taxable","17":"purchasable","18":"product-type-simple"},"acf":[],"df_price":5.95,"df_sale_price":"","df_regular_price":5.95,"df_image_link":"https:\/\/glotomania.com\/wp-content\/uploads\/2025\/09\/img_27121_0151cc5dace1214bf2863e4ab22c677e_1-300x300.jpg","brands":[],"_links":{"self":[{"href":"https:\/\/glotomania.com\/pt-pt\/wp-json\/wp\/v2\/product\/390589","targetHints":{"allow":["GET"]}}],"collection":[{"href":"https:\/\/glotomania.com\/pt-pt\/wp-json\/wp\/v2\/product"}],"about":[{"href":"https:\/\/glotomania.com\/pt-pt\/wp-json\/wp\/v2\/types\/product"}],"replies":[{"embeddable":true,"href":"https:\/\/glotomania.com\/pt-pt\/wp-json\/wp\/v2\/comments?post=390589"}],"wp:featuredmedia":[{"embeddable":true,"href":"https:\/\/glotomania.com\/pt-pt\/wp-json\/wp\/v2\/media\/150713"}],"wp:attachment":[{"href":"https:\/\/glotomania.com\/pt-pt\/wp-json\/wp\/v2\/media?parent=390589"}],"wp:term":[{"taxonomy":"pwb-brand","embeddable":true,"href":"https:\/\/glotomania.com\/pt-pt\/wp-json\/wp\/v2\/pwb-brand?post=390589"},{"taxonomy":"product_brand","embeddable":true,"href":"https:\/\/glotomania.com\/pt-pt\/wp-json\/wp\/v2\/product_brand?post=390589"},{"taxonomy":"product_cat","embeddable":true,"href":"https:\/\/glotomania.com\/pt-pt\/wp-json\/wp\/v2\/product_cat?post=390589"},{"taxonomy":"product_tag","embeddable":true,"href":"https:\/\/glotomania.com\/pt-pt\/wp-json\/wp\/v2\/product_tag?post=390589"}],"curies":[{"name":"wp","href":"https:\/\/api.w.org\/{rel}","templated":true}]}}