{"id":390593,"date":"2025-09-02T11:07:37","date_gmt":"2025-09-02T11:07:37","guid":{"rendered":"https:\/\/glotomania.com\/p\/perlas-de-azucar-nonpareils-funcakes-shiny-disco-80-g-2\/"},"modified":"2026-03-11T04:11:08","modified_gmt":"2026-03-11T04:11:08","slug":"perlas-de-azucar-nonpareils-funcakes-shiny-disco-80-g-2","status":"publish","type":"product","link":"https:\/\/glotomania.com\/pt-pt\/p\/perlas-de-azucar-nonpareils-funcakes-shiny-disco-80-g-2\/","title":{"rendered":"P\u00c9rolas De A\u00c7\u00dacar Funcakes (nonpareils) &#8211; Shiny Disco 80 G"},"content":{"rendered":"","protected":false},"excerpt":{"rendered":"<p>P\u00e9rolas de a\u00e7\u00facar comest\u00edveis Funcakes, de cores brilhantes, perfeitos para decorar todo o tipo de cria\u00e7\u00f5es.<\/p>\n","protected":false},"featured_media":150728,"comment_status":"open","ping_status":"closed","template":"","meta":{"_acf_changed":false},"pwb-brand":[],"product_brand":[],"product_cat":[1839,1840,2979,2982,2907,2921,1849,1858],"product_tag":[],"class_list":{"0":"post-390593","1":"product","2":"type-product","3":"status-publish","4":"has-post-thumbnail","6":"product_cat-decoracion-comestible","7":"product_cat-decoraciones-azucar-comestibles","8":"product_cat-decoracoes-comestiveis-2","9":"product_cat-decoracoes-de-acucar","10":"product_cat-festas","11":"product_cat-pascoa","12":"product_cat-fiestas","13":"product_cat-pascua","15":"first","16":"instock","17":"taxable","18":"shipping-taxable","19":"purchasable","20":"product-type-simple"},"acf":[],"df_price":3.25,"df_sale_price":"","df_regular_price":3.25,"df_image_link":"https:\/\/glotomania.com\/wp-content\/uploads\/2025\/09\/img_27132_0447f1b8bb6ba5b9e27ed809d5ee7619_1-300x300.jpg","brands":[],"_links":{"self":[{"href":"https:\/\/glotomania.com\/pt-pt\/wp-json\/wp\/v2\/product\/390593","targetHints":{"allow":["GET"]}}],"collection":[{"href":"https:\/\/glotomania.com\/pt-pt\/wp-json\/wp\/v2\/product"}],"about":[{"href":"https:\/\/glotomania.com\/pt-pt\/wp-json\/wp\/v2\/types\/product"}],"replies":[{"embeddable":true,"href":"https:\/\/glotomania.com\/pt-pt\/wp-json\/wp\/v2\/comments?post=390593"}],"wp:featuredmedia":[{"embeddable":true,"href":"https:\/\/glotomania.com\/pt-pt\/wp-json\/wp\/v2\/media\/150728"}],"wp:attachment":[{"href":"https:\/\/glotomania.com\/pt-pt\/wp-json\/wp\/v2\/media?parent=390593"}],"wp:term":[{"taxonomy":"pwb-brand","embeddable":true,"href":"https:\/\/glotomania.com\/pt-pt\/wp-json\/wp\/v2\/pwb-brand?post=390593"},{"taxonomy":"product_brand","embeddable":true,"href":"https:\/\/glotomania.com\/pt-pt\/wp-json\/wp\/v2\/product_brand?post=390593"},{"taxonomy":"product_cat","embeddable":true,"href":"https:\/\/glotomania.com\/pt-pt\/wp-json\/wp\/v2\/product_cat?post=390593"},{"taxonomy":"product_tag","embeddable":true,"href":"https:\/\/glotomania.com\/pt-pt\/wp-json\/wp\/v2\/product_tag?post=390593"}],"curies":[{"name":"wp","href":"https:\/\/api.w.org\/{rel}","templated":true}]}}