{"id":390594,"date":"2025-09-02T11:07:39","date_gmt":"2025-09-02T11:07:39","guid":{"rendered":"https:\/\/glotomania.com\/p\/sprinkles-funcakes-mix-tropical-60-g-2\/"},"modified":"2026-03-11T04:11:10","modified_gmt":"2026-03-11T04:11:10","slug":"sprinkles-funcakes-mix-tropical-60-g-2","status":"publish","type":"product","link":"https:\/\/glotomania.com\/pt-pt\/p\/sprinkles-funcakes-mix-tropical-60-g-2\/","title":{"rendered":"Sprinkles Funcakes &#8211; Mix Tropical 60 G"},"content":{"rendered":"<p>&nbsp;<\/p>\n<p><span style=\"font-size:14px\"><span style=\"color:#000000\">Inclui mimosas, fichas planas, palitos de a&ccedil;&uacute;car e flamingos em azul, rosa, laranja, verde e amarelo.<\/span><\/span><\/p>\n","protected":false},"excerpt":{"rendered":"<p>Mistura comest\u00edvel para decora\u00e7\u00e3o da Funcakes, ideal para decorar as nossas sobremesas de ver\u00e3o com cores vivas e alegres.<\/p>\n","protected":false},"featured_media":150731,"comment_status":"open","ping_status":"closed","template":"","meta":{"_acf_changed":false},"pwb-brand":[],"product_brand":[],"product_cat":[1839,1840,2979,2982,2907,1849],"product_tag":[],"class_list":{"0":"post-390594","1":"product","2":"type-product","3":"status-publish","4":"has-post-thumbnail","6":"product_cat-decoracion-comestible","7":"product_cat-decoraciones-azucar-comestibles","8":"product_cat-decoracoes-comestiveis-2","9":"product_cat-decoracoes-de-acucar","10":"product_cat-festas","11":"product_cat-fiestas","13":"first","14":"instock","15":"taxable","16":"shipping-taxable","17":"purchasable","18":"product-type-simple"},"acf":[],"df_price":2.99,"df_sale_price":"","df_regular_price":2.99,"df_image_link":"https:\/\/glotomania.com\/wp-content\/uploads\/2025\/09\/img_27134_4cfd9abe6bcdf3975b453ffef5d0a7c8_1-300x300.jpg","brands":[],"_links":{"self":[{"href":"https:\/\/glotomania.com\/pt-pt\/wp-json\/wp\/v2\/product\/390594","targetHints":{"allow":["GET"]}}],"collection":[{"href":"https:\/\/glotomania.com\/pt-pt\/wp-json\/wp\/v2\/product"}],"about":[{"href":"https:\/\/glotomania.com\/pt-pt\/wp-json\/wp\/v2\/types\/product"}],"replies":[{"embeddable":true,"href":"https:\/\/glotomania.com\/pt-pt\/wp-json\/wp\/v2\/comments?post=390594"}],"wp:featuredmedia":[{"embeddable":true,"href":"https:\/\/glotomania.com\/pt-pt\/wp-json\/wp\/v2\/media\/150731"}],"wp:attachment":[{"href":"https:\/\/glotomania.com\/pt-pt\/wp-json\/wp\/v2\/media?parent=390594"}],"wp:term":[{"taxonomy":"pwb-brand","embeddable":true,"href":"https:\/\/glotomania.com\/pt-pt\/wp-json\/wp\/v2\/pwb-brand?post=390594"},{"taxonomy":"product_brand","embeddable":true,"href":"https:\/\/glotomania.com\/pt-pt\/wp-json\/wp\/v2\/product_brand?post=390594"},{"taxonomy":"product_cat","embeddable":true,"href":"https:\/\/glotomania.com\/pt-pt\/wp-json\/wp\/v2\/product_cat?post=390594"},{"taxonomy":"product_tag","embeddable":true,"href":"https:\/\/glotomania.com\/pt-pt\/wp-json\/wp\/v2\/product_tag?post=390594"}],"curies":[{"name":"wp","href":"https:\/\/api.w.org\/{rel}","templated":true}]}}