{"id":390598,"date":"2025-11-25T13:48:28","date_gmt":"2025-11-25T13:48:28","guid":{"rendered":"https:\/\/glotomania.com\/p\/sirope-de-maiz-pastkolor-500-g-2\/"},"modified":"2026-03-25T16:56:36","modified_gmt":"2026-03-25T16:56:36","slug":"sirope-de-maiz-pastkolor-500-g-2","status":"publish","type":"product","link":"https:\/\/glotomania.com\/pt-pt\/p\/sirope-de-maiz-pastkolor-500-g-2\/","title":{"rendered":"Xarope De Milho Pastkolor &#8211; 500 G"},"content":{"rendered":"<p>&nbsp;<\/p>\n<p>&nbsp;<\/p>\n<p><span style=\"font-size:14px\"><span style=\"color:#000000\">Gra&ccedil;as &agrave; sua composi&ccedil;&atilde;o que ajuda a evitar a cristaliza&ccedil;&atilde;o do a&ccedil;&uacute;car, este xarope <strong>mant&eacute;m os seus produtos de pastelaria h&uacute;midos, fofos e frescos durante mais tempo<\/strong>. A sua textura viscosa e brilhante torna-o o melhor aliado nas receitas que exigem um acabamento perfeito e um sabor doce e delicado. Tem m&uacute;ltiplas utiliza&ccedil;&otilde;es:<\/span><\/span><\/p>\n<ul>\n<li><span style=\"font-size:14px\"><span style=\"color:#000000\"><strong>Pastelaria: <\/strong>&eacute; utilizado em bolos, biscoitos, bolachas e tartes, tornando-os macios e evitando que sequem. Tamb&eacute;m &eacute; utilizado para fazer a nossa pr&oacute;pria pasta de a&ccedil;&uacute;car e para dar brilho &agrave; cobertura.<\/span><\/span><\/li>\n<li><span style=\"font-size:14px\"><span style=\"color:#000000\"><strong>Prepara&ccedil;&atilde;o de doces<\/strong>, como rebu&ccedil;ados e fudge, onde ajuda a controlar a cristaliza&ccedil;&atilde;o do a&ccedil;&uacute;car, conseguindo uma textura suave e homog&eacute;nea.&nbsp;<\/span><\/span><\/li>\n<li><span style=\"font-size:14px\"><span style=\"color:#000000\">Em <strong>molhos e glac&ecirc;s<\/strong>, proporciona um acabamento brilhante e uma textura suave que melhora qualquer apresenta&ccedil;&atilde;o.<\/span><\/span><\/li>\n<li><span style=\"font-size:14px\"><span style=\"color:#000000\"><strong>Prepara&ccedil;&otilde;es caseiras:<\/strong> como as pipocas doces e as frutas cristalizadas.<\/span><\/span><\/li>\n<li><span style=\"font-size:14px\"><span style=\"color:#000000\"><strong>Receitas tradicionais americanas<\/strong>, como a cl&aacute;ssica <em>pecan pie<\/em> (<span style=\"font-family:\">tarta de noz-pec&atilde;<\/span>).<\/span><\/span><\/li>\n<\/ul>\n<p><span style=\"font-size:14px\"><span style=\"color:#000000\">Vers&aacute;til e f&aacute;cil de utilizar, o nosso xarope de milho &eacute; o segredo de receitas irresist&iacute;veis, com uma <strong>textura perfeita<\/strong>, um <strong>brilho agrad&aacute;vel<\/strong> e uma <strong>do&ccedil;ura equilibrada<\/strong> em cada dentada.<\/span><\/span><\/p>\n","protected":false},"excerpt":{"rendered":"<p>Ingrediente essencial na culin\u00e1ria e na pastelaria, reconhecido pela sua capacidade de ado\u00e7ar, hidratar e melhorar a textura de uma grande variedade de prepara\u00e7\u00f5es.<\/p>\n","protected":false},"featured_media":350763,"comment_status":"open","ping_status":"closed","template":"","meta":{"_acf_changed":false},"pwb-brand":[],"product_brand":[],"product_cat":[2905,1832,1829,3018,1844,1833,3034,1961,2996,3004],"product_tag":[],"class_list":{"0":"post-390598","1":"product","2":"type-product","3":"status-publish","4":"has-post-thumbnail","6":"product_cat-data-de-expiracao-proxima","7":"product_cat-diestas-especiales","8":"product_cat-ingredientes","9":"product_cat-ingredientes-de-pastelaria-2","10":"product_cat-ingredientes-reposteria","11":"product_cat-dieta-sin-gluten","12":"product_cat-ingredientes-tecnicos-2","13":"product_cat-ingredientes-tecnicos","14":"product_cat-produtos-vegetarianos","15":"product_cat-sem-gluten-2","17":"first","18":"instock","19":"taxable","20":"shipping-taxable","21":"purchasable","22":"product-type-simple"},"acf":[],"df_price":3.99,"df_sale_price":"","df_regular_price":3.99,"df_image_link":"https:\/\/glotomania.com\/wp-content\/uploads\/2025\/11\/img_28106_8c765387023cecdb8fc3cf3bced80cad_1-300x300.jpg","brands":[],"_links":{"self":[{"href":"https:\/\/glotomania.com\/pt-pt\/wp-json\/wp\/v2\/product\/390598","targetHints":{"allow":["GET"]}}],"collection":[{"href":"https:\/\/glotomania.com\/pt-pt\/wp-json\/wp\/v2\/product"}],"about":[{"href":"https:\/\/glotomania.com\/pt-pt\/wp-json\/wp\/v2\/types\/product"}],"replies":[{"embeddable":true,"href":"https:\/\/glotomania.com\/pt-pt\/wp-json\/wp\/v2\/comments?post=390598"}],"wp:featuredmedia":[{"embeddable":true,"href":"https:\/\/glotomania.com\/pt-pt\/wp-json\/wp\/v2\/media\/350763"}],"wp:attachment":[{"href":"https:\/\/glotomania.com\/pt-pt\/wp-json\/wp\/v2\/media?parent=390598"}],"wp:term":[{"taxonomy":"pwb-brand","embeddable":true,"href":"https:\/\/glotomania.com\/pt-pt\/wp-json\/wp\/v2\/pwb-brand?post=390598"},{"taxonomy":"product_brand","embeddable":true,"href":"https:\/\/glotomania.com\/pt-pt\/wp-json\/wp\/v2\/product_brand?post=390598"},{"taxonomy":"product_cat","embeddable":true,"href":"https:\/\/glotomania.com\/pt-pt\/wp-json\/wp\/v2\/product_cat?post=390598"},{"taxonomy":"product_tag","embeddable":true,"href":"https:\/\/glotomania.com\/pt-pt\/wp-json\/wp\/v2\/product_tag?post=390598"}],"curies":[{"name":"wp","href":"https:\/\/api.w.org\/{rel}","templated":true}]}}