{"id":390600,"date":"2025-09-02T11:08:00","date_gmt":"2025-09-02T11:08:00","guid":{"rendered":"https:\/\/glotomania.com\/p\/extrusora-para-fondant-con-20-discos-2\/"},"modified":"2026-03-11T04:11:24","modified_gmt":"2026-03-11T04:11:24","slug":"extrusora-para-fondant-con-20-discos-2","status":"publish","type":"product","link":"https:\/\/glotomania.com\/pt-pt\/p\/extrusora-para-fondant-con-20-discos-2\/","title":{"rendered":"Extrusora Para Fondant Com 20 Discos"},"content":{"rendered":"<p>&nbsp;<\/p>\n<p><span style=\"font-size:14px\"><span style=\"color:#000000\">Design ergon&oacute;mico, robusto e duradouro, que garante estabilidade e precis&atilde;o em cada utiliza&ccedil;&atilde;o. Fabricado em <strong>alum&iacute;nio de alta qualidade<\/strong>, resistente e f&aacute;cil de limpar, que garante uma longa vida &uacute;til. Desmonta-se em tr&ecirc;s partes e limpa-se facilmente com &aacute;gua e sab&atilde;o.<\/span><\/span><\/p>\n<p><span style=\"font-size:14px\"><span style=\"color:#000000\">Inclui <strong>20 discos intercambi&aacute;veis de a&ccedil;o inoxid&aacute;vel<\/strong>, de v&aacute;rios tamanhos e padr&otilde;es, para fazer desde detalhes finos at&eacute; formas grandes e chamativas. Perfeito para decorar bolos, esculturas de fondant, cer&acirc;mica, barro e muito mais.<\/span><\/span><\/p>\n<p><span style=\"font-size:14px\"><span style=\"color:#000000\"><strong>Medidas aproximadas: <\/strong>&nbsp;16,5 x 11 cm &#8211; &Oslash; 2 cm.<\/span><\/span><\/p>\n","protected":false},"excerpt":{"rendered":"<p>Extrusora de alum\u00ednio verde, concebida especificamente para trabalhar com pastas de a\u00e7\u00facar e argila, esta ferramenta facilita a cria\u00e7\u00e3o de formas, padr\u00f5es e esculturas com precis\u00e3o e facilidade.<\/p>\n","protected":false},"featured_media":150754,"comment_status":"open","ping_status":"closed","template":"","meta":{"_acf_changed":false},"pwb-brand":[],"product_brand":[],"product_cat":[3106,1820,3124,2773,1823,3087,1767],"product_tag":[],"class_list":{"0":"post-390600","1":"product","2":"type-product","3":"status-publish","4":"has-post-thumbnail","6":"product_cat-basicos-de-pastelaria","7":"product_cat-basicos","8":"product_cat-ferramentas-de-corte-e-modelacao-2","9":"product_cat-fondant-sin-gluten","10":"product_cat-herramientas-corte-y-modelado","11":"product_cat-ordem-e-armazenamento","12":"product_cat-utensilios","14":"first","15":"instock","16":"taxable","17":"shipping-taxable","18":"purchasable","19":"product-type-simple"},"acf":[],"df_price":13.5,"df_sale_price":"","df_regular_price":13.5,"df_image_link":"https:\/\/glotomania.com\/wp-content\/uploads\/2025\/09\/img_27170_1f4ac961251a95fcd97e4990d436e099_1-300x300.jpg","brands":[],"_links":{"self":[{"href":"https:\/\/glotomania.com\/pt-pt\/wp-json\/wp\/v2\/product\/390600","targetHints":{"allow":["GET"]}}],"collection":[{"href":"https:\/\/glotomania.com\/pt-pt\/wp-json\/wp\/v2\/product"}],"about":[{"href":"https:\/\/glotomania.com\/pt-pt\/wp-json\/wp\/v2\/types\/product"}],"replies":[{"embeddable":true,"href":"https:\/\/glotomania.com\/pt-pt\/wp-json\/wp\/v2\/comments?post=390600"}],"wp:featuredmedia":[{"embeddable":true,"href":"https:\/\/glotomania.com\/pt-pt\/wp-json\/wp\/v2\/media\/150754"}],"wp:attachment":[{"href":"https:\/\/glotomania.com\/pt-pt\/wp-json\/wp\/v2\/media?parent=390600"}],"wp:term":[{"taxonomy":"pwb-brand","embeddable":true,"href":"https:\/\/glotomania.com\/pt-pt\/wp-json\/wp\/v2\/pwb-brand?post=390600"},{"taxonomy":"product_brand","embeddable":true,"href":"https:\/\/glotomania.com\/pt-pt\/wp-json\/wp\/v2\/product_brand?post=390600"},{"taxonomy":"product_cat","embeddable":true,"href":"https:\/\/glotomania.com\/pt-pt\/wp-json\/wp\/v2\/product_cat?post=390600"},{"taxonomy":"product_tag","embeddable":true,"href":"https:\/\/glotomania.com\/pt-pt\/wp-json\/wp\/v2\/product_tag?post=390600"}],"curies":[{"name":"wp","href":"https:\/\/api.w.org\/{rel}","templated":true}]}}