{"id":390602,"date":"2025-09-02T11:08:05","date_gmt":"2025-09-02T11:08:05","guid":{"rendered":"https:\/\/glotomania.com\/p\/marcadores-de-letras-minusculas-para-galletas-2\/"},"modified":"2026-03-11T04:11:27","modified_gmt":"2026-03-11T04:11:27","slug":"marcadores-de-letras-minusculas-para-galletas-2","status":"publish","type":"product","link":"https:\/\/glotomania.com\/pt-pt\/p\/marcadores-de-letras-minusculas-para-galletas-2\/","title":{"rendered":"Marcadores De Letras Min\u00dasculas Para Biscoitos"},"content":{"rendered":"<p>&nbsp;<\/p>\n<p><span style=\"font-size:14px\"><span style=\"color:#000000\">Inclui 26 letras min&uacute;sculas equipadas com <strong>cabos antiderrapantes confort&aacute;veis<\/strong>, numa cor azul vibrante. A ferramenta perfeita para personalizar os nossos biscoitos, bolos, sobremesas e trabalhos manuais com nomes, frases, datas ou decora&ccedil;&otilde;es especiais para qualquer ocasi&atilde;o.<\/span><\/span><\/p>\n<p><span style=\"font-size:14px\"><span style=\"color:#000000\">Fabricados em pl&aacute;stico de qualidade alimentar, s&atilde;o seguros e resistentes, ideais para artistas culin&aacute;rios e aficionados por bricolagem. F&aacute;ceis de limpar, basta enxaguar com &aacute;gua morna. Recomenda-se n&atilde;o mergulhar em &aacute;gua a ferver.<\/span><\/span><\/p>\n<p><span style=\"font-size:14px\"><span style=\"color:#000000\">F&aacute;ceis de usar, basta pressionar os cortadores na massa ou no fondant.<\/span><\/span><\/p>\n<p><span style=\"font-size:14px\"><span style=\"color:#000000\"><strong>Medidas aproximadas: <\/strong>2 &#8211; 3 cm.<\/span><\/span><\/p>\n","protected":false},"excerpt":{"rendered":"<p>Inclui as 26 letras do alfabeto em min\u00fascula, ideais para personalizar as nossas cria\u00e7\u00f5es, perfeitas para qualquer ocasi\u00e3o.<\/p>\n","protected":false},"featured_media":150761,"comment_status":"open","ping_status":"closed","template":"","meta":{"_acf_changed":false},"pwb-brand":[],"product_brand":[],"product_cat":[3199,3215,3214,3087,1788,1801,1809,1767],"product_tag":[],"class_list":{"0":"post-390602","1":"product","2":"type-product","3":"status-publish","4":"has-post-thumbnail","6":"product_cat-cortadores-de-metal","7":"product_cat-marcadores","8":"product_cat-moldes-de-pastelaria","9":"product_cat-ordem-e-armazenamento","10":"product_cat-cortadores-de-cobre","11":"product_cat-moldes","12":"product_cat-moldes-marcadores","13":"product_cat-utensilios","15":"first","16":"instock","17":"taxable","18":"shipping-taxable","19":"purchasable","20":"product-type-simple"},"acf":[],"df_price":7.28,"df_sale_price":"","df_regular_price":7.28,"df_image_link":"https:\/\/glotomania.com\/wp-content\/uploads\/2025\/09\/img_27175_8ccefe52507b20e73a7dd4f0d7162cec_1-300x300.jpg","brands":[],"_links":{"self":[{"href":"https:\/\/glotomania.com\/pt-pt\/wp-json\/wp\/v2\/product\/390602","targetHints":{"allow":["GET"]}}],"collection":[{"href":"https:\/\/glotomania.com\/pt-pt\/wp-json\/wp\/v2\/product"}],"about":[{"href":"https:\/\/glotomania.com\/pt-pt\/wp-json\/wp\/v2\/types\/product"}],"replies":[{"embeddable":true,"href":"https:\/\/glotomania.com\/pt-pt\/wp-json\/wp\/v2\/comments?post=390602"}],"wp:featuredmedia":[{"embeddable":true,"href":"https:\/\/glotomania.com\/pt-pt\/wp-json\/wp\/v2\/media\/150761"}],"wp:attachment":[{"href":"https:\/\/glotomania.com\/pt-pt\/wp-json\/wp\/v2\/media?parent=390602"}],"wp:term":[{"taxonomy":"pwb-brand","embeddable":true,"href":"https:\/\/glotomania.com\/pt-pt\/wp-json\/wp\/v2\/pwb-brand?post=390602"},{"taxonomy":"product_brand","embeddable":true,"href":"https:\/\/glotomania.com\/pt-pt\/wp-json\/wp\/v2\/product_brand?post=390602"},{"taxonomy":"product_cat","embeddable":true,"href":"https:\/\/glotomania.com\/pt-pt\/wp-json\/wp\/v2\/product_cat?post=390602"},{"taxonomy":"product_tag","embeddable":true,"href":"https:\/\/glotomania.com\/pt-pt\/wp-json\/wp\/v2\/product_tag?post=390602"}],"curies":[{"name":"wp","href":"https:\/\/api.w.org\/{rel}","templated":true}]}}