{"id":390605,"date":"2025-09-18T14:07:27","date_gmt":"2025-09-18T14:07:27","guid":{"rendered":"https:\/\/glotomania.com\/p\/caja-para-turron-tipo-tunel-base-blanca-tapa-transparente-25-cm-2\/"},"modified":"2026-03-11T04:11:39","modified_gmt":"2026-03-11T04:11:39","slug":"caja-para-turron-tipo-tunel-base-blanca-tapa-transparente-25-cm-2","status":"publish","type":"product","link":"https:\/\/glotomania.com\/pt-pt\/p\/caja-para-turron-tipo-tunel-base-blanca-tapa-transparente-25-cm-2\/","title":{"rendered":"Caixa Para Nougat Tipo T\u00danel (base Branca + Tampa Transparente) &#8211; 25 Cm"},"content":{"rendered":"<p>&nbsp;<\/p>\n<p><span style=\"font-size: 14px\"><span>Fabricada com uma base de cart&atilde;o branco resistente, oferece uma estrutura s&oacute;lida que protege o conte&uacute;do durante o transporte e o armazenamento. A tampa transparente de pl&aacute;stico permite exibir o produto de forma atraente, permitindo que os clientes apreciem a qualidade e os detalhes do nougat sem necessidade de abrir a caixa.<\/span><\/span><\/p>\n<p><span style=\"font-size: 14px\"><span>O seu design tipo t&uacute;nel proporciona um acesso f&aacute;cil para retirar o nougat, mantendo a integridade e a apresenta&ccedil;&atilde;o do mesmo.<\/span><\/span><\/p>\n<p><span style=\"font-size: 14px\"><span><strong>Dimens&otilde;es aproximadas:&nbsp;<\/strong><u>Base<\/u>&nbsp;25,5 x 4,5 x 3 cm &#8211;&nbsp;<u>Tampa<\/u>&nbsp;25,6 x 4,7 x 2,5 cm.<\/span><\/span><\/p>\n","protected":false},"excerpt":{"rendered":"<p>A caixa para turr\u00f3n tipo t\u00fanel \u00e9 a op\u00e7\u00e3o perfeita para apresentar e conservar os seus deliciosos turrones de forma elegante e segura.<\/p>\n","protected":false},"featured_media":194401,"comment_status":"open","ping_status":"closed","template":"","meta":{"_acf_changed":false},"pwb-brand":[],"product_brand":[],"product_cat":[3158,3182,2907,2920,3087,1782,1984,1849,1866,1767],"product_tag":[],"class_list":{"0":"post-390605","1":"product","2":"type-product","3":"status-publish","4":"has-post-thumbnail","6":"product_cat-caixas-de-pastelaria","7":"product_cat-caixas-para-nougat-2","8":"product_cat-festas","9":"product_cat-natal-2","10":"product_cat-ordem-e-armazenamento","11":"product_cat-cajas","12":"product_cat-cajas-turron","13":"product_cat-fiestas","14":"product_cat-navidad","15":"product_cat-utensilios","17":"first","18":"outofstock","19":"taxable","20":"shipping-taxable","21":"purchasable","22":"product-type-simple"},"acf":[],"df_price":1.45,"df_sale_price":"","df_regular_price":1.45,"df_image_link":"https:\/\/glotomania.com\/wp-content\/uploads\/2025\/09\/img_27571_3ad0698c5950bf14dfcc9acf327f23fc_1-300x300.jpg","brands":[],"_links":{"self":[{"href":"https:\/\/glotomania.com\/pt-pt\/wp-json\/wp\/v2\/product\/390605","targetHints":{"allow":["GET"]}}],"collection":[{"href":"https:\/\/glotomania.com\/pt-pt\/wp-json\/wp\/v2\/product"}],"about":[{"href":"https:\/\/glotomania.com\/pt-pt\/wp-json\/wp\/v2\/types\/product"}],"replies":[{"embeddable":true,"href":"https:\/\/glotomania.com\/pt-pt\/wp-json\/wp\/v2\/comments?post=390605"}],"wp:featuredmedia":[{"embeddable":true,"href":"https:\/\/glotomania.com\/pt-pt\/wp-json\/wp\/v2\/media\/194401"}],"wp:attachment":[{"href":"https:\/\/glotomania.com\/pt-pt\/wp-json\/wp\/v2\/media?parent=390605"}],"wp:term":[{"taxonomy":"pwb-brand","embeddable":true,"href":"https:\/\/glotomania.com\/pt-pt\/wp-json\/wp\/v2\/pwb-brand?post=390605"},{"taxonomy":"product_brand","embeddable":true,"href":"https:\/\/glotomania.com\/pt-pt\/wp-json\/wp\/v2\/product_brand?post=390605"},{"taxonomy":"product_cat","embeddable":true,"href":"https:\/\/glotomania.com\/pt-pt\/wp-json\/wp\/v2\/product_cat?post=390605"},{"taxonomy":"product_tag","embeddable":true,"href":"https:\/\/glotomania.com\/pt-pt\/wp-json\/wp\/v2\/product_tag?post=390605"}],"curies":[{"name":"wp","href":"https:\/\/api.w.org\/{rel}","templated":true}]}}