{"id":390613,"date":"2025-09-02T11:08:39","date_gmt":"2025-09-02T11:08:39","guid":{"rendered":"https:\/\/glotomania.com\/p\/capsulas-mini-cupcake-horneables-borde-reforzado-kraft-100-unidades-2\/"},"modified":"2026-03-26T15:27:08","modified_gmt":"2026-03-26T15:27:08","slug":"capsulas-mini-cupcake-horneables-borde-reforzado-kraft-100-unidades-2","status":"publish","type":"product","link":"https:\/\/glotomania.com\/pt-pt\/p\/capsulas-mini-cupcake-horneables-borde-reforzado-kraft-100-unidades-2\/","title":{"rendered":"C\u00c1psulas Para Mini Cupcakes Cozinh\u00c1veis (aro Refor\u00c7ado) Kraft &#8211; 100 Unidades"},"content":{"rendered":"<p>&nbsp;<\/p>\n<p><span><span style=\"font-size: 14px\">Fabricado em&nbsp;<strong>papel laminado de alta qualidade<\/strong>, seguro para alimentos, com efeito anti-aderente, resistente &agrave; congela&ccedil;&atilde;o, ao microondas e &agrave; cozedura at&eacute; 230&ordm;C sem perder a cor.&nbsp;<\/span><\/span><\/p>\n<p><span><span style=\"font-size: 14px\">Para um resultado perfeito, recomenda-se a utiliza&ccedil;&atilde;o dos nossos tabuleiros e formas com cavidades para cozer as suas cria&ccedil;&otilde;es.<\/span><\/span><\/p>\n<p><span><span style=\"font-size: 14px\"><strong>Medidas:&nbsp;<\/strong>38 x 30 mm.<\/span><\/span><\/p>\n","protected":false},"excerpt":{"rendered":"<p>Embalagem de 100 c\u00e1psulas para mini cupcakes e muffins. Resistentes ao congelador, ao microondas e ao forno at\u00e9 230\u00baC.<\/p>\n","protected":false},"featured_media":150801,"comment_status":"open","ping_status":"closed","template":"","meta":{"_acf_changed":false,"_joinchat":[]},"pwb-brand":[],"product_brand":[],"product_cat":[3191,2009,2010,3193,3087,1767],"product_tag":[],"class_list":{"0":"post-390613","1":"product","2":"type-product","3":"status-publish","4":"has-post-thumbnail","6":"product_cat-capacillos-de-papel-2","7":"product_cat-capsulas","8":"product_cat-capsulas-cupcakes","9":"product_cat-capsulas-para-cupcakes-2","10":"product_cat-ordem-e-armazenamento","11":"product_cat-utensilios","13":"first","14":"instock","15":"taxable","16":"shipping-taxable","17":"purchasable","18":"product-type-simple"},"acf":[],"df_price":16.3,"df_sale_price":"","df_regular_price":16.3,"df_image_link":"https:\/\/e622tfk5wxd.exactdn.com\/wp-content\/uploads\/2025\/09\/img_27252_444f669900326475d6cc64a801470bd4_1-300x300.jpg?strip=all","brands":[],"_links":{"self":[{"href":"https:\/\/glotomania.com\/pt-pt\/wp-json\/wp\/v2\/product\/390613","targetHints":{"allow":["GET"]}}],"collection":[{"href":"https:\/\/glotomania.com\/pt-pt\/wp-json\/wp\/v2\/product"}],"about":[{"href":"https:\/\/glotomania.com\/pt-pt\/wp-json\/wp\/v2\/types\/product"}],"replies":[{"embeddable":true,"href":"https:\/\/glotomania.com\/pt-pt\/wp-json\/wp\/v2\/comments?post=390613"}],"wp:featuredmedia":[{"embeddable":true,"href":"https:\/\/glotomania.com\/pt-pt\/wp-json\/wp\/v2\/media\/150801"}],"wp:attachment":[{"href":"https:\/\/glotomania.com\/pt-pt\/wp-json\/wp\/v2\/media?parent=390613"}],"wp:term":[{"taxonomy":"pwb-brand","embeddable":true,"href":"https:\/\/glotomania.com\/pt-pt\/wp-json\/wp\/v2\/pwb-brand?post=390613"},{"taxonomy":"product_brand","embeddable":true,"href":"https:\/\/glotomania.com\/pt-pt\/wp-json\/wp\/v2\/product_brand?post=390613"},{"taxonomy":"product_cat","embeddable":true,"href":"https:\/\/glotomania.com\/pt-pt\/wp-json\/wp\/v2\/product_cat?post=390613"},{"taxonomy":"product_tag","embeddable":true,"href":"https:\/\/glotomania.com\/pt-pt\/wp-json\/wp\/v2\/product_tag?post=390613"}],"curies":[{"name":"wp","href":"https:\/\/api.w.org\/{rel}","templated":true}]}}