{"id":390621,"date":"2025-09-04T12:08:48","date_gmt":"2025-09-04T12:08:48","guid":{"rendered":"https:\/\/glotomania.com\/p\/sprinkles-3d-funcakes-faboolous-halloween-70-g-2\/"},"modified":"2026-03-11T04:12:22","modified_gmt":"2026-03-11T04:12:22","slug":"sprinkles-3d-funcakes-faboolous-halloween-70-g-2","status":"publish","type":"product","link":"https:\/\/glotomania.com\/pt-pt\/p\/sprinkles-3d-funcakes-faboolous-halloween-70-g-2\/","title":{"rendered":"Sprinkles 3d Funcakes &#8211; Faboolous Halloween (70 G)"},"content":{"rendered":"<p>&nbsp;<\/p>\n<p><span style=\"color:#000000\"><span style=\"font-size:14px\">A mistura de decora&ccedil;&otilde;es inclui figuras em 3D (chap&eacute;us de bruxa e ab&oacute;boras), p&eacute;rolas, nonpareils, fichas planas e chap&eacute;us de bruxa.<\/span><\/span><\/p>\n","protected":false},"excerpt":{"rendered":"<p>Aterradoras decora\u00e7\u00f5es de a\u00e7\u00facar com impressionantes elementos 3D garantem um efeito visual divertido e deslumbrante nas nossas sobremesas de Halloween.<\/p>\n","protected":false},"featured_media":158607,"comment_status":"open","ping_status":"closed","template":"","meta":{"_acf_changed":false},"pwb-brand":[],"product_brand":[],"product_cat":[1839,1840,2979,2982,1832,2907,2917,1902,1833,2999,2996,1849,1863,3004],"product_tag":[],"class_list":{"0":"post-390621","1":"product","2":"type-product","3":"status-publish","4":"has-post-thumbnail","6":"product_cat-decoracion-comestible","7":"product_cat-decoraciones-azucar-comestibles","8":"product_cat-decoracoes-comestiveis-2","9":"product_cat-decoracoes-de-acucar","10":"product_cat-diestas-especiales","11":"product_cat-festas","12":"product_cat-halloween","13":"product_cat-dieta-kosher","14":"product_cat-dieta-sin-gluten","15":"product_cat-kosher-2","16":"product_cat-produtos-vegetarianos","17":"product_cat-fiestas","19":"product_cat-sem-gluten-2","21":"first","22":"instock","23":"taxable","24":"shipping-taxable","25":"purchasable","26":"product-type-simple"},"acf":[],"df_price":5.45,"df_sale_price":"","df_regular_price":5.45,"df_image_link":"https:\/\/glotomania.com\/wp-content\/uploads\/2025\/09\/img_27328_58232a09eefd069fc63ade5abcb9ed6a_1-300x300.jpg","brands":[],"_links":{"self":[{"href":"https:\/\/glotomania.com\/pt-pt\/wp-json\/wp\/v2\/product\/390621","targetHints":{"allow":["GET"]}}],"collection":[{"href":"https:\/\/glotomania.com\/pt-pt\/wp-json\/wp\/v2\/product"}],"about":[{"href":"https:\/\/glotomania.com\/pt-pt\/wp-json\/wp\/v2\/types\/product"}],"replies":[{"embeddable":true,"href":"https:\/\/glotomania.com\/pt-pt\/wp-json\/wp\/v2\/comments?post=390621"}],"wp:featuredmedia":[{"embeddable":true,"href":"https:\/\/glotomania.com\/pt-pt\/wp-json\/wp\/v2\/media\/158607"}],"wp:attachment":[{"href":"https:\/\/glotomania.com\/pt-pt\/wp-json\/wp\/v2\/media?parent=390621"}],"wp:term":[{"taxonomy":"pwb-brand","embeddable":true,"href":"https:\/\/glotomania.com\/pt-pt\/wp-json\/wp\/v2\/pwb-brand?post=390621"},{"taxonomy":"product_brand","embeddable":true,"href":"https:\/\/glotomania.com\/pt-pt\/wp-json\/wp\/v2\/product_brand?post=390621"},{"taxonomy":"product_cat","embeddable":true,"href":"https:\/\/glotomania.com\/pt-pt\/wp-json\/wp\/v2\/product_cat?post=390621"},{"taxonomy":"product_tag","embeddable":true,"href":"https:\/\/glotomania.com\/pt-pt\/wp-json\/wp\/v2\/product_tag?post=390621"}],"curies":[{"name":"wp","href":"https:\/\/api.w.org\/{rel}","templated":true}]}}