{"id":390622,"date":"2025-09-04T12:08:55","date_gmt":"2025-09-04T12:08:55","guid":{"rendered":"https:\/\/glotomania.com\/p\/sprinkles-funcakes-happy-halloween-65-g-2\/"},"modified":"2026-04-28T00:17:49","modified_gmt":"2026-04-28T00:17:49","slug":"sprinkles-funcakes-happy-halloween-65-g-2","status":"publish","type":"product","link":"https:\/\/glotomania.com\/pt-pt\/p\/sprinkles-funcakes-happy-halloween-65-g-2\/","title":{"rendered":"Sprinkles Funcakes &#8211; Happy Halloween (65 G)"},"content":{"rendered":"<p>&nbsp;<\/p>\n<p><span style=\"color:#000000\"><span style=\"font-size: 14px\">A mistura inclui nonpareils preto e laranja, macarr&atilde;o de a&ccedil;&uacute;car preto, batatas fritas e ab&oacute;boras de laranja, morcegos pretos, p&eacute;rolas pretas e laranja met&aacute;lica.<\/span><\/span><\/p>\n<div>&nbsp;<\/div>\n","protected":false},"excerpt":{"rendered":"<p>Mistura de decora\u00e7\u00f5es comest\u00edveis de funcakes, ideal para decorar as nossas terr\u00edveis cria\u00e7\u00f5es de Halloween.<\/p>\n","protected":false},"featured_media":158610,"comment_status":"open","ping_status":"closed","template":"","meta":{"_acf_changed":false},"pwb-brand":[],"product_brand":[],"product_cat":[1839,1840,2979,2982,2907,2917,1849,1863],"product_tag":[],"class_list":{"0":"post-390622","1":"product","2":"type-product","3":"status-publish","4":"has-post-thumbnail","6":"product_cat-decoracion-comestible","7":"product_cat-decoraciones-azucar-comestibles","8":"product_cat-decoracoes-comestiveis-2","9":"product_cat-decoracoes-de-acucar","10":"product_cat-festas","11":"product_cat-halloween","12":"product_cat-fiestas","15":"first","16":"instock","17":"taxable","18":"shipping-taxable","19":"purchasable","20":"product-type-simple"},"acf":[],"df_price":2.92,"df_sale_price":2.92,"df_regular_price":4.16,"df_image_link":"https:\/\/glotomania.com\/wp-content\/uploads\/2025\/09\/img_27331_4cc5c07bfc482e85287fce97751ddcd8_1-300x300.jpg","brands":[],"_links":{"self":[{"href":"https:\/\/glotomania.com\/pt-pt\/wp-json\/wp\/v2\/product\/390622","targetHints":{"allow":["GET"]}}],"collection":[{"href":"https:\/\/glotomania.com\/pt-pt\/wp-json\/wp\/v2\/product"}],"about":[{"href":"https:\/\/glotomania.com\/pt-pt\/wp-json\/wp\/v2\/types\/product"}],"replies":[{"embeddable":true,"href":"https:\/\/glotomania.com\/pt-pt\/wp-json\/wp\/v2\/comments?post=390622"}],"wp:featuredmedia":[{"embeddable":true,"href":"https:\/\/glotomania.com\/pt-pt\/wp-json\/wp\/v2\/media\/158610"}],"wp:attachment":[{"href":"https:\/\/glotomania.com\/pt-pt\/wp-json\/wp\/v2\/media?parent=390622"}],"wp:term":[{"taxonomy":"pwb-brand","embeddable":true,"href":"https:\/\/glotomania.com\/pt-pt\/wp-json\/wp\/v2\/pwb-brand?post=390622"},{"taxonomy":"product_brand","embeddable":true,"href":"https:\/\/glotomania.com\/pt-pt\/wp-json\/wp\/v2\/product_brand?post=390622"},{"taxonomy":"product_cat","embeddable":true,"href":"https:\/\/glotomania.com\/pt-pt\/wp-json\/wp\/v2\/product_cat?post=390622"},{"taxonomy":"product_tag","embeddable":true,"href":"https:\/\/glotomania.com\/pt-pt\/wp-json\/wp\/v2\/product_tag?post=390622"}],"curies":[{"name":"wp","href":"https:\/\/api.w.org\/{rel}","templated":true}]}}