{"id":390625,"date":"2025-09-04T15:30:23","date_gmt":"2025-09-04T15:30:23","guid":{"rendered":"https:\/\/glotomania.com\/p\/sprinkles-wilton-4-en-1-mix-haunted-halloween-2\/"},"modified":"2026-04-28T00:17:51","modified_gmt":"2026-04-28T00:17:51","slug":"sprinkles-wilton-4-en-1-mix-haunted-halloween-2","status":"publish","type":"product","link":"https:\/\/glotomania.com\/pt-pt\/p\/sprinkles-wilton-4-en-1-mix-haunted-halloween-2\/","title":{"rendered":"Sprinkles Wilton (4 Em 1) &#8211; Mistura Haunted Halloween"},"content":{"rendered":"<p>&nbsp;<\/p>\n<p><span style=\"font-size:14px\"><span style=\"color:#000000\">Este conjunto &eacute; a op&ccedil;&atilde;o perfeita para decorar cupcakes, biscoitos, bolos e sobremesas nas suas festas de Halloween, com facilidade e precis&atilde;o. Transforme cada mordida numa experi&ecirc;ncia assustadora e deliciosa!<\/span><\/span><\/p>\n<p><span style=\"font-size:14px\"><span style=\"color:#000000\">4 tipos de granulados numa &uacute;nica embalagem pr&aacute;tica:<\/span><\/span><\/p>\n<ul>\n<li><span style=\"font-size:14px\"><span style=\"color:#000000\">Nonpareils pretos e laranja.&nbsp;<\/span><\/span><\/li>\n<li><span style=\"font-size:14px\"><span style=\"color:#000000\">P&eacute;rolas de a&ccedil;&uacute;car pretas.&nbsp;<\/span><\/span><\/li>\n<li><span style=\"font-size:14px\"><span style=\"color:#000000\">Mimosas laranja.<\/span><\/span><\/li>\n<li><span style=\"font-size:14px\"><span style=\"color:#000000\">Uma mistura assustadora de fantasmas, ab&oacute;boras e morcegos.<\/span><\/span><\/li>\n<\/ul>\n","protected":false},"excerpt":{"rendered":"<p>Esta pr\u00e1tica embalagem girat\u00f3ria permite explorar quatro variedades assustadoras de decora\u00e7\u00f5es doces, perfeitas para transformar as suas sobremesas em verdadeiras obras de arte arrepiante.<\/p>\n","protected":false},"featured_media":158828,"comment_status":"open","ping_status":"closed","template":"","meta":{"_acf_changed":false},"pwb-brand":[],"product_brand":[],"product_cat":[2979,2982,2907,2917,1839,1840,1849,1863],"product_tag":[],"class_list":{"0":"post-390625","1":"product","2":"type-product","3":"status-publish","4":"has-post-thumbnail","6":"product_cat-decoracoes-comestiveis-2","7":"product_cat-decoracoes-de-acucar","8":"product_cat-festas","9":"product_cat-halloween","10":"product_cat-decoracion-comestible","11":"product_cat-decoraciones-azucar-comestibles","12":"product_cat-fiestas","15":"first","16":"instock","17":"taxable","18":"shipping-taxable","19":"purchasable","20":"product-type-simple"},"acf":[],"df_price":4.17,"df_sale_price":4.17,"df_regular_price":5.95,"df_image_link":"https:\/\/glotomania.com\/wp-content\/uploads\/2025\/09\/img_27338_25d85de54529ba7a83dd41ff0c9d199e_1-300x300.jpg","brands":[],"_links":{"self":[{"href":"https:\/\/glotomania.com\/pt-pt\/wp-json\/wp\/v2\/product\/390625","targetHints":{"allow":["GET"]}}],"collection":[{"href":"https:\/\/glotomania.com\/pt-pt\/wp-json\/wp\/v2\/product"}],"about":[{"href":"https:\/\/glotomania.com\/pt-pt\/wp-json\/wp\/v2\/types\/product"}],"replies":[{"embeddable":true,"href":"https:\/\/glotomania.com\/pt-pt\/wp-json\/wp\/v2\/comments?post=390625"}],"wp:featuredmedia":[{"embeddable":true,"href":"https:\/\/glotomania.com\/pt-pt\/wp-json\/wp\/v2\/media\/158828"}],"wp:attachment":[{"href":"https:\/\/glotomania.com\/pt-pt\/wp-json\/wp\/v2\/media?parent=390625"}],"wp:term":[{"taxonomy":"pwb-brand","embeddable":true,"href":"https:\/\/glotomania.com\/pt-pt\/wp-json\/wp\/v2\/pwb-brand?post=390625"},{"taxonomy":"product_brand","embeddable":true,"href":"https:\/\/glotomania.com\/pt-pt\/wp-json\/wp\/v2\/product_brand?post=390625"},{"taxonomy":"product_cat","embeddable":true,"href":"https:\/\/glotomania.com\/pt-pt\/wp-json\/wp\/v2\/product_cat?post=390625"},{"taxonomy":"product_tag","embeddable":true,"href":"https:\/\/glotomania.com\/pt-pt\/wp-json\/wp\/v2\/product_tag?post=390625"}],"curies":[{"name":"wp","href":"https:\/\/api.w.org\/{rel}","templated":true}]}}