{"id":390627,"date":"2025-09-10T11:50:20","date_gmt":"2025-09-10T11:50:20","guid":{"rendered":"https:\/\/glotomania.com\/p\/decoraciones-de-azucar-wilton-cute-halloween-2\/"},"modified":"2026-04-14T05:38:14","modified_gmt":"2026-04-14T05:38:14","slug":"decoraciones-de-azucar-wilton-cute-halloween-2","status":"publish","type":"product","link":"https:\/\/glotomania.com\/pt-pt\/p\/decoraciones-de-azucar-wilton-cute-halloween-2\/","title":{"rendered":"Decora\u00c7\u00d5es De A\u00c7\u00dacar Wilton &#8211; Cute Halloween"},"content":{"rendered":"","protected":false},"excerpt":{"rendered":"<p>8 ador\u00e1veis decora\u00e7\u00f5es de a\u00e7\u00facar (fantasmas encantadores, chap\u00e9us de bruxa e a divertida palavra \u00abBOO!\u00bb), perfeitas para adicionar um toque assustador e alegre aos seus cupcakes, bolos, biscoitos e outras sobremesas.<\/p>\n","protected":false},"featured_media":170784,"comment_status":"open","ping_status":"closed","template":"","meta":{"_acf_changed":false},"pwb-brand":[],"product_brand":[],"product_cat":[2979,2907,2988,2997,2917,2999,2996,1839,1832,1999,1901,1902,1849,1863],"product_tag":[],"class_list":{"0":"post-390627","1":"product","2":"type-product","3":"status-publish","4":"has-post-thumbnail","6":"product_cat-decoracoes-comestiveis-2","7":"product_cat-festas","8":"product_cat-figuras-de-acucar-comestiveis-2","9":"product_cat-halal","10":"product_cat-halloween","11":"product_cat-kosher-2","12":"product_cat-produtos-vegetarianos","13":"product_cat-decoracion-comestible","14":"product_cat-diestas-especiales","15":"product_cat-figuras-de-azucar","16":"product_cat-dieta-halal","17":"product_cat-dieta-kosher","18":"product_cat-fiestas","21":"first","22":"instock","23":"taxable","24":"shipping-taxable","25":"purchasable","26":"product-type-simple"},"acf":[],"df_price":3.47,"df_sale_price":3.47,"df_regular_price":4.95,"df_image_link":"https:\/\/glotomania.com\/wp-content\/uploads\/2025\/09\/img_27345_faea3901c1aef720d2c06d36106b5d52_1-300x300.jpg","brands":[],"_links":{"self":[{"href":"https:\/\/glotomania.com\/pt-pt\/wp-json\/wp\/v2\/product\/390627","targetHints":{"allow":["GET"]}}],"collection":[{"href":"https:\/\/glotomania.com\/pt-pt\/wp-json\/wp\/v2\/product"}],"about":[{"href":"https:\/\/glotomania.com\/pt-pt\/wp-json\/wp\/v2\/types\/product"}],"replies":[{"embeddable":true,"href":"https:\/\/glotomania.com\/pt-pt\/wp-json\/wp\/v2\/comments?post=390627"}],"wp:featuredmedia":[{"embeddable":true,"href":"https:\/\/glotomania.com\/pt-pt\/wp-json\/wp\/v2\/media\/170784"}],"wp:attachment":[{"href":"https:\/\/glotomania.com\/pt-pt\/wp-json\/wp\/v2\/media?parent=390627"}],"wp:term":[{"taxonomy":"pwb-brand","embeddable":true,"href":"https:\/\/glotomania.com\/pt-pt\/wp-json\/wp\/v2\/pwb-brand?post=390627"},{"taxonomy":"product_brand","embeddable":true,"href":"https:\/\/glotomania.com\/pt-pt\/wp-json\/wp\/v2\/product_brand?post=390627"},{"taxonomy":"product_cat","embeddable":true,"href":"https:\/\/glotomania.com\/pt-pt\/wp-json\/wp\/v2\/product_cat?post=390627"},{"taxonomy":"product_tag","embeddable":true,"href":"https:\/\/glotomania.com\/pt-pt\/wp-json\/wp\/v2\/product_tag?post=390627"}],"curies":[{"name":"wp","href":"https:\/\/api.w.org\/{rel}","templated":true}]}}