{"id":390639,"date":"2025-09-10T11:51:52","date_gmt":"2025-09-10T11:51:52","guid":{"rendered":"https:\/\/glotomania.com\/p\/cortador-de-acero-para-galletas-xxl-wilton-calabaza-2\/"},"modified":"2026-04-28T00:17:59","modified_gmt":"2026-04-28T00:17:59","slug":"cortador-de-acero-para-galletas-xxl-wilton-calabaza-2","status":"publish","type":"product","link":"https:\/\/glotomania.com\/pt-pt\/p\/cortador-de-acero-para-galletas-xxl-wilton-calabaza-2\/","title":{"rendered":"Cortador De A\u00c7o Para Biscoitos Xxl Wilton &#8211; Ab\u00d3bora"},"content":{"rendered":"<p>&nbsp;<\/p>\n<p><span style=\"color:#000000\"><span style=\"font-size: 14px\">Fabricado em&nbsp;<strong>a&ccedil;o inoxid&aacute;vel resistente<\/strong>, este cortador oferece excelente durabilidade e um corte limpo em cada utiliza&ccedil;&atilde;o. O seu design em forma de ab&oacute;bora, um s&iacute;mbolo ic&oacute;nico do Halloween, permite dar vida a doces e decora&ccedil;&otilde;es com um toque assustador e ador&aacute;vel ao mesmo tempo.&nbsp;<\/span><\/span><\/p>\n<p><span style=\"color:#000000\"><span style=\"font-size: 14px\">Este cortador &eacute; f&aacute;cil de usar e adequado para lavar na m&aacute;quina de lavar lou&ccedil;a, facilitando a sua limpeza e manuten&ccedil;&atilde;o.&nbsp;<\/span><\/span><\/p>\n<p><span style=\"color:#000000\"><span style=\"font-size: 14px\"><strong>Dimens&otilde;es aproximadas:&nbsp;<\/strong>19,5 cm.<\/span><\/span><\/p>\n","protected":false},"excerpt":{"rendered":"<p>Torne as suas celebra\u00e7\u00f5es de Halloween ainda mais assustadoras e divertidas com o cortador de biscoitos Wilton com desenho de ab\u00f3bora de 19,5 cm.<\/p>\n","protected":false},"featured_media":170824,"comment_status":"open","ping_status":"closed","template":"","meta":{"_acf_changed":false},"pwb-brand":[],"product_brand":[],"product_cat":[1788,3199,2907,2917,3087,1849,1863,1767],"product_tag":[],"class_list":{"0":"post-390639","1":"product","2":"type-product","3":"status-publish","4":"has-post-thumbnail","6":"product_cat-cortadores-de-cobre","7":"product_cat-cortadores-de-metal","8":"product_cat-festas","9":"product_cat-halloween","10":"product_cat-ordem-e-armazenamento","11":"product_cat-fiestas","13":"product_cat-utensilios","15":"first","16":"instock","17":"taxable","18":"shipping-taxable","19":"purchasable","20":"product-type-simple"},"acf":[],"df_price":4.09,"df_sale_price":4.09,"df_regular_price":5.85,"df_image_link":"https:\/\/glotomania.com\/wp-content\/uploads\/2025\/09\/img_27373_239a65995add2d6b7bbdc4faa157c4a3_1-300x300.jpg","brands":[],"_links":{"self":[{"href":"https:\/\/glotomania.com\/pt-pt\/wp-json\/wp\/v2\/product\/390639","targetHints":{"allow":["GET"]}}],"collection":[{"href":"https:\/\/glotomania.com\/pt-pt\/wp-json\/wp\/v2\/product"}],"about":[{"href":"https:\/\/glotomania.com\/pt-pt\/wp-json\/wp\/v2\/types\/product"}],"replies":[{"embeddable":true,"href":"https:\/\/glotomania.com\/pt-pt\/wp-json\/wp\/v2\/comments?post=390639"}],"wp:featuredmedia":[{"embeddable":true,"href":"https:\/\/glotomania.com\/pt-pt\/wp-json\/wp\/v2\/media\/170824"}],"wp:attachment":[{"href":"https:\/\/glotomania.com\/pt-pt\/wp-json\/wp\/v2\/media?parent=390639"}],"wp:term":[{"taxonomy":"pwb-brand","embeddable":true,"href":"https:\/\/glotomania.com\/pt-pt\/wp-json\/wp\/v2\/pwb-brand?post=390639"},{"taxonomy":"product_brand","embeddable":true,"href":"https:\/\/glotomania.com\/pt-pt\/wp-json\/wp\/v2\/product_brand?post=390639"},{"taxonomy":"product_cat","embeddable":true,"href":"https:\/\/glotomania.com\/pt-pt\/wp-json\/wp\/v2\/product_cat?post=390639"},{"taxonomy":"product_tag","embeddable":true,"href":"https:\/\/glotomania.com\/pt-pt\/wp-json\/wp\/v2\/product_tag?post=390639"}],"curies":[{"name":"wp","href":"https:\/\/api.w.org\/{rel}","templated":true}]}}