{"id":390644,"date":"2025-09-10T11:52:29","date_gmt":"2025-09-10T11:52:29","guid":{"rendered":"https:\/\/glotomania.com\/p\/set-2-cajas-para-dulces-y-cupcakes-simply-making-halloween-2\/"},"modified":"2026-03-11T04:13:21","modified_gmt":"2026-03-11T04:13:21","slug":"set-2-cajas-para-dulces-y-cupcakes-simply-making-halloween-2","status":"publish","type":"product","link":"https:\/\/glotomania.com\/pt-pt\/p\/set-2-cajas-para-dulces-y-cupcakes-simply-making-halloween-2\/","title":{"rendered":"Conjunto De 2 Caixas Para Doces E Cupcakes Simply Making &#8211; Halloween"},"content":{"rendered":"<p>&nbsp;<\/p>\n<p><span style=\"font-size:14px\"><span style=\"color:#000000\">Com fundo roxo e estampado de ab&oacute;boras, morcegos e fantasmas, esta caixa para cupcakes &eacute; perfeita para exibir os seus doces assustadores, que ficar&atilde;o deliciosamente arrepiante! O seu design pr&aacute;tico e vers&aacute;til facilita o transporte e a apresenta&ccedil;&atilde;o das suas cria&ccedil;&otilde;es.<\/span><\/span><\/p>\n<p><span style=\"font-size:14px\"><span style=\"color:#000000\">Feitas com materiais de alta qualidade, estas caixas s&atilde;o resistentes, sustent&aacute;veis e reutiliz&aacute;veis, permitindo que as utilize em v&aacute;rias ocasi&otilde;es sem se preocupar com a sua durabilidade.&nbsp;<\/span><\/span><\/p>\n<p><span style=\"font-size:14px\"><span style=\"color:#000000\"><strong>Medidas aproximadas:<\/strong> 26 x 20 x 9 cm.<\/span><\/span><\/p>\n<p><span style=\"font-size:14px\"><span style=\"color:#000000\"><em>O conjunto inclui 2 caixas, 2 inser&ccedil;&otilde;es com capacidade para 2 cupcakes e 2 tampas de acetato transparente.<\/em><\/span><\/span><\/p>\n","protected":false},"excerpt":{"rendered":"<p>Inclui 2 divis\u00f3rias para poder contar com um espa\u00e7o mais pequeno e outro maior, o que permite apresentar diferentes tipos de doces numa \u00fanica caixa: desde cupcakes individuais a pequenos bolos ou guloseimas.<\/p>\n","protected":false},"featured_media":170841,"comment_status":"open","ping_status":"closed","template":"","meta":{"_acf_changed":false,"_joinchat":[]},"pwb-brand":[],"product_brand":[],"product_cat":[3158,3168,3178,3166,1784,1785,1782,1783,2907,2917,3087,1849,1863,1767],"product_tag":[],"class_list":{"0":"post-390644","1":"product","2":"type-product","3":"status-publish","4":"has-post-thumbnail","6":"product_cat-caixas-de-pastelaria","7":"product_cat-caixas-para-bolachas-2","8":"product_cat-caixas-para-bolos-2","9":"product_cat-caixas-para-cupcakes-2","10":"product_cat-cajas-cupcakes","11":"product_cat-cajas-galletas","12":"product_cat-cajas","13":"product_cat-cajas-tartas","14":"product_cat-festas","15":"product_cat-halloween","16":"product_cat-ordem-e-armazenamento","17":"product_cat-fiestas","19":"product_cat-utensilios","21":"first","22":"instock","23":"taxable","24":"shipping-taxable","25":"purchasable","26":"product-type-simple"},"acf":[],"df_price":5.4,"df_sale_price":"","df_regular_price":5.4,"df_image_link":"https:\/\/e622tfk5wxd.exactdn.com\/wp-content\/uploads\/2025\/09\/img_27387_acd31ba1cd0501d3d77998a06d62073f_1-300x300.jpg?strip=all","brands":[],"_links":{"self":[{"href":"https:\/\/glotomania.com\/pt-pt\/wp-json\/wp\/v2\/product\/390644","targetHints":{"allow":["GET"]}}],"collection":[{"href":"https:\/\/glotomania.com\/pt-pt\/wp-json\/wp\/v2\/product"}],"about":[{"href":"https:\/\/glotomania.com\/pt-pt\/wp-json\/wp\/v2\/types\/product"}],"replies":[{"embeddable":true,"href":"https:\/\/glotomania.com\/pt-pt\/wp-json\/wp\/v2\/comments?post=390644"}],"wp:featuredmedia":[{"embeddable":true,"href":"https:\/\/glotomania.com\/pt-pt\/wp-json\/wp\/v2\/media\/170841"}],"wp:attachment":[{"href":"https:\/\/glotomania.com\/pt-pt\/wp-json\/wp\/v2\/media?parent=390644"}],"wp:term":[{"taxonomy":"pwb-brand","embeddable":true,"href":"https:\/\/glotomania.com\/pt-pt\/wp-json\/wp\/v2\/pwb-brand?post=390644"},{"taxonomy":"product_brand","embeddable":true,"href":"https:\/\/glotomania.com\/pt-pt\/wp-json\/wp\/v2\/product_brand?post=390644"},{"taxonomy":"product_cat","embeddable":true,"href":"https:\/\/glotomania.com\/pt-pt\/wp-json\/wp\/v2\/product_cat?post=390644"},{"taxonomy":"product_tag","embeddable":true,"href":"https:\/\/glotomania.com\/pt-pt\/wp-json\/wp\/v2\/product_tag?post=390644"}],"curies":[{"name":"wp","href":"https:\/\/api.w.org\/{rel}","templated":true}]}}