{"id":390646,"date":"2025-09-10T11:52:49","date_gmt":"2025-09-10T11:52:49","guid":{"rendered":"https:\/\/glotomania.com\/p\/set-2-cajas-para-dulces-y-cupcakes-simply-making-calaveras-2\/"},"modified":"2026-04-14T05:38:24","modified_gmt":"2026-04-14T05:38:24","slug":"set-2-cajas-para-dulces-y-cupcakes-simply-making-calaveras-2","status":"publish","type":"product","link":"https:\/\/glotomania.com\/pt-pt\/p\/set-2-cajas-para-dulces-y-cupcakes-simply-making-calaveras-2\/","title":{"rendered":"Conjunto De 2 Caixas Para Doces E Cupcakes Simply Making &#8211; Caveiras"},"content":{"rendered":"<p>&nbsp;<\/p>\n<p><span style=\"font-size:14px\"><span style=\"color:#000000\">Com um fundo preto e um estampado de esqueletos (ossos e caveiras),\u200b<\/span><\/span><span style=\"font-size: 14px\"><span style=\"color:#000000\"> <\/span><span>esta caixa para cupcakes &eacute; perfeita para exibir os seus doces assustadores, que ficar&atilde;o deliciosamente arrepiante! O seu design pr&aacute;tico e vers&aacute;til facilita o transporte e a apresenta&ccedil;&atilde;o das suas cria&ccedil;&otilde;es.<\/span><\/span><\/p>\n<p><span style=\"font-size: 14px\"><span>Feitas com materiais de alta qualidade, estas caixas s&atilde;o resistentes, sustent&aacute;veis e reutiliz&aacute;veis, permitindo que as utilize em v&aacute;rias ocasi&otilde;es sem se preocupar com a sua durabilidade.&nbsp;<\/span><\/span><\/p>\n<p><span style=\"font-size: 14px\"><span><strong>Medidas aproximadas:<\/strong>&nbsp;26 x 20 x 9 cm.<\/span><\/span><\/p>\n<p><span style=\"font-size: 14px\"><span><em>O conjunto inclui 2 caixas, 2 inser&ccedil;&otilde;es com capacidade para 2 cupcakes e 2 tampas de acetato transparente.<\/em><\/span><\/span><\/p>\n","protected":false},"excerpt":{"rendered":"<p>Inclui 2 divis\u00f3rias para poder contar com um espa\u00e7o mais pequeno e outro maior, o que permite apresentar diferentes tipos de doces numa \u00fanica caixa: desde cupcakes individuais a pequenos bolos ou guloseimas.<\/p>\n","protected":false},"featured_media":170850,"comment_status":"open","ping_status":"closed","template":"","meta":{"_acf_changed":false},"pwb-brand":[],"product_brand":[],"product_cat":[3158,3168,3178,3166,2907,2917,3087,1784,1785,1782,1783,1849,1863,1767],"product_tag":[],"class_list":{"0":"post-390646","1":"product","2":"type-product","3":"status-publish","4":"has-post-thumbnail","6":"product_cat-caixas-de-pastelaria","7":"product_cat-caixas-para-bolachas-2","8":"product_cat-caixas-para-bolos-2","9":"product_cat-caixas-para-cupcakes-2","10":"product_cat-festas","11":"product_cat-halloween","12":"product_cat-ordem-e-armazenamento","13":"product_cat-cajas-cupcakes","14":"product_cat-cajas-galletas","15":"product_cat-cajas","16":"product_cat-cajas-tartas","17":"product_cat-fiestas","19":"product_cat-utensilios","21":"first","22":"instock","23":"taxable","24":"shipping-taxable","25":"purchasable","26":"product-type-simple"},"acf":[],"df_price":3.78,"df_sale_price":3.78,"df_regular_price":5.4,"df_image_link":"https:\/\/glotomania.com\/wp-content\/uploads\/2025\/09\/img_27393_ab3ffd0826239f46d11aea1f9315add1_1-300x300.jpg","brands":[],"_links":{"self":[{"href":"https:\/\/glotomania.com\/pt-pt\/wp-json\/wp\/v2\/product\/390646","targetHints":{"allow":["GET"]}}],"collection":[{"href":"https:\/\/glotomania.com\/pt-pt\/wp-json\/wp\/v2\/product"}],"about":[{"href":"https:\/\/glotomania.com\/pt-pt\/wp-json\/wp\/v2\/types\/product"}],"replies":[{"embeddable":true,"href":"https:\/\/glotomania.com\/pt-pt\/wp-json\/wp\/v2\/comments?post=390646"}],"wp:featuredmedia":[{"embeddable":true,"href":"https:\/\/glotomania.com\/pt-pt\/wp-json\/wp\/v2\/media\/170850"}],"wp:attachment":[{"href":"https:\/\/glotomania.com\/pt-pt\/wp-json\/wp\/v2\/media?parent=390646"}],"wp:term":[{"taxonomy":"pwb-brand","embeddable":true,"href":"https:\/\/glotomania.com\/pt-pt\/wp-json\/wp\/v2\/pwb-brand?post=390646"},{"taxonomy":"product_brand","embeddable":true,"href":"https:\/\/glotomania.com\/pt-pt\/wp-json\/wp\/v2\/product_brand?post=390646"},{"taxonomy":"product_cat","embeddable":true,"href":"https:\/\/glotomania.com\/pt-pt\/wp-json\/wp\/v2\/product_cat?post=390646"},{"taxonomy":"product_tag","embeddable":true,"href":"https:\/\/glotomania.com\/pt-pt\/wp-json\/wp\/v2\/product_tag?post=390646"}],"curies":[{"name":"wp","href":"https:\/\/api.w.org\/{rel}","templated":true}]}}