{"id":390649,"date":"2025-09-18T14:11:00","date_gmt":"2025-09-18T14:11:00","guid":{"rendered":"https:\/\/glotomania.com\/p\/colorante-en-gel-de-funcakes-blushing-peach-melocoton-30-g-2\/"},"modified":"2026-03-24T10:09:28","modified_gmt":"2026-03-24T10:09:28","slug":"colorante-en-gel-de-funcakes-blushing-peach-melocoton-30-g-2","status":"publish","type":"product","link":"https:\/\/glotomania.com\/pt-pt\/p\/colorante-en-gel-de-funcakes-blushing-peach-melocoton-30-g-2\/","title":{"rendered":"Corante Em Gel De Funcakes &#8211; Blushing Peach \/ P\u00cassego 30 G"},"content":{"rendered":"<p>&nbsp;<\/p>\n<p><span><span style=\"font-size: 14px\">Gel Concentrado<\/span><span style=\"font-size: 14px\">&nbsp;FunColours de&nbsp;<\/span><span style=\"font-size: 14px\">FunCakes<\/span><span style=\"font-size: 14px\">&nbsp;&eacute; ideal para colorir fondant, gelados, ma&ccedil;ap&atilde;o, cremes, bolos, smoothies, pasta de goma e muito mais.&nbsp;<\/span><\/span><\/p>\n<p><span><span style=\"font-size: 14px\">Apenas uma gota de gel &eacute; suficiente para criar cores vibrantes, pelo que o colorante durar&aacute; muito tempo. O corante tamb&eacute;m &eacute; est&aacute;vel em massas cozidas a 200 &deg;C.<\/span><\/span><\/p>\n<p><span><span style=\"font-size: 14px\">O tubo foi concebido para controlar a distribui&ccedil;&atilde;o com muita precis&atilde;o, doseia muito facilmente e deixa a tampa limpa.<\/span><\/span><\/p>\n<p><span><span style=\"font-size: 14px\"><strong>Dosagem m&aacute;xima recomendada:&nbsp;<\/strong><\/span><span style=\"font-family: Helvetica;font-size: 14px\">0,98&nbsp;g<\/span><span style=\"font-size: 14px\">&nbsp;por 1 kg de massa.<\/span><\/span><\/p>\n","protected":false},"excerpt":{"rendered":"<p>Ideal para tingir qualquer massa. Permite-nos obter cores intensas gra\u00e7as \u00e0 sua alta concentra\u00e7\u00e3o.<\/p>\n","protected":false},"featured_media":194448,"comment_status":"open","ping_status":"closed","template":"","meta":{"_acf_changed":false},"pwb-brand":[],"product_brand":[],"product_cat":[2953,2957,2907,2997,2920,2996,2924,1852,1835,1897,1832,1901,1849,1866],"product_tag":[],"class_list":{"0":"post-390649","1":"product","2":"type-product","3":"status-publish","4":"has-post-thumbnail","6":"product_cat-corantes-e-pinturas","7":"product_cat-corantes-em-gel-2","8":"product_cat-festas","9":"product_cat-halal","10":"product_cat-natal-2","11":"product_cat-produtos-vegetarianos","12":"product_cat-sao-valentim-2","13":"product_cat-san-valentin","14":"product_cat-colorantes","15":"product_cat-colorantes-gel","16":"product_cat-diestas-especiales","17":"product_cat-dieta-halal","18":"product_cat-fiestas","19":"product_cat-navidad","21":"first","22":"instock","23":"taxable","24":"shipping-taxable","25":"purchasable","26":"product-type-simple"},"acf":[],"df_price":3.35,"df_sale_price":"","df_regular_price":3.35,"df_image_link":"https:\/\/glotomania.com\/wp-content\/uploads\/2025\/09\/img_27579_39854e15f280d078a6854a98bcb72da0_1-300x300.jpg","brands":[],"_links":{"self":[{"href":"https:\/\/glotomania.com\/pt-pt\/wp-json\/wp\/v2\/product\/390649","targetHints":{"allow":["GET"]}}],"collection":[{"href":"https:\/\/glotomania.com\/pt-pt\/wp-json\/wp\/v2\/product"}],"about":[{"href":"https:\/\/glotomania.com\/pt-pt\/wp-json\/wp\/v2\/types\/product"}],"replies":[{"embeddable":true,"href":"https:\/\/glotomania.com\/pt-pt\/wp-json\/wp\/v2\/comments?post=390649"}],"wp:featuredmedia":[{"embeddable":true,"href":"https:\/\/glotomania.com\/pt-pt\/wp-json\/wp\/v2\/media\/194448"}],"wp:attachment":[{"href":"https:\/\/glotomania.com\/pt-pt\/wp-json\/wp\/v2\/media?parent=390649"}],"wp:term":[{"taxonomy":"pwb-brand","embeddable":true,"href":"https:\/\/glotomania.com\/pt-pt\/wp-json\/wp\/v2\/pwb-brand?post=390649"},{"taxonomy":"product_brand","embeddable":true,"href":"https:\/\/glotomania.com\/pt-pt\/wp-json\/wp\/v2\/product_brand?post=390649"},{"taxonomy":"product_cat","embeddable":true,"href":"https:\/\/glotomania.com\/pt-pt\/wp-json\/wp\/v2\/product_cat?post=390649"},{"taxonomy":"product_tag","embeddable":true,"href":"https:\/\/glotomania.com\/pt-pt\/wp-json\/wp\/v2\/product_tag?post=390649"}],"curies":[{"name":"wp","href":"https:\/\/api.w.org\/{rel}","templated":true}]}}