{"id":390659,"date":"2025-09-18T14:13:41","date_gmt":"2025-09-18T14:13:41","guid":{"rendered":"https:\/\/glotomania.com\/p\/sprinkles-funcakes-mix-amarillo-70-g-2\/"},"modified":"2026-04-14T16:49:15","modified_gmt":"2026-04-14T16:49:15","slug":"sprinkles-funcakes-mix-amarillo-70-g-2","status":"publish","type":"product","link":"https:\/\/glotomania.com\/pt-pt\/p\/sprinkles-funcakes-mix-amarillo-70-g-2\/","title":{"rendered":"Sprinkles Funcakes &#8211; Mistura Amarelo 70 G"},"content":{"rendered":"<p>&nbsp;<\/p>\n<p><span style=\"font-size:14px\"><span style=\"color:#000000\">Inclui p&eacute;rolas, nonpareils, bolinhas, palitos de a&ccedil;&uacute;car XL e mimosas amarelas.<\/span><\/span><\/p>\n","protected":false},"excerpt":{"rendered":"<p>Mistura de decora\u00e7\u00f5es comest\u00edveis Funcakes, ideal para decorar as nossas cria\u00e7\u00f5es com tons amarelos, perfeitas para batizados, comunh\u00f5es, P\u00e1scoa&#8230;<\/p>\n","protected":false},"featured_media":194469,"comment_status":"open","ping_status":"closed","template":"","meta":{"_acf_changed":false},"pwb-brand":[],"product_brand":[],"product_cat":[2908,2911,1839,1840,2979,2982,2907,2921,1862,1885,1849,1858],"product_tag":[],"class_list":{"0":"post-390659","1":"product","2":"type-product","3":"status-publish","4":"has-post-thumbnail","6":"product_cat-batizados","7":"product_cat-comunhoes","8":"product_cat-decoracion-comestible","9":"product_cat-decoraciones-azucar-comestibles","10":"product_cat-decoracoes-comestiveis-2","11":"product_cat-decoracoes-de-acucar","12":"product_cat-festas","13":"product_cat-pascoa","14":"product_cat-comuniones","15":"product_cat-bautizos","16":"product_cat-fiestas","17":"product_cat-pascua","19":"first","20":"instock","21":"taxable","22":"shipping-taxable","23":"purchasable","24":"product-type-simple"},"acf":[],"df_price":3.3,"df_sale_price":"","df_regular_price":3.3,"df_image_link":"https:\/\/glotomania.com\/wp-content\/uploads\/2025\/09\/img_27605_817216607196608e4240e003537574ee_1-300x300.jpg","brands":[],"_links":{"self":[{"href":"https:\/\/glotomania.com\/pt-pt\/wp-json\/wp\/v2\/product\/390659","targetHints":{"allow":["GET"]}}],"collection":[{"href":"https:\/\/glotomania.com\/pt-pt\/wp-json\/wp\/v2\/product"}],"about":[{"href":"https:\/\/glotomania.com\/pt-pt\/wp-json\/wp\/v2\/types\/product"}],"replies":[{"embeddable":true,"href":"https:\/\/glotomania.com\/pt-pt\/wp-json\/wp\/v2\/comments?post=390659"}],"wp:featuredmedia":[{"embeddable":true,"href":"https:\/\/glotomania.com\/pt-pt\/wp-json\/wp\/v2\/media\/194469"}],"wp:attachment":[{"href":"https:\/\/glotomania.com\/pt-pt\/wp-json\/wp\/v2\/media?parent=390659"}],"wp:term":[{"taxonomy":"pwb-brand","embeddable":true,"href":"https:\/\/glotomania.com\/pt-pt\/wp-json\/wp\/v2\/pwb-brand?post=390659"},{"taxonomy":"product_brand","embeddable":true,"href":"https:\/\/glotomania.com\/pt-pt\/wp-json\/wp\/v2\/product_brand?post=390659"},{"taxonomy":"product_cat","embeddable":true,"href":"https:\/\/glotomania.com\/pt-pt\/wp-json\/wp\/v2\/product_cat?post=390659"},{"taxonomy":"product_tag","embeddable":true,"href":"https:\/\/glotomania.com\/pt-pt\/wp-json\/wp\/v2\/product_tag?post=390659"}],"curies":[{"name":"wp","href":"https:\/\/api.w.org\/{rel}","templated":true}]}}