{"id":390660,"date":"2025-09-18T14:13:49","date_gmt":"2025-09-18T14:13:49","guid":{"rendered":"https:\/\/glotomania.com\/p\/perlas-de-azucar-funcakes-oro-vintage-80-g-2\/"},"modified":"2026-04-21T17:58:17","modified_gmt":"2026-04-21T17:58:17","slug":"perlas-de-azucar-funcakes-oro-vintage-80-g-2","status":"publish","type":"product","link":"https:\/\/glotomania.com\/pt-pt\/p\/perlas-de-azucar-funcakes-oro-vintage-80-g-2\/","title":{"rendered":"P\u00c9rolas De A\u00c7\u00dacar Funcakes &#8211; Ouro Vintage 80 G"},"content":{"rendered":"","protected":false},"excerpt":{"rendered":"<p>D\u00ea um toque de eleg\u00e2ncia aos seus doces com as p\u00e9rolas de a\u00e7\u00facar douradas vintage. Perfeitas para decorar ou modelar!<\/p>\n","protected":false},"featured_media":194472,"comment_status":"open","ping_status":"closed","template":"","meta":{"_acf_changed":false},"pwb-brand":[],"product_brand":[],"product_cat":[2910,1839,1840,2979,2982,2907,2920,1888,1849,1866],"product_tag":[],"class_list":{"0":"post-390660","1":"product","2":"type-product","3":"status-publish","4":"has-post-thumbnail","6":"product_cat-casamentos-2","7":"product_cat-decoracion-comestible","8":"product_cat-decoraciones-azucar-comestibles","9":"product_cat-decoracoes-comestiveis-2","10":"product_cat-decoracoes-de-acucar","11":"product_cat-festas","12":"product_cat-natal-2","13":"product_cat-bodas","14":"product_cat-fiestas","15":"product_cat-navidad","17":"first","18":"instock","19":"taxable","20":"shipping-taxable","21":"purchasable","22":"product-type-simple"},"acf":[],"df_price":5.26,"df_sale_price":"","df_regular_price":5.26,"df_image_link":"https:\/\/glotomania.com\/wp-content\/uploads\/2025\/09\/img_27607_de6db74ff1cead56b169eb60a3d42999_1-300x300.jpg","brands":[],"_links":{"self":[{"href":"https:\/\/glotomania.com\/pt-pt\/wp-json\/wp\/v2\/product\/390660","targetHints":{"allow":["GET"]}}],"collection":[{"href":"https:\/\/glotomania.com\/pt-pt\/wp-json\/wp\/v2\/product"}],"about":[{"href":"https:\/\/glotomania.com\/pt-pt\/wp-json\/wp\/v2\/types\/product"}],"replies":[{"embeddable":true,"href":"https:\/\/glotomania.com\/pt-pt\/wp-json\/wp\/v2\/comments?post=390660"}],"wp:featuredmedia":[{"embeddable":true,"href":"https:\/\/glotomania.com\/pt-pt\/wp-json\/wp\/v2\/media\/194472"}],"wp:attachment":[{"href":"https:\/\/glotomania.com\/pt-pt\/wp-json\/wp\/v2\/media?parent=390660"}],"wp:term":[{"taxonomy":"pwb-brand","embeddable":true,"href":"https:\/\/glotomania.com\/pt-pt\/wp-json\/wp\/v2\/pwb-brand?post=390660"},{"taxonomy":"product_brand","embeddable":true,"href":"https:\/\/glotomania.com\/pt-pt\/wp-json\/wp\/v2\/product_brand?post=390660"},{"taxonomy":"product_cat","embeddable":true,"href":"https:\/\/glotomania.com\/pt-pt\/wp-json\/wp\/v2\/product_cat?post=390660"},{"taxonomy":"product_tag","embeddable":true,"href":"https:\/\/glotomania.com\/pt-pt\/wp-json\/wp\/v2\/product_tag?post=390660"}],"curies":[{"name":"wp","href":"https:\/\/api.w.org\/{rel}","templated":true}]}}