{"id":390661,"date":"2025-09-18T14:13:57","date_gmt":"2025-09-18T14:13:57","guid":{"rendered":"https:\/\/glotomania.com\/p\/sprinkles-funcakes-granos-de-arroz-plata-metalizado-80-g-2\/"},"modified":"2026-03-15T02:07:40","modified_gmt":"2026-03-15T02:07:40","slug":"sprinkles-funcakes-granos-de-arroz-plata-metalizado-80-g-2","status":"publish","type":"product","link":"https:\/\/glotomania.com\/pt-pt\/p\/sprinkles-funcakes-granos-de-arroz-plata-metalizado-80-g-2\/","title":{"rendered":"Sprinkles Funcakes Gr\u00c3os De Arroz &#8211; Prata Metalizada (80 G)"},"content":{"rendered":"","protected":false},"excerpt":{"rendered":"<p>D\u00ea um toque de sofistica\u00e7\u00e3o aos seus doces com estes sprinkles em forma de arroz prateados como espelhos! Perfeitos para casamentos, eventos formais ou para elevar qualquer receita.<\/p>\n","protected":false},"featured_media":194474,"comment_status":"open","ping_status":"closed","template":"","meta":{"_acf_changed":false},"pwb-brand":[],"product_brand":[],"product_cat":[2910,1839,1840,2979,2982,2907,2920,1888,1849,1866],"product_tag":[],"class_list":{"0":"post-390661","1":"product","2":"type-product","3":"status-publish","4":"has-post-thumbnail","6":"product_cat-casamentos-2","7":"product_cat-decoracion-comestible","8":"product_cat-decoraciones-azucar-comestibles","9":"product_cat-decoracoes-comestiveis-2","10":"product_cat-decoracoes-de-acucar","11":"product_cat-festas","12":"product_cat-natal-2","13":"product_cat-bodas","14":"product_cat-fiestas","15":"product_cat-navidad","17":"first","18":"instock","19":"taxable","20":"shipping-taxable","21":"purchasable","22":"product-type-simple"},"acf":[],"df_price":4.75,"df_sale_price":"","df_regular_price":4.75,"df_image_link":"https:\/\/glotomania.com\/wp-content\/uploads\/2025\/09\/img_27609_bb9a1bf04aab4eb57098dd5c8d517fde_1-300x300.jpg","brands":[],"_links":{"self":[{"href":"https:\/\/glotomania.com\/pt-pt\/wp-json\/wp\/v2\/product\/390661","targetHints":{"allow":["GET"]}}],"collection":[{"href":"https:\/\/glotomania.com\/pt-pt\/wp-json\/wp\/v2\/product"}],"about":[{"href":"https:\/\/glotomania.com\/pt-pt\/wp-json\/wp\/v2\/types\/product"}],"replies":[{"embeddable":true,"href":"https:\/\/glotomania.com\/pt-pt\/wp-json\/wp\/v2\/comments?post=390661"}],"wp:featuredmedia":[{"embeddable":true,"href":"https:\/\/glotomania.com\/pt-pt\/wp-json\/wp\/v2\/media\/194474"}],"wp:attachment":[{"href":"https:\/\/glotomania.com\/pt-pt\/wp-json\/wp\/v2\/media?parent=390661"}],"wp:term":[{"taxonomy":"pwb-brand","embeddable":true,"href":"https:\/\/glotomania.com\/pt-pt\/wp-json\/wp\/v2\/pwb-brand?post=390661"},{"taxonomy":"product_brand","embeddable":true,"href":"https:\/\/glotomania.com\/pt-pt\/wp-json\/wp\/v2\/product_brand?post=390661"},{"taxonomy":"product_cat","embeddable":true,"href":"https:\/\/glotomania.com\/pt-pt\/wp-json\/wp\/v2\/product_cat?post=390661"},{"taxonomy":"product_tag","embeddable":true,"href":"https:\/\/glotomania.com\/pt-pt\/wp-json\/wp\/v2\/product_tag?post=390661"}],"curies":[{"name":"wp","href":"https:\/\/api.w.org\/{rel}","templated":true}]}}