{"id":390668,"date":"2025-10-08T18:03:18","date_gmt":"2025-10-08T18:03:18","guid":{"rendered":"https:\/\/glotomania.com\/p\/perlas-de-chocolate-crujientes-wilton-spicy-halloween-100-g-2\/"},"modified":"2026-03-11T04:14:32","modified_gmt":"2026-03-11T04:14:32","slug":"perlas-de-chocolate-crujientes-wilton-spicy-halloween-100-g-2","status":"publish","type":"product","link":"https:\/\/glotomania.com\/pt-pt\/p\/perlas-de-chocolate-crujientes-wilton-spicy-halloween-100-g-2\/","title":{"rendered":"P\u00c9rolas De Chocolate Crocante Wilton &#8211; Spicy Halloween (100 G)"},"content":{"rendered":"<p>&nbsp;<\/p>\n<p><span style=\"font-size:14px\"><span style=\"color:#000000\">Cada p&eacute;rola combina um delicioso centro crocante de cereais e creme de cacau com um <strong>intenso sabor a especiarias de ab&oacute;bora<\/strong>, o aroma outonal por excel&ecirc;ncia, que evoca o calor e a festividade do Halloween.&nbsp;<\/span><\/span><\/p>\n<p><span style=\"font-size:14px\"><span style=\"color:#000000\">Al&eacute;m disso, <strong>o seu centro crocante de cereais<\/strong> (11%) proporciona uma textura contrastante que tornar&aacute; as suas decora&ccedil;&otilde;es irresistivelmente atraentes e crocantes.<\/span><\/span><\/p>\n<p><span style=\"font-size:14px\"><span style=\"color:#000000\">F&aacute;ceis de usar, basta polvilh&aacute;-las sobre as suas sobremesas antes ou depois de assar para um efeito decorativo espetacular e delicioso.<\/span><\/span><\/p>\n","protected":false},"excerpt":{"rendered":"<p>D\u00ea um toque assustadoramente delicioso e cheio de sabor \u00e0s suas decora\u00e7\u00f5es de Halloween com as Wilton Spicy Halloween Choco Crunch Pearls, o acabamento perfeito para os seus doces.<\/p>\n","protected":false},"featured_media":209430,"comment_status":"open","ping_status":"closed","template":"","meta":{"_acf_changed":false},"pwb-brand":[],"product_brand":[],"product_cat":[2979,2984,2907,2917,1839,1890,1849,1863],"product_tag":[],"class_list":{"0":"post-390668","1":"product","2":"type-product","3":"status-publish","4":"has-post-thumbnail","6":"product_cat-decoracoes-comestiveis-2","7":"product_cat-decoracoes-de-chocolate-2","8":"product_cat-festas","9":"product_cat-halloween","10":"product_cat-decoracion-comestible","11":"product_cat-chocolate-decorar","12":"product_cat-fiestas","15":"first","16":"instock","17":"taxable","18":"shipping-taxable","19":"purchasable","20":"product-type-simple"},"acf":[],"df_price":6.99,"df_sale_price":"","df_regular_price":6.99,"df_image_link":"https:\/\/glotomania.com\/wp-content\/uploads\/2025\/10\/img_27633_473032444b0f3c2e86be1580d01754bd_1-300x300.jpg","brands":[],"_links":{"self":[{"href":"https:\/\/glotomania.com\/pt-pt\/wp-json\/wp\/v2\/product\/390668","targetHints":{"allow":["GET"]}}],"collection":[{"href":"https:\/\/glotomania.com\/pt-pt\/wp-json\/wp\/v2\/product"}],"about":[{"href":"https:\/\/glotomania.com\/pt-pt\/wp-json\/wp\/v2\/types\/product"}],"replies":[{"embeddable":true,"href":"https:\/\/glotomania.com\/pt-pt\/wp-json\/wp\/v2\/comments?post=390668"}],"wp:featuredmedia":[{"embeddable":true,"href":"https:\/\/glotomania.com\/pt-pt\/wp-json\/wp\/v2\/media\/209430"}],"wp:attachment":[{"href":"https:\/\/glotomania.com\/pt-pt\/wp-json\/wp\/v2\/media?parent=390668"}],"wp:term":[{"taxonomy":"pwb-brand","embeddable":true,"href":"https:\/\/glotomania.com\/pt-pt\/wp-json\/wp\/v2\/pwb-brand?post=390668"},{"taxonomy":"product_brand","embeddable":true,"href":"https:\/\/glotomania.com\/pt-pt\/wp-json\/wp\/v2\/product_brand?post=390668"},{"taxonomy":"product_cat","embeddable":true,"href":"https:\/\/glotomania.com\/pt-pt\/wp-json\/wp\/v2\/product_cat?post=390668"},{"taxonomy":"product_tag","embeddable":true,"href":"https:\/\/glotomania.com\/pt-pt\/wp-json\/wp\/v2\/product_tag?post=390668"}],"curies":[{"name":"wp","href":"https:\/\/api.w.org\/{rel}","templated":true}]}}