{"id":390669,"date":"2025-10-08T18:03:23","date_gmt":"2025-10-08T18:03:23","guid":{"rendered":"https:\/\/glotomania.com\/p\/perlas-de-chocolate-crujientes-wilton-bubblegum-mix-100-g-2\/"},"modified":"2026-03-11T04:14:34","modified_gmt":"2026-03-11T04:14:34","slug":"perlas-de-chocolate-crujientes-wilton-bubblegum-mix-100-g-2","status":"publish","type":"product","link":"https:\/\/glotomania.com\/pt-pt\/p\/perlas-de-chocolate-crujientes-wilton-bubblegum-mix-100-g-2\/","title":{"rendered":"P\u00c9rolas De Chocolate Crocante Wilton &#8211; Bubblegum Mix (100 G)"},"content":{"rendered":"<p>&nbsp;<\/p>\n<p><span style=\"font-size:14px\"><span style=\"color:#000000\">Cada p&eacute;rola combina um delicioso centro crocante de chocolate com um <strong>sabor doce e suave de marshmallow<\/strong>, criando uma experi&ecirc;ncia sensorial irresist&iacute;vel.&nbsp;<\/span><\/span><\/p>\n<p><span style=\"font-size:14px\"><span style=\"color:#000000\">A <strong>textura crocante<\/strong> e o perfil de sabor doce conferem um acabamento festivo e encantador a qualquer cria&ccedil;&atilde;o. Estas p&eacute;rolas em tons pastel n&atilde;o s&oacute; conferem um aspeto vibrante e alegre, como tamb&eacute;m oferecem um sabor delicioso que encanta adultos e crian&ccedil;as por igual.&nbsp;<\/span><\/span><\/p>\n<p><span style=\"font-size:14px\"><span style=\"color:#000000\">F&aacute;ceis de usar, basta polvilh&aacute;-las na superf&iacute;cie das suas sobremesas antes ou depois de assar para obter um acabamento colorido e festivo.<\/span><\/span><\/p>\n","protected":false},"excerpt":{"rendered":"<p>Adicione um toque colorido, alegre e doce \u00e0s suas sobremesas com as P\u00e9rolas de Chocolate e Marshmallow Bubblegum Mix da Wilton, ideais para destacar os seus doces em celebra\u00e7\u00f5es especiais.<\/p>\n","protected":false},"featured_media":209734,"comment_status":"open","ping_status":"closed","template":"","meta":{"_acf_changed":false},"pwb-brand":[],"product_brand":[],"product_cat":[2908,2979,2984,2907,2921,1839,1890,1885,1849,1858],"product_tag":[],"class_list":{"0":"post-390669","1":"product","2":"type-product","3":"status-publish","4":"has-post-thumbnail","6":"product_cat-batizados","7":"product_cat-decoracoes-comestiveis-2","8":"product_cat-decoracoes-de-chocolate-2","9":"product_cat-festas","10":"product_cat-pascoa","11":"product_cat-decoracion-comestible","12":"product_cat-chocolate-decorar","13":"product_cat-bautizos","14":"product_cat-fiestas","15":"product_cat-pascua","17":"first","18":"instock","19":"taxable","20":"shipping-taxable","21":"purchasable","22":"product-type-simple"},"acf":[],"df_price":6.99,"df_sale_price":"","df_regular_price":6.99,"df_image_link":"https:\/\/glotomania.com\/wp-content\/uploads\/2025\/10\/img_27634_69df33ba1fef0322dafcf562b378288c_1-300x300.jpg","brands":[],"_links":{"self":[{"href":"https:\/\/glotomania.com\/pt-pt\/wp-json\/wp\/v2\/product\/390669","targetHints":{"allow":["GET"]}}],"collection":[{"href":"https:\/\/glotomania.com\/pt-pt\/wp-json\/wp\/v2\/product"}],"about":[{"href":"https:\/\/glotomania.com\/pt-pt\/wp-json\/wp\/v2\/types\/product"}],"replies":[{"embeddable":true,"href":"https:\/\/glotomania.com\/pt-pt\/wp-json\/wp\/v2\/comments?post=390669"}],"wp:featuredmedia":[{"embeddable":true,"href":"https:\/\/glotomania.com\/pt-pt\/wp-json\/wp\/v2\/media\/209734"}],"wp:attachment":[{"href":"https:\/\/glotomania.com\/pt-pt\/wp-json\/wp\/v2\/media?parent=390669"}],"wp:term":[{"taxonomy":"pwb-brand","embeddable":true,"href":"https:\/\/glotomania.com\/pt-pt\/wp-json\/wp\/v2\/pwb-brand?post=390669"},{"taxonomy":"product_brand","embeddable":true,"href":"https:\/\/glotomania.com\/pt-pt\/wp-json\/wp\/v2\/product_brand?post=390669"},{"taxonomy":"product_cat","embeddable":true,"href":"https:\/\/glotomania.com\/pt-pt\/wp-json\/wp\/v2\/product_cat?post=390669"},{"taxonomy":"product_tag","embeddable":true,"href":"https:\/\/glotomania.com\/pt-pt\/wp-json\/wp\/v2\/product_tag?post=390669"}],"curies":[{"name":"wp","href":"https:\/\/api.w.org\/{rel}","templated":true}]}}