{"id":390674,"date":"2025-10-08T18:03:48","date_gmt":"2025-10-08T18:03:48","guid":{"rendered":"https:\/\/glotomania.com\/p\/sprinkles-3d-funcakes-frosty-winters-70-g-2\/"},"modified":"2026-03-11T04:14:47","modified_gmt":"2026-03-11T04:14:47","slug":"sprinkles-3d-funcakes-frosty-winters-70-g-2","status":"publish","type":"product","link":"https:\/\/glotomania.com\/pt-pt\/p\/sprinkles-3d-funcakes-frosty-winters-70-g-2\/","title":{"rendered":"Sprinkles 3d Funcakes &#8211; Frosty Winters (70 G)"},"content":{"rendered":"<p>&nbsp;<\/p>\n<p><span style=\"font-size:14px\"><span style=\"color:#000000\">A mistura de decora&ccedil;&otilde;es inclui figuras em 3D (flocos de neve e gotas), p&eacute;rolas, nonpareils, palitos de a&ccedil;&uacute;car XL e mimosas.<\/span><\/span><\/p>\n","protected":false},"excerpt":{"rendered":"<p>Encantadoras decora\u00e7\u00f5es de a\u00e7\u00facar com surpreendentes elementos 3D que garantem um efeito visual impressionante e divertido nas nossas sobremesas de Natal.<\/p>\n","protected":false},"featured_media":209440,"comment_status":"open","ping_status":"closed","template":"","meta":{"_acf_changed":false},"pwb-brand":[],"product_brand":[],"product_cat":[1839,1840,2979,2982,2907,2920,1849,1866],"product_tag":[],"class_list":{"0":"post-390674","1":"product","2":"type-product","3":"status-publish","4":"has-post-thumbnail","6":"product_cat-decoracion-comestible","7":"product_cat-decoraciones-azucar-comestibles","8":"product_cat-decoracoes-comestiveis-2","9":"product_cat-decoracoes-de-acucar","10":"product_cat-festas","11":"product_cat-natal-2","12":"product_cat-fiestas","13":"product_cat-navidad","15":"first","16":"instock","17":"taxable","18":"shipping-taxable","19":"purchasable","20":"product-type-simple"},"acf":[],"df_price":5.5,"df_sale_price":"","df_regular_price":5.5,"df_image_link":"https:\/\/glotomania.com\/wp-content\/uploads\/2025\/10\/img_27647_454b9e20b49e192b1209f4e713fe14a6_1-300x300.jpg","brands":[],"_links":{"self":[{"href":"https:\/\/glotomania.com\/pt-pt\/wp-json\/wp\/v2\/product\/390674","targetHints":{"allow":["GET"]}}],"collection":[{"href":"https:\/\/glotomania.com\/pt-pt\/wp-json\/wp\/v2\/product"}],"about":[{"href":"https:\/\/glotomania.com\/pt-pt\/wp-json\/wp\/v2\/types\/product"}],"replies":[{"embeddable":true,"href":"https:\/\/glotomania.com\/pt-pt\/wp-json\/wp\/v2\/comments?post=390674"}],"wp:featuredmedia":[{"embeddable":true,"href":"https:\/\/glotomania.com\/pt-pt\/wp-json\/wp\/v2\/media\/209440"}],"wp:attachment":[{"href":"https:\/\/glotomania.com\/pt-pt\/wp-json\/wp\/v2\/media?parent=390674"}],"wp:term":[{"taxonomy":"pwb-brand","embeddable":true,"href":"https:\/\/glotomania.com\/pt-pt\/wp-json\/wp\/v2\/pwb-brand?post=390674"},{"taxonomy":"product_brand","embeddable":true,"href":"https:\/\/glotomania.com\/pt-pt\/wp-json\/wp\/v2\/product_brand?post=390674"},{"taxonomy":"product_cat","embeddable":true,"href":"https:\/\/glotomania.com\/pt-pt\/wp-json\/wp\/v2\/product_cat?post=390674"},{"taxonomy":"product_tag","embeddable":true,"href":"https:\/\/glotomania.com\/pt-pt\/wp-json\/wp\/v2\/product_tag?post=390674"}],"curies":[{"name":"wp","href":"https:\/\/api.w.org\/{rel}","templated":true}]}}