{"id":390677,"date":"2025-10-08T18:04:06","date_gmt":"2025-10-08T18:04:06","guid":{"rendered":"https:\/\/glotomania.com\/p\/cortador-metalico-simply-making-drippy-icing-efecto-goteo-12-cm-2\/"},"modified":"2026-03-11T04:14:53","modified_gmt":"2026-03-11T04:14:53","slug":"cortador-metalico-simply-making-drippy-icing-efecto-goteo-12-cm-2","status":"publish","type":"product","link":"https:\/\/glotomania.com\/pt-pt\/p\/cortador-metalico-simply-making-drippy-icing-efecto-goteo-12-cm-2\/","title":{"rendered":"Cortador De Metal Simply Making &#8211; Drippy Icing \/ Efeito Goteo (12 Cm)"},"content":{"rendered":"<p>&nbsp;<\/p>\n<p><span style=\"font-size:14px\"><span style=\"color:#000000\">&Eacute; especialmente &uacute;til para criar efeitos de gelado derramado, po&ccedil;as de lama, pudins natal&iacute;cios, efeitos de salpicos e outros detalhes de gotejamento que d&atilde;o um toque realista e criativo aos seus doces.<\/span><\/span><\/p>\n<p><span style=\"font-size:14px\"><span style=\"color:#000000\"><strong>Medidas aproximadas:<\/strong> 12,3 x 13 cm.<\/span><\/span><\/p>\n<p><span style=\"font-size:14px\"><span style=\"color:#000000\"><strong>M&eacute;todo de utiliza&ccedil;&atilde;o:<\/strong><\/span><\/span><\/p>\n<ol>\n<li><span style=\"font-size:14px\"><span style=\"color:#000000\">Polvilhe uma superf&iacute;cie limpa com amido de milho ou a&ccedil;&uacute;car em p&oacute; para evitar que grude.&nbsp;<\/span><\/span><\/li>\n<li><span style=\"font-size:14px\"><span style=\"color:#000000\">Amasse a pasta de a&ccedil;&uacute;car at&eacute; ficar macia e flex&iacute;vel.&nbsp;<\/span><\/span><\/li>\n<li><span style=\"font-size:14px\"><span style=\"color:#000000\">Estenda a pasta, certificando-se de que fica uniforme.&nbsp;<\/span><\/span><\/li>\n<li><span style=\"font-size:14px\"><span style=\"color:#000000\">Pressione firmemente o cortador na pasta de a&ccedil;&uacute;car para cortar a forma de gotejamento.&nbsp;<\/span><\/span><\/li>\n<li><span style=\"font-size:14px\"><span style=\"color:#000000\">Levante suavemente o cortador para soltar a forma recortada.&nbsp;<\/span><\/span><\/li>\n<li><span style=\"font-size:14px\"><span style=\"color:#000000\">Use cola comest&iacute;vel ou &aacute;gua para col&aacute;-la facilmente no seu bolo, cupcake ou biscoito.<\/span><\/span><\/li>\n<\/ol>\n","protected":false},"excerpt":{"rendered":"<p>Consiga efeitos de gotejamento perfeitos e sem complica\u00e7\u00f5es com este cortador da Simply Making. Ideal para decora\u00e7\u00f5es criativas, \u00e9 a ferramenta perfeita para obter acabamentos profissionais com facilidade.<\/p>\n","protected":false},"featured_media":209449,"comment_status":"open","ping_status":"closed","template":"","meta":{"_acf_changed":false},"pwb-brand":[],"product_brand":[],"product_cat":[3199,2907,2920,1788,1849,1866],"product_tag":[],"class_list":{"0":"post-390677","1":"product","2":"type-product","3":"status-publish","4":"has-post-thumbnail","6":"product_cat-cortadores-de-metal","7":"product_cat-festas","8":"product_cat-natal-2","9":"product_cat-cortadores-de-cobre","10":"product_cat-fiestas","11":"product_cat-navidad","13":"first","14":"instock","15":"taxable","16":"shipping-taxable","17":"purchasable","18":"product-type-simple"},"acf":[],"df_price":15.5,"df_sale_price":"","df_regular_price":15.5,"df_image_link":"https:\/\/glotomania.com\/wp-content\/uploads\/2025\/10\/img_27653_4884e1349f90dcea3906fa0674297eb5_1-300x300.jpg","brands":[],"_links":{"self":[{"href":"https:\/\/glotomania.com\/pt-pt\/wp-json\/wp\/v2\/product\/390677","targetHints":{"allow":["GET"]}}],"collection":[{"href":"https:\/\/glotomania.com\/pt-pt\/wp-json\/wp\/v2\/product"}],"about":[{"href":"https:\/\/glotomania.com\/pt-pt\/wp-json\/wp\/v2\/types\/product"}],"replies":[{"embeddable":true,"href":"https:\/\/glotomania.com\/pt-pt\/wp-json\/wp\/v2\/comments?post=390677"}],"wp:featuredmedia":[{"embeddable":true,"href":"https:\/\/glotomania.com\/pt-pt\/wp-json\/wp\/v2\/media\/209449"}],"wp:attachment":[{"href":"https:\/\/glotomania.com\/pt-pt\/wp-json\/wp\/v2\/media?parent=390677"}],"wp:term":[{"taxonomy":"pwb-brand","embeddable":true,"href":"https:\/\/glotomania.com\/pt-pt\/wp-json\/wp\/v2\/pwb-brand?post=390677"},{"taxonomy":"product_brand","embeddable":true,"href":"https:\/\/glotomania.com\/pt-pt\/wp-json\/wp\/v2\/product_brand?post=390677"},{"taxonomy":"product_cat","embeddable":true,"href":"https:\/\/glotomania.com\/pt-pt\/wp-json\/wp\/v2\/product_cat?post=390677"},{"taxonomy":"product_tag","embeddable":true,"href":"https:\/\/glotomania.com\/pt-pt\/wp-json\/wp\/v2\/product_tag?post=390677"}],"curies":[{"name":"wp","href":"https:\/\/api.w.org\/{rel}","templated":true}]}}