{"id":390678,"date":"2025-10-08T18:04:24","date_gmt":"2025-10-08T18:04:24","guid":{"rendered":"https:\/\/glotomania.com\/p\/set-2-cajas-para-dulces-y-cupcakes-simply-making-personajes-navidad-2\/"},"modified":"2026-04-14T05:38:29","modified_gmt":"2026-04-14T05:38:29","slug":"set-2-cajas-para-dulces-y-cupcakes-simply-making-personajes-navidad-2","status":"publish","type":"product","link":"https:\/\/glotomania.com\/pt-pt\/p\/set-2-cajas-para-dulces-y-cupcakes-simply-making-personajes-navidad-2\/","title":{"rendered":"Conjunto De 2 Caixas Para Doces E Cupcakes Simply Making &#8211; Personagens De Natal"},"content":{"rendered":"<p>&nbsp;<\/p>\n<p><span style=\"font-size:14px\"><span style=\"color:#000000\">Com um design fant&aacute;stico e divertido com personagens de inverno, esta caixa para cupcakes &eacute; perfeita para exibir os seus doces natal&iacute;cios. O seu design pr&aacute;tico e vers&aacute;til facilita o transporte e a apresenta&ccedil;&atilde;o das suas cria&ccedil;&otilde;es.\u200b<\/span><\/span><\/p>\n<p><span style=\"font-size:14px\"><span style=\"color:#000000\">Feitas com materiais de alta qualidade, estas caixas s&atilde;o resistentes, sustent&aacute;veis e reutiliz&aacute;veis, permitindo que as utilize em v&aacute;rias ocasi&otilde;es sem se preocupar com a sua durabilidade.&nbsp;<\/span><\/span><\/p>\n<p><span style=\"font-size:14px\"><span style=\"color:#000000\"><strong>Medidas aproximadas:<\/strong>&nbsp;26 x 20 x 9 cm.<\/span><\/span><\/p>\n<p><span style=\"font-size:14px\"><span style=\"color:#000000\"><em>O conjunto inclui 2 caixas, 2 inser&ccedil;&otilde;es com capacidade para 2 cupcakes e 2 tampas de acetato transparente.<\/em><\/span><\/span><\/p>\n","protected":false},"excerpt":{"rendered":"<p>Inclui 2 divis\u00f3rias para poder contar com um espa\u00e7o mais pequeno e outro maior, o que permite apresentar diferentes tipos de doces numa \u00fanica caixa: desde cupcakes individuais a pequenos bolos ou guloseimas.<\/p>\n","protected":false},"featured_media":209736,"comment_status":"open","ping_status":"closed","template":"","meta":{"_acf_changed":false},"pwb-brand":[],"product_brand":[],"product_cat":[3158,3168,3178,3166,1784,1785,1782,1783,2907,2920,3087,1849,1866,1767],"product_tag":[],"class_list":{"0":"post-390678","1":"product","2":"type-product","3":"status-publish","4":"has-post-thumbnail","6":"product_cat-caixas-de-pastelaria","7":"product_cat-caixas-para-bolachas-2","8":"product_cat-caixas-para-bolos-2","9":"product_cat-caixas-para-cupcakes-2","10":"product_cat-cajas-cupcakes","11":"product_cat-cajas-galletas","12":"product_cat-cajas","13":"product_cat-cajas-tartas","14":"product_cat-festas","15":"product_cat-natal-2","16":"product_cat-ordem-e-armazenamento","17":"product_cat-fiestas","18":"product_cat-navidad","19":"product_cat-utensilios","21":"first","22":"instock","23":"taxable","24":"shipping-taxable","25":"purchasable","26":"product-type-simple"},"acf":[],"df_price":4.55,"df_sale_price":4.55,"df_regular_price":6.5,"df_image_link":"https:\/\/glotomania.com\/wp-content\/uploads\/2025\/10\/img_27658_8b5acd50f061e0b463049ff8da21f12f_1-300x300.jpg","brands":[],"_links":{"self":[{"href":"https:\/\/glotomania.com\/pt-pt\/wp-json\/wp\/v2\/product\/390678","targetHints":{"allow":["GET"]}}],"collection":[{"href":"https:\/\/glotomania.com\/pt-pt\/wp-json\/wp\/v2\/product"}],"about":[{"href":"https:\/\/glotomania.com\/pt-pt\/wp-json\/wp\/v2\/types\/product"}],"replies":[{"embeddable":true,"href":"https:\/\/glotomania.com\/pt-pt\/wp-json\/wp\/v2\/comments?post=390678"}],"wp:featuredmedia":[{"embeddable":true,"href":"https:\/\/glotomania.com\/pt-pt\/wp-json\/wp\/v2\/media\/209736"}],"wp:attachment":[{"href":"https:\/\/glotomania.com\/pt-pt\/wp-json\/wp\/v2\/media?parent=390678"}],"wp:term":[{"taxonomy":"pwb-brand","embeddable":true,"href":"https:\/\/glotomania.com\/pt-pt\/wp-json\/wp\/v2\/pwb-brand?post=390678"},{"taxonomy":"product_brand","embeddable":true,"href":"https:\/\/glotomania.com\/pt-pt\/wp-json\/wp\/v2\/product_brand?post=390678"},{"taxonomy":"product_cat","embeddable":true,"href":"https:\/\/glotomania.com\/pt-pt\/wp-json\/wp\/v2\/product_cat?post=390678"},{"taxonomy":"product_tag","embeddable":true,"href":"https:\/\/glotomania.com\/pt-pt\/wp-json\/wp\/v2\/product_tag?post=390678"}],"curies":[{"name":"wp","href":"https:\/\/api.w.org\/{rel}","templated":true}]}}