{"id":390683,"date":"2026-02-08T16:10:07","date_gmt":"2026-02-08T16:10:07","guid":{"rendered":"https:\/\/glotomania.com\/p\/set-5-cajas-para-dulces-simply-making-estrellas-16-cavidades-2\/"},"modified":"2026-03-11T04:15:08","modified_gmt":"2026-03-11T04:15:08","slug":"set-5-cajas-para-dulces-simply-making-estrellas-16-cavidades-2","status":"publish","type":"product","link":"https:\/\/glotomania.com\/pt-pt\/p\/set-5-cajas-para-dulces-simply-making-estrellas-16-cavidades-2\/","title":{"rendered":"Conjunto De 5 Caixas Para Doces Simply Making &#8211; Estrelas (16 Cavidades)"},"content":{"rendered":"<p>&nbsp;<\/p>\n<p><span style=\"font-size:14px\"><span style=\"color:#000000\">Cada caixa tem um <strong>design de estrelas prateadas<\/strong> que d&aacute; um toque festivo, alegre e sofisticado &agrave;s suas cria&ccedil;&otilde;es.&nbsp;<\/span><\/span><\/p>\n<p><span style=\"font-size:14px\"><span style=\"color:#000000\">Gra&ccedil;as aos seus <strong>16 compartimentos<\/strong>, os seus doces ficam no lugar, evitando movimentos e garantindo uma apresenta&ccedil;&atilde;o organizada e elegante. A tampa com janela transparente permite mostrar os seus produtos, destacando a sua beleza e atraindo a aten&ccedil;&atilde;o de quem os recebe ou compra.<\/span><\/span><\/p>\n<p><span style=\"font-size:14px\"><span style=\"color:#000000\">Estas caixas s&atilde;o vendidas desmontadas, mas s&atilde;o f&aacute;ceis de montar em poucos passos. Fabricadas com materiais seguros e resistentes, s&atilde;o adequadas para uso alimentar e oferecem a durabilidade necess&aacute;ria para apresentar e oferecer as suas cria&ccedil;&otilde;es com confian&ccedil;a.<\/span><\/span><\/p>\n<p><span style=\"font-size:14px\"><span style=\"color:#000000\"><strong>Medidas aproximadas: <\/strong><u>Caixa<\/u> 15 x 15 x 3,5 cm &#8211; <u>Compartimentos<\/u> 36 x 36 mm.<\/span><\/span><\/p>\n","protected":false},"excerpt":{"rendered":"<p>Inclui 5 caixas e 5 inser\u00e7\u00f5es com 16 cavidades, perfeitas para apresentar chocolates, macarons, biscoitos e outras del\u00edcias para ocasi\u00f5es especiais, como Natal, anivers\u00e1rios, casamentos, ch\u00e1s de beb\u00e9 ou presentes personalizados.<\/p>\n","protected":false},"featured_media":209478,"comment_status":"open","ping_status":"closed","template":"","meta":{"_acf_changed":false},"pwb-brand":[],"product_brand":[],"product_cat":[2908,3158,3168,3162,3174,2910,2911,2907,2920,3087,1921,1785,1786,1782,1888,1862,1885,1849,1866,1767],"product_tag":[],"class_list":{"0":"post-390683","1":"product","2":"type-product","3":"status-publish","4":"has-post-thumbnail","6":"product_cat-batizados","7":"product_cat-caixas-de-pastelaria","8":"product_cat-caixas-para-bolachas-2","9":"product_cat-caixas-para-chocolates-2","10":"product_cat-caixas-para-macarons-2","11":"product_cat-casamentos-2","12":"product_cat-comunhoes","13":"product_cat-festas","14":"product_cat-natal-2","15":"product_cat-ordem-e-armazenamento","16":"product_cat-cajas-bombones","17":"product_cat-cajas-galletas","18":"product_cat-cajas-macarons","19":"product_cat-cajas","20":"product_cat-bodas","21":"product_cat-comuniones","22":"product_cat-bautizos","23":"product_cat-fiestas","24":"product_cat-navidad","25":"product_cat-utensilios","27":"first","28":"instock","29":"taxable","30":"shipping-taxable","31":"purchasable","32":"product-type-simple"},"acf":[],"df_price":9.37,"df_sale_price":"","df_regular_price":9.37,"df_image_link":"https:\/\/glotomania.com\/wp-content\/uploads\/2025\/10\/img_27674_f487a67641239d421e35b6d912be7744_1-300x300.jpg","brands":[],"_links":{"self":[{"href":"https:\/\/glotomania.com\/pt-pt\/wp-json\/wp\/v2\/product\/390683","targetHints":{"allow":["GET"]}}],"collection":[{"href":"https:\/\/glotomania.com\/pt-pt\/wp-json\/wp\/v2\/product"}],"about":[{"href":"https:\/\/glotomania.com\/pt-pt\/wp-json\/wp\/v2\/types\/product"}],"replies":[{"embeddable":true,"href":"https:\/\/glotomania.com\/pt-pt\/wp-json\/wp\/v2\/comments?post=390683"}],"wp:featuredmedia":[{"embeddable":true,"href":"https:\/\/glotomania.com\/pt-pt\/wp-json\/wp\/v2\/media\/209478"}],"wp:attachment":[{"href":"https:\/\/glotomania.com\/pt-pt\/wp-json\/wp\/v2\/media?parent=390683"}],"wp:term":[{"taxonomy":"pwb-brand","embeddable":true,"href":"https:\/\/glotomania.com\/pt-pt\/wp-json\/wp\/v2\/pwb-brand?post=390683"},{"taxonomy":"product_brand","embeddable":true,"href":"https:\/\/glotomania.com\/pt-pt\/wp-json\/wp\/v2\/product_brand?post=390683"},{"taxonomy":"product_cat","embeddable":true,"href":"https:\/\/glotomania.com\/pt-pt\/wp-json\/wp\/v2\/product_cat?post=390683"},{"taxonomy":"product_tag","embeddable":true,"href":"https:\/\/glotomania.com\/pt-pt\/wp-json\/wp\/v2\/product_tag?post=390683"}],"curies":[{"name":"wp","href":"https:\/\/api.w.org\/{rel}","templated":true}]}}