{"id":390698,"date":"2025-10-08T18:07:01","date_gmt":"2025-10-08T18:07:01","guid":{"rendered":"https:\/\/glotomania.com\/p\/cortador-de-acero-inoxidable-wilton-muneco-de-nieve-2\/"},"modified":"2026-04-14T05:38:39","modified_gmt":"2026-04-14T05:38:39","slug":"cortador-de-acero-inoxidable-wilton-muneco-de-nieve-2","status":"publish","type":"product","link":"https:\/\/glotomania.com\/pt-pt\/p\/cortador-de-acero-inoxidable-wilton-muneco-de-nieve-2\/","title":{"rendered":"Cortador De Biscoitos Em A\u00c7o Inoxid\u00c1vel Wilton &#8211; Boneco De Neve"},"content":{"rendered":"<p>&nbsp;<\/p>\n<p><span style=\"font-size: 14px\"><span>Fabricado em a&ccedil;o inoxid&aacute;vel resistente, este cortador oferece excelente durabilidade e um corte limpo em cada utiliza&ccedil;&atilde;o. O seu desenho de boneco de neve, um s&iacute;mbolo ic&oacute;nico do Natal, permite-lhe dar vida a doces e decora&ccedil;&otilde;es com um toque divertido e ador&aacute;vel ao mesmo tempo.&nbsp;<\/span><\/span><\/p>\n<p><span style=\"font-size: 14px\"><span>Este cortador &eacute; f&aacute;cil de usar e adequado para lavar na m&aacute;quina de lavar lou&ccedil;a, facilitando a sua limpeza e manuten&ccedil;&atilde;o.&nbsp;<\/span><\/span><\/p>\n<p><span style=\"font-size: 14px\"><span><strong>Dimens&otilde;es aproximadas:&nbsp;<\/strong>8,4 cm.<\/span><\/span><\/p>\n","protected":false},"excerpt":{"rendered":"<p>Torne as suas celebra\u00e7\u00f5es de Natal ainda mais ador\u00e1veis e divertidas com o cortador de biscoitos Wilton com desenho de boneco de neve de 8,4 cm.<\/p>\n","protected":false},"featured_media":209520,"comment_status":"open","ping_status":"closed","template":"","meta":{"_acf_changed":false},"pwb-brand":[],"product_brand":[],"product_cat":[3199,2907,2920,3087,1788,1849,1866,1767],"product_tag":[],"class_list":{"0":"post-390698","1":"product","2":"type-product","3":"status-publish","4":"has-post-thumbnail","6":"product_cat-cortadores-de-metal","7":"product_cat-festas","8":"product_cat-natal-2","9":"product_cat-ordem-e-armazenamento","10":"product_cat-cortadores-de-cobre","11":"product_cat-fiestas","12":"product_cat-navidad","13":"product_cat-utensilios","15":"first","16":"instock","17":"taxable","18":"shipping-taxable","19":"purchasable","20":"product-type-simple"},"acf":[],"df_price":1.61,"df_sale_price":1.61,"df_regular_price":2.3,"df_image_link":"https:\/\/glotomania.com\/wp-content\/uploads\/2025\/10\/img_27711_026ebd3ff75e758c2816d438671b26e6_1-300x300.jpg","brands":[],"_links":{"self":[{"href":"https:\/\/glotomania.com\/pt-pt\/wp-json\/wp\/v2\/product\/390698","targetHints":{"allow":["GET"]}}],"collection":[{"href":"https:\/\/glotomania.com\/pt-pt\/wp-json\/wp\/v2\/product"}],"about":[{"href":"https:\/\/glotomania.com\/pt-pt\/wp-json\/wp\/v2\/types\/product"}],"replies":[{"embeddable":true,"href":"https:\/\/glotomania.com\/pt-pt\/wp-json\/wp\/v2\/comments?post=390698"}],"wp:featuredmedia":[{"embeddable":true,"href":"https:\/\/glotomania.com\/pt-pt\/wp-json\/wp\/v2\/media\/209520"}],"wp:attachment":[{"href":"https:\/\/glotomania.com\/pt-pt\/wp-json\/wp\/v2\/media?parent=390698"}],"wp:term":[{"taxonomy":"pwb-brand","embeddable":true,"href":"https:\/\/glotomania.com\/pt-pt\/wp-json\/wp\/v2\/pwb-brand?post=390698"},{"taxonomy":"product_brand","embeddable":true,"href":"https:\/\/glotomania.com\/pt-pt\/wp-json\/wp\/v2\/product_brand?post=390698"},{"taxonomy":"product_cat","embeddable":true,"href":"https:\/\/glotomania.com\/pt-pt\/wp-json\/wp\/v2\/product_cat?post=390698"},{"taxonomy":"product_tag","embeddable":true,"href":"https:\/\/glotomania.com\/pt-pt\/wp-json\/wp\/v2\/product_tag?post=390698"}],"curies":[{"name":"wp","href":"https:\/\/api.w.org\/{rel}","templated":true}]}}